{"id":12626,"date":"2024-06-28T15:35:19","date_gmt":"2024-06-28T14:35:19","guid":{"rendered":"https:\/\/gopinkish.com\/?post_type=product&#038;p=12626"},"modified":"2026-05-12T17:28:34","modified_gmt":"2026-05-12T16:28:34","slug":"3337871325787","status":"publish","type":"product","link":"https:\/\/gopinkish.com\/fr\/produit\/3337871325787\/","title":{"rendered":"Cr\u00e8me solaire liquide pour le visage - pour les peaux grasses et mixtes"},"content":{"rendered":"<p style=\"text-align: justify;\">Vichy Capital Soleil Anti Shine Tinted Sunscreen SPF 50 a une texture l\u00e9g\u00e8re et matifiante qui filtre efficacement les rayons UVA et UVB. La formule rehausse et \u00e9claircit le teint. Les formules BB aident \u00e0 unifier le teint pour un teint naturel et uniforme. Elle est enrichie en Eau Thermale de Vichy qui apporte des propri\u00e9t\u00e9s apaisantes et revitalisantes. Elle offre un fini lisse, sec, teint\u00e9, sans brillance et r\u00e9sistant \u00e0 l'eau. Lutte contre le vieillissement pr\u00e9matur\u00e9 et les effets nocifs des rayons UV gr\u00e2ce au Mexoryl\u00ae, un syst\u00e8me de filtrage des UVA et des UVB. Convient aux peaux mixtes \u00e0 grasses et \u00e0 celles qui recherchent une protection solaire mate.<\/p>\n<p dir=\"ltr\" style=\"text-align: center;\">\ud83c\uddec\ud83c\udde7 Vichy Capital Soleil Fluide visage teint\u00e9 matifiant BB Dry Touch SPF50<br \/>\n\ud83c\uddeb\ud83c\uddf7 Fluide Teint\u00e9 Matifiant Toucher Sec SPF50 Vichy Capital Soleil<\/p>","protected":false},"excerpt":{"rendered":"<p>\u064a\u062a\u0645\u064a\u0632 \u0643\u0631\u064a\u0645 \u0627\u0644\u0648\u0642\u0627\u064a\u0629 \u0645\u0646 \u0627\u0644\u0634\u0645\u0633 Vichy Capital Soleil Anti Shine Tinted Sunscreen SPF 50 \u0628\u0642\u0648\u0627\u0645 \u062e\u0641\u064a\u0641 \u0645\u0636\u0627\u062f \u0644\u0644\u0645\u0639\u0627\u0646 \u064a\u0639\u0645\u0644 \u0639\u0644\u0649 \u062a\u0635\u0641\u064a\u0629 \u0623\u0634\u0639\u0629 UVA \u0648UVB \u0628\u0643\u0641\u0627\u0621\u0629. \u062a\u0639\u0645\u0644 \u0627\u0644\u062a\u0631\u0643\u064a\u0628\u0629 \u0639\u0644\u0649 \u062a\u0639\u0632\u064a\u0632 \u0648\u062a\u0641\u062a\u064a\u062d \u0644\u0648\u0646 \u0627\u0644\u0628\u0634\u0631\u0629. \u062a\u0633\u0627\u0639\u062f \u062a\u0631\u0643\u064a\u0628\u0627\u062a BB \u0639\u0644\u0649 \u062a\u0648\u062d\u064a\u062f \u0644\u0648\u0646 \u0627\u0644\u0628\u0634\u0631\u0629 \u0644\u0645\u0646\u062d\u0647\u0627 \u0644\u0648\u0646\u064b\u0627 \u0637\u0628\u064a\u0639\u064a\u064b\u0627 \u0648\u0645\u0648\u062d\u062f\u064b\u0627. \u0643\u0645\u0627 \u0623\u0646\u0647 \u063a\u0646\u064a \u0628\u0645\u064a\u0627\u0647 Vichy \u0627\u0644\u062d\u0631\u0627\u0631\u064a\u0629 \u0627\u0644\u062a\u064a \u062a\u0648\u0641\u0631 \u062e\u0635\u0627\u0626\u0635 \u0645\u0647\u062f\u0626\u0629 \u0648\u0645\u0646\u0634\u0637\u0629. \u064a\u062a\u0645\u064a\u0632 [&hellip;]<\/p>\n","protected":false},"featured_media":15619,"template":"","meta":[],"pwb-brand":[243],"product_brand":[],"product_cat":[1144],"product_tag":[689,695],"class_list":{"0":"post-12626","1":"product","2":"type-product","3":"status-publish","4":"has-post-thumbnail","6":"pwb-brand-vichy","7":"product_cat-face-sunscreen","8":"product_tag-oily","9":"product_tag-mixedskin","11":"first","12":"instock","13":"purchasable","14":"product-type-variable","15":"wvs-archive-product-wrapper"},"brands":[{"id":243,"name":"Vichy","slug":"vichy"}],"_links":{"self":[{"href":"https:\/\/gopinkish.com\/fr\/wp-json\/wp\/v2\/product\/12626","targetHints":{"allow":["GET"]}}],"collection":[{"href":"https:\/\/gopinkish.com\/fr\/wp-json\/wp\/v2\/product"}],"about":[{"href":"https:\/\/gopinkish.com\/fr\/wp-json\/wp\/v2\/types\/product"}],"wp:featuredmedia":[{"embeddable":true,"href":"https:\/\/gopinkish.com\/fr\/wp-json\/wp\/v2\/media\/15619"}],"wp:attachment":[{"href":"https:\/\/gopinkish.com\/fr\/wp-json\/wp\/v2\/media?parent=12626"}],"wp:term":[{"taxonomy":"pwb-brand","embeddable":true,"href":"https:\/\/gopinkish.com\/fr\/wp-json\/wp\/v2\/pwb-brand?post=12626"},{"taxonomy":"product_brand","embeddable":true,"href":"https:\/\/gopinkish.com\/fr\/wp-json\/wp\/v2\/product_brand?post=12626"},{"taxonomy":"product_cat","embeddable":true,"href":"https:\/\/gopinkish.com\/fr\/wp-json\/wp\/v2\/product_cat?post=12626"},{"taxonomy":"product_tag","embeddable":true,"href":"https:\/\/gopinkish.com\/fr\/wp-json\/wp\/v2\/product_tag?post=12626"}],"curies":[{"name":"wp","href":"https:\/\/api.w.org\/{rel}","templated":true}]}}