{"id":12612,"date":"2024-06-28T15:35:19","date_gmt":"2024-06-28T14:35:19","guid":{"rendered":"https:\/\/gopinkish.com\/?post_type=product&#038;p=12612"},"modified":"2026-04-20T13:39:02","modified_gmt":"2026-04-20T12:39:02","slug":"3337875585231","status":"publish","type":"product","link":"https:\/\/gopinkish.com\/fr\/produit\/3337875585231\/","title":{"rendered":"Cr\u00e8me solaire anti-\u00e2ge pour peaux sensibles"},"content":{"rendered":"<p style=\"text-align: justify;\">Un \u00e9cran solaire \u00e0 large spectre avec un FPS 50 ultra-\u00e9lev\u00e9 pour prot\u00e9ger la peau sensible du visage contre les effets du soleil. Enrichie en antioxydants, dont le th\u00e9 noir, la vitamine C et l'eau min\u00e9rale thermale de Vichy, la formule combat les signes visibles du vieillissement, notamment l'apparition des rides, la perte d'\u00e9lasticit\u00e9 et l'aspect terne, pour un teint radieux et lisse. Sp\u00e9cialement formul\u00e9e pour les peaux matures, la formule aide \u00e0 cibler l'apparence du vieillissement, notamment les ridules et le manque de fermet\u00e9, tout en offrant une protection \u00e0 large spectre gr\u00e2ce \u00e0 un SPF50 ultra-\u00e9lev\u00e9.<\/p>\n<p dir=\"ltr\" style=\"text-align: center;\">\ud83c\uddec\ud83c\udde7 Vichy Capital Soleil Anti-Age 3-en-1 Cr\u00e8me Antioxydante Quotidienne SPF50<br \/>\n\ud83c\uddeb\ud83c\uddf7 Cr\u00e8me Antioxydante Anti-\u00a8ge 3-en-1 SPF50 Vichy Capital Soleil<\/p>","protected":false},"excerpt":{"rendered":"<p>\u0648\u0627\u0642\u064a \u0634\u0645\u0633\u064a \u0648\u0627\u0633\u0639 \u0627\u0644\u0637\u064a\u0641 \u0628\u0639\u0627\u0645\u0644 \u062d\u0645\u0627\u064a\u0629 \u0645\u0646 \u0627\u0644\u0634\u0645\u0633 SPF50 \u0639\u0627\u0644\u064a \u062c\u062f\u064b\u0627 \u0644\u062d\u0645\u0627\u064a\u0629 \u0628\u0634\u0631\u0629 \u0627\u0644\u0648\u062c\u0647 \u0627\u0644\u062d\u0633\u0627\u0633\u0629 \u0645\u0646 \u0622\u062b\u0627\u0631 \u0627\u0644\u0634\u064a\u062e\u0648\u062e\u0629 \u0627\u0644\u0646\u0627\u062a\u062c\u0629 \u0639\u0646 \u0627\u0644\u0634\u0645\u0633. \u063a\u0646\u064a \u0628\u0645\u0636\u0627\u062f\u0627\u062a \u0627\u0644\u0623\u0643\u0633\u062f\u0629 \u0628\u0645\u0627 \u0641\u064a \u0630\u0644\u0643 \u0627\u0644\u0634\u0627\u064a \u0627\u0644\u0623\u0633\u0648\u062f \u0648\u0641\u064a\u062a\u0627\u0645\u064a\u0646 \u0633\u064a \u0648\u0645\u064a\u0627\u0647 \u0641\u064a\u0634\u064a \u0627\u0644\u062d\u0631\u0627\u0631\u064a\u0629 \u0627\u0644\u0645\u0639\u062f\u0646\u064a\u0629\u060c \u0623\u062b\u0628\u062a\u062a \u0627\u0644\u062a\u0631\u0643\u064a\u0628\u0629 \u0642\u062f\u0631\u062a\u0647\u0627 \u0639\u0644\u0649 \u0645\u0643\u0627\u0641\u062d\u0629 \u0639\u0644\u0627\u0645\u0627\u062a \u0627\u0644\u0634\u064a\u062e\u0648\u062e\u0629 \u0627\u0644\u0645\u0631\u0626\u064a\u0629 \u0628\u0645\u0627 \u0641\u064a \u0630\u0644\u0643 \u0638\u0647\u0648\u0631 \u0627\u0644\u062a\u062c\u0627\u0639\u064a\u062f \u0648\u0641\u0642\u062f\u0627\u0646 \u0627\u0644\u0645\u0631\u0648\u0646\u0629 \u0648\u0627\u0644\u0628\u0647\u062a\u0627\u0646\u060c \u0644\u0644\u062d\u0635\u0648\u0644 \u0639\u0644\u0649 \u0628\u0634\u0631\u0629 \u0645\u0634\u0631\u0642\u0629 [&hellip;]<\/p>\n","protected":false},"featured_media":15281,"template":"","meta":[],"pwb-brand":[243],"product_brand":[],"product_cat":[1144],"product_tag":[1013,717],"class_list":{"0":"post-12612","1":"product","2":"type-product","3":"status-publish","4":"has-post-thumbnail","6":"pwb-brand-vichy","7":"product_cat-face-sunscreen","8":"product_tag-1013","9":"product_tag-717","11":"first","12":"instock","13":"purchasable","14":"product-type-variable","15":"has-default-attributes","16":"wvs-archive-product-wrapper"},"brands":[{"id":243,"name":"Vichy","slug":"vichy"}],"_links":{"self":[{"href":"https:\/\/gopinkish.com\/fr\/wp-json\/wp\/v2\/product\/12612","targetHints":{"allow":["GET"]}}],"collection":[{"href":"https:\/\/gopinkish.com\/fr\/wp-json\/wp\/v2\/product"}],"about":[{"href":"https:\/\/gopinkish.com\/fr\/wp-json\/wp\/v2\/types\/product"}],"wp:featuredmedia":[{"embeddable":true,"href":"https:\/\/gopinkish.com\/fr\/wp-json\/wp\/v2\/media\/15281"}],"wp:attachment":[{"href":"https:\/\/gopinkish.com\/fr\/wp-json\/wp\/v2\/media?parent=12612"}],"wp:term":[{"taxonomy":"pwb-brand","embeddable":true,"href":"https:\/\/gopinkish.com\/fr\/wp-json\/wp\/v2\/pwb-brand?post=12612"},{"taxonomy":"product_brand","embeddable":true,"href":"https:\/\/gopinkish.com\/fr\/wp-json\/wp\/v2\/product_brand?post=12612"},{"taxonomy":"product_cat","embeddable":true,"href":"https:\/\/gopinkish.com\/fr\/wp-json\/wp\/v2\/product_cat?post=12612"},{"taxonomy":"product_tag","embeddable":true,"href":"https:\/\/gopinkish.com\/fr\/wp-json\/wp\/v2\/product_tag?post=12612"}],"curies":[{"name":"wp","href":"https:\/\/api.w.org\/{rel}","templated":true}]}}