{"id":12604,"date":"2026-04-25T15:35:19","date_gmt":"2026-04-25T14:35:19","guid":{"rendered":"https:\/\/gopinkish.com\/?post_type=product&#038;p=12604"},"modified":"2026-04-30T13:47:16","modified_gmt":"2026-04-30T12:47:16","slug":"3337875847292","status":"publish","type":"product","link":"https:\/\/gopinkish.com\/fr\/produit\/3337875847292\/","title":{"rendered":"Cr\u00e8me solaire liquide \u00e0 protection maximale pour les peaux grasses"},"content":{"rendered":"<p style=\"text-align: justify;\">OIL CONTROL Liquid Sunscreen for Face est une cr\u00e8me solaire ultra-haute protection SPF 50+ \u00e0 la texture fluide et ultra-l\u00e9g\u00e8re. Le filtre UV Mexoryl 400 est le filtre le plus puissant contre les rayons UVA.<\/p>\n<p style=\"text-align: justify;\">Offre une protection UVA+UVB+UVB+UVA de longue dur\u00e9e.<\/p>\n<p style=\"text-align: justify;\"><strong>Avantages et caract\u00e9ristiques du produit :<\/strong><br \/>\nCet \u00e9cran solaire liquide contr\u00f4l\u00e9 par l'huile avec UVMUNE 400 \u00e0 l'eau thermale de La Roche-Posay est un traitement du visage avec SPF50+.<br \/>\nProtection extr\u00eamement \u00e9lev\u00e9e contre les UVA, les UVB et les UVA<br \/>\nSuper r\u00e9sistant : Eau, sueur et sable<br \/>\nEffet mat pendant 12 heures<br \/>\nParfum\u00e9e<br \/>\nConsistance liquide tr\u00e8s l\u00e9g\u00e8re<br \/>\nPas de traces blanches<br \/>\nNon gras<\/p>\n<p style=\"text-align: justify;\">Test\u00e9 sur les peaux sensibles, r\u00e9actives et intol\u00e9rantes au soleil. Efficacit\u00e9 cliniquement prouv\u00e9e.<\/p>\n<p dir=\"ltr\" style=\"text-align: center;\">\nLa Roche Posay Anthelios UVmune 400 Fluide Oil Control 50+ SPF<\/p>","protected":false},"excerpt":{"rendered":"<p>\u0648\u0627\u0642\u064a \u0627\u0644\u0634\u0645\u0633 \u0627\u0644\u0633\u0627\u0626\u0644 \u0644\u0644\u0648\u062c\u0647 OIL CONTROL \u0630\u0648 \u062d\u0645\u0627\u064a\u0629 \u0639\u0627\u0644\u064a\u0629 \u062c\u062f\u064b\u0627 \u0628\u0639\u0627\u0645\u0644 \u062d\u0645\u0627\u064a\u0629 \u0645\u0646 \u0627\u0644\u0634\u0645\u0633 SPF 50+\u060c \u0645\u0639 \u0645\u0644\u0645\u0633 \u0633\u0627\u0626\u0644 \u0648\u062e\u0641\u064a\u0641 \u0644\u0644\u063a\u0627\u064a\u0629. \u064a\u0639\u062f \u0645\u0631\u0634\u062d Mexoryl 400 \u0644\u0644\u0623\u0634\u0639\u0629 \u0641\u0648\u0642 \u0627\u0644\u0628\u0646\u0641\u0633\u062c\u064a\u0629 \u0628\u0645\u062b\u0627\u0628\u0629 \u0627\u0644\u0645\u0631\u0634\u062d \u0627\u0644\u0623\u0642\u0648\u0649 \u0636\u062f \u0627\u0644\u0623\u0634\u0639\u0629 \u0641\u0648\u0642 \u0627\u0644\u0628\u0646\u0641\u0633\u062c\u064a\u0629 \u0637\u0648\u064a\u0644\u0629 \u0627\u0644\u0645\u062f\u0649. \u064a\u0648\u0641\u0631 \u062d\u0645\u0627\u064a\u0629 \u0637\u0648\u064a\u0644\u0629 \u062c\u062f\u064b\u0627 \u0645\u0646 \u0627\u0644\u0623\u0634\u0639\u0629 \u0641\u0648\u0642 \u0627\u0644\u0628\u0646\u0641\u0633\u062c\u064a\u0629 \u0641\u0626\u0629 A+UVB+UVA. \u0641\u0648\u0627\u0626\u062f \u0648 \u0645\u0645\u064a\u0632\u0627\u062a \u0627\u0644\u0645\u0646\u062a\u062c: \u064a\u0639\u062a\u0628\u0631 \u0648\u0627\u0642\u064a \u0627\u0644\u0634\u0645\u0633 \u0627\u0644\u0633\u0627\u0626\u0644 [&hellip;]<\/p>\n","protected":false},"featured_media":15373,"template":"","meta":[],"pwb-brand":[225],"product_brand":[],"product_cat":[1144],"product_tag":[688,689,717],"class_list":{"0":"post-12604","1":"product","2":"type-product","3":"status-publish","4":"has-post-thumbnail","6":"pwb-brand-la-roche-posay","7":"product_cat-face-sunscreen","8":"product_tag-sensitive","9":"product_tag-oily","10":"product_tag-717","12":"first","13":"instock","14":"purchasable","15":"product-type-variable","16":"has-default-attributes","17":"wvs-archive-product-wrapper"},"brands":[{"id":225,"name":"La Roche Posay","slug":"la-roche-posay"}],"_links":{"self":[{"href":"https:\/\/gopinkish.com\/fr\/wp-json\/wp\/v2\/product\/12604","targetHints":{"allow":["GET"]}}],"collection":[{"href":"https:\/\/gopinkish.com\/fr\/wp-json\/wp\/v2\/product"}],"about":[{"href":"https:\/\/gopinkish.com\/fr\/wp-json\/wp\/v2\/types\/product"}],"wp:featuredmedia":[{"embeddable":true,"href":"https:\/\/gopinkish.com\/fr\/wp-json\/wp\/v2\/media\/15373"}],"wp:attachment":[{"href":"https:\/\/gopinkish.com\/fr\/wp-json\/wp\/v2\/media?parent=12604"}],"wp:term":[{"taxonomy":"pwb-brand","embeddable":true,"href":"https:\/\/gopinkish.com\/fr\/wp-json\/wp\/v2\/pwb-brand?post=12604"},{"taxonomy":"product_brand","embeddable":true,"href":"https:\/\/gopinkish.com\/fr\/wp-json\/wp\/v2\/product_brand?post=12604"},{"taxonomy":"product_cat","embeddable":true,"href":"https:\/\/gopinkish.com\/fr\/wp-json\/wp\/v2\/product_cat?post=12604"},{"taxonomy":"product_tag","embeddable":true,"href":"https:\/\/gopinkish.com\/fr\/wp-json\/wp\/v2\/product_tag?post=12604"}],"curies":[{"name":"wp","href":"https:\/\/api.w.org\/{rel}","templated":true}]}}