{"id":12596,"date":"2024-06-28T15:35:19","date_gmt":"2024-06-28T14:35:19","guid":{"rendered":"https:\/\/gopinkish.com\/?post_type=product&#038;p=12596"},"modified":"2026-01-01T12:35:01","modified_gmt":"2026-01-01T11:35:01","slug":"3337875546669","status":"publish","type":"product","link":"https:\/\/gopinkish.com\/fr\/produit\/3337875546669\/","title":{"rendered":"Gel apr\u00e8s-soleil rafra\u00eechissant et apaisant \u00e0 effet imm\u00e9diat"},"content":{"rendered":"<p style=\"text-align: justify;\">Lotion gel apaisante et hydratante de 48 heures \u00e0 la vitamine E. Effet rafra\u00eechissant instantan\u00e9 pour soulager les coups de soleil.<\/p>\n<p style=\"text-align: justify;\">Un gel apr\u00e8s-soleil hydratant et apaisant qui procure un effet rafra\u00eechissant instantan\u00e9 pour soulager les coups de soleil. Cette lotion apr\u00e8s-soleil continue \u00e0 prot\u00e9ger votre peau apr\u00e8s l'exposition au soleil et offre 48 heures d'hydratation. L'effet rafra\u00eechissant \u00e9quivaut \u00e0 -3,6\u00b0C, deux minutes apr\u00e8s l'application. Formul\u00e9 avec de l'eau thermale, de l'aloe vera et de la vitamine E pour une protection hydratante et antioxydante.<\/p>\n<p dir=\"ltr\" style=\"text-align: center;\">\ud83c\uddec\ud83c\udde7 La Roche-Posay Posthelios Hydra Gel Anti-Oxidant (Apr\u00e8s-Soleil, Visage &amp; Corps)<br \/>\n\ud83c\uddeb\ud83c\uddf7 La Roche-Posay Posthelios Gel Hydra Anti-Oxydant (Apr\u00e8s-Soleil, Visage &amp; Corps)<\/p>","protected":false},"excerpt":{"rendered":"<p><span style=\"color: #ff0000;\"><strong>Date d'expiration : Mars 2026<\/strong><\/span><\/p>","protected":false},"featured_media":15380,"template":"","meta":[],"pwb-brand":[225],"product_brand":[],"product_cat":[1225,1137,1145],"product_tag":[717],"class_list":{"0":"post-12596","1":"product","2":"type-product","3":"status-publish","4":"has-post-thumbnail","6":"pwb-brand-la-roche-posay","7":"product_cat-sale","8":"product_cat-body-moist","9":"product_cat-body-sunscreen","10":"product_tag-717","11":"pa_-200-","13":"first","14":"outofstock","15":"product-type-variable","16":"has-default-attributes","17":"wvs-archive-product-wrapper"},"brands":[{"id":225,"name":"La Roche Posay","slug":"la-roche-posay"}],"_links":{"self":[{"href":"https:\/\/gopinkish.com\/fr\/wp-json\/wp\/v2\/product\/12596","targetHints":{"allow":["GET"]}}],"collection":[{"href":"https:\/\/gopinkish.com\/fr\/wp-json\/wp\/v2\/product"}],"about":[{"href":"https:\/\/gopinkish.com\/fr\/wp-json\/wp\/v2\/types\/product"}],"wp:featuredmedia":[{"embeddable":true,"href":"https:\/\/gopinkish.com\/fr\/wp-json\/wp\/v2\/media\/15380"}],"wp:attachment":[{"href":"https:\/\/gopinkish.com\/fr\/wp-json\/wp\/v2\/media?parent=12596"}],"wp:term":[{"taxonomy":"pwb-brand","embeddable":true,"href":"https:\/\/gopinkish.com\/fr\/wp-json\/wp\/v2\/pwb-brand?post=12596"},{"taxonomy":"product_brand","embeddable":true,"href":"https:\/\/gopinkish.com\/fr\/wp-json\/wp\/v2\/product_brand?post=12596"},{"taxonomy":"product_cat","embeddable":true,"href":"https:\/\/gopinkish.com\/fr\/wp-json\/wp\/v2\/product_cat?post=12596"},{"taxonomy":"product_tag","embeddable":true,"href":"https:\/\/gopinkish.com\/fr\/wp-json\/wp\/v2\/product_tag?post=12596"}],"curies":[{"name":"wp","href":"https:\/\/api.w.org\/{rel}","templated":true}]}}