{"id":12594,"date":"2024-06-28T15:35:19","date_gmt":"2024-06-28T14:35:19","guid":{"rendered":"https:\/\/gopinkish.com\/?post_type=product&#038;p=12594"},"modified":"2025-04-13T23:40:16","modified_gmt":"2025-04-13T22:40:16","slug":"3337875685832","status":"publish","type":"product","link":"https:\/\/gopinkish.com\/fr\/produit\/3337875685832\/","title":{"rendered":"Lait corporel lissant au beurre de karit\u00e9 anti-floconneux et anti-irritant"},"content":{"rendered":"<p style=\"text-align: justify;\">Le lait lissant Iso-Urea aide \u00e0 \u00e9liminer les squames pour lisser et adoucir les zones rugueuses et r\u00e9duire l'apparence de la peau squameuse.<\/p>\n<p style=\"text-align: justify;\"><strong>Raisons de l'utilisation :<\/strong> Peau s\u00e8che<\/p>\n<p style=\"text-align: justify;\"><strong>Type de peau : <\/strong>Peau normale \u00e0 mixte - convient aux peaux sensibles<\/p>\n<p style=\"text-align: justify;\"><strong>L'\u00e2ge : <\/strong>A partir de 12 ans<\/p>","protected":false},"excerpt":{"rendered":"<p>\u064a\u0633\u0627\u0639\u062f \u062d\u0644\u064a\u0628 \u0627\u0644\u062a\u0646\u0639\u064a\u0645 Iso-Urea \u0639\u0644\u0649 \u0627\u0644\u062a\u062e\u0644\u0635 \u0645\u0646 \u0627\u0644\u0642\u0634\u0648\u0631 \u0644\u062a\u0646\u0639\u064a\u0645 \u0648\u062a\u0646\u0639\u064a\u0645 \u0627\u0644\u0645\u0646\u0627\u0637\u0642 \u0627\u0644\u062e\u0634\u0646\u0629 \u0648\u062a\u0642\u0644\u064a\u0644 \u0627\u0644\u0645\u0638\u0647\u0631 \u0627\u0644\u0645\u062d\u0628\u0628 \u0644\u0644\u0628\u0634\u0631\u0629. \u062f\u0648\u0627\u0639\u064a \u0627\u0644\u0625\u0633\u062a\u0639\u0645\u0627\u0644: \u062c\u0641\u0627\u0641 \u0627\u0644\u062c\u0644\u062f \u0646\u0648\u0639 \u0627\u0644\u062c\u0644\u062f: \u0627\u0644\u0628\u0634\u0631\u0629 \u0627\u0644\u0639\u0627\u062f\u064a\u0629 \u0625\u0644\u0649 \u0627\u0644\u0645\u062e\u062a\u0644\u0637\u0629 &#8211; \u0645\u0646\u0627\u0633\u0628 \u0644\u0644\u0628\u0634\u0631\u0629 \u0627\u0644\u062d\u0633\u0627\u0633\u0629 \u0627\u0644\u0633\u0646 : \u0645\u0646 12 \u0633\u0646\u0629 \u0641\u0645\u0627 \u0641\u0648\u0642<\/p>","protected":false},"featured_media":14105,"template":"","meta":[],"pwb-brand":[225],"product_brand":[],"product_cat":[1137,1121],"product_tag":[1011,680],"class_list":{"0":"post-12594","1":"product","2":"type-product","3":"status-publish","4":"has-post-thumbnail","6":"pwb-brand-la-roche-posay","7":"product_cat-body-moist","8":"product_cat-face-moist","9":"product_tag-1011","10":"product_tag-dryness","11":"pa_-200-","13":"first","14":"outofstock","15":"product-type-variable","16":"has-default-attributes","17":"wvs-archive-product-wrapper"},"brands":[{"id":225,"name":"La Roche Posay","slug":"la-roche-posay"}],"_links":{"self":[{"href":"https:\/\/gopinkish.com\/fr\/wp-json\/wp\/v2\/product\/12594","targetHints":{"allow":["GET"]}}],"collection":[{"href":"https:\/\/gopinkish.com\/fr\/wp-json\/wp\/v2\/product"}],"about":[{"href":"https:\/\/gopinkish.com\/fr\/wp-json\/wp\/v2\/types\/product"}],"wp:featuredmedia":[{"embeddable":true,"href":"https:\/\/gopinkish.com\/fr\/wp-json\/wp\/v2\/media\/14105"}],"wp:attachment":[{"href":"https:\/\/gopinkish.com\/fr\/wp-json\/wp\/v2\/media?parent=12594"}],"wp:term":[{"taxonomy":"pwb-brand","embeddable":true,"href":"https:\/\/gopinkish.com\/fr\/wp-json\/wp\/v2\/pwb-brand?post=12594"},{"taxonomy":"product_brand","embeddable":true,"href":"https:\/\/gopinkish.com\/fr\/wp-json\/wp\/v2\/product_brand?post=12594"},{"taxonomy":"product_cat","embeddable":true,"href":"https:\/\/gopinkish.com\/fr\/wp-json\/wp\/v2\/product_cat?post=12594"},{"taxonomy":"product_tag","embeddable":true,"href":"https:\/\/gopinkish.com\/fr\/wp-json\/wp\/v2\/product_tag?post=12594"}],"curies":[{"name":"wp","href":"https:\/\/api.w.org\/{rel}","templated":true}]}}