{"id":12575,"date":"2024-06-28T15:35:10","date_gmt":"2024-06-28T14:35:10","guid":{"rendered":"https:\/\/gopinkish.com\/?post_type=product&#038;p=12575"},"modified":"2025-07-14T17:10:19","modified_gmt":"2025-07-14T16:10:19","slug":"3337875794107","status":"publish","type":"product","link":"https:\/\/gopinkish.com\/fr\/produit\/3337875794107\/","title":{"rendered":"Hydrafase HA BB Cr\u00e8me hydratante teint\u00e9e"},"content":{"rendered":"<p style=\"text-align: justify;\">Hydraphase HA BB 48 hydrate les peaux s\u00e8ches et tr\u00e8s s\u00e8ches et aide \u00e0 retrouver un teint \u00e9clatant. Sa texture onctueuse et non grasse est enrichie en acide hyaluronique issu de la technologie verte et en pigments min\u00e9raux qui se fondent dans la peau et s'adaptent \u00e0 la carnation pour un teint unifi\u00e9.<\/p>\n<div id=\"gtx-trans\" style=\"position: absolute; left: 617px; top: 48.6px;\">\n<div class=\"gtx-trans-icon\" style=\"text-align: justify;\"><\/div>\n<\/div>","protected":false},"excerpt":{"rendered":"<p>Hydraphase HA BB 48 hydrate les peaux s\u00e8ches et tr\u00e8s s\u00e8ches et aide \u00e0 retrouver un teint \u00e9clatant. Sa texture onctueuse et non grasse est enrichie en acide hyaluronique issu de la technologie verte et en pigments min\u00e9raux qui se fondent dans la peau et s'adaptent \u00e0 la carnation pour un teint unifi\u00e9.<\/p>","protected":false},"featured_media":14093,"template":"","meta":[],"pwb-brand":[225],"product_brand":[],"product_cat":[1171,1121],"product_tag":[696,680],"class_list":{"0":"post-12575","1":"product","2":"type-product","3":"status-publish","4":"has-post-thumbnail","6":"pwb-brand-la-roche-posay","7":"product_cat-bb-cc-makeup","8":"product_cat-face-moist","9":"product_tag-dryskin","10":"product_tag-dryness","11":"pa_-40-","13":"first","14":"outofstock","15":"product-type-variable","16":"has-default-attributes","17":"wvs-archive-product-wrapper"},"brands":[{"id":225,"name":"La Roche Posay","slug":"la-roche-posay"}],"_links":{"self":[{"href":"https:\/\/gopinkish.com\/fr\/wp-json\/wp\/v2\/product\/12575","targetHints":{"allow":["GET"]}}],"collection":[{"href":"https:\/\/gopinkish.com\/fr\/wp-json\/wp\/v2\/product"}],"about":[{"href":"https:\/\/gopinkish.com\/fr\/wp-json\/wp\/v2\/types\/product"}],"wp:featuredmedia":[{"embeddable":true,"href":"https:\/\/gopinkish.com\/fr\/wp-json\/wp\/v2\/media\/14093"}],"wp:attachment":[{"href":"https:\/\/gopinkish.com\/fr\/wp-json\/wp\/v2\/media?parent=12575"}],"wp:term":[{"taxonomy":"pwb-brand","embeddable":true,"href":"https:\/\/gopinkish.com\/fr\/wp-json\/wp\/v2\/pwb-brand?post=12575"},{"taxonomy":"product_brand","embeddable":true,"href":"https:\/\/gopinkish.com\/fr\/wp-json\/wp\/v2\/product_brand?post=12575"},{"taxonomy":"product_cat","embeddable":true,"href":"https:\/\/gopinkish.com\/fr\/wp-json\/wp\/v2\/product_cat?post=12575"},{"taxonomy":"product_tag","embeddable":true,"href":"https:\/\/gopinkish.com\/fr\/wp-json\/wp\/v2\/product_tag?post=12575"}],"curies":[{"name":"wp","href":"https:\/\/api.w.org\/{rel}","templated":true}]}}