{"id":12539,"date":"2024-06-28T15:35:00","date_gmt":"2024-06-28T14:35:00","guid":{"rendered":"https:\/\/gopinkish.com\/?post_type=product&#038;p=12539"},"modified":"2026-04-02T17:41:11","modified_gmt":"2026-04-02T16:41:11","slug":"3282770149524","status":"publish","type":"product","link":"https:\/\/gopinkish.com\/fr\/produit\/3282770149524\/","title":{"rendered":"Cr\u00e8me solaire teint\u00e9e SPF 50+ Skin Tone"},"content":{"rendered":"<p style=\"text-align: justify;\"><strong>Tr\u00e8s haute protection solaire SPF50+, teint\u00e9e et standardis\u00e9e pour les peaux s\u00e8ches et sensibles. Formul\u00e9 avec TriAsorB\u2122, un filtre solaire brevet\u00e9 qui prot\u00e8ge des rayons UV et de la lumi\u00e8re bleue jusqu'\u00e0 450nm.<\/strong><\/p>\n<p style=\"text-align: justify;\">Cette cr\u00e8me teint\u00e9e et standardis\u00e9e SPF 50+ offre une protection solaire quotidienne \u00e0 large spectre. Elle est id\u00e9ale pour les peaux s\u00e8ches et sensibles du visage. Sa texture velout\u00e9e et fondante permet d'hydrater le visage jusqu'\u00e0 8 heures, laissant la peau nourrie et douce au toucher. Sa teinte naturelle s'adapte \u00e0 la plupart des carnations et unifie le teint au quotidien pour cr\u00e9er une excellente base de maquillage. La formule est \u00e9galement r\u00e9sistante \u00e0 l'eau.<\/p>\n<p style=\"text-align: justify;\">Ce traitement solaire comprend TriAsorB\u2122, un filtre solaire \u00e0 bande ultra large qui prot\u00e8ge des rayons UV et de la lumi\u00e8re bleue, qui acc\u00e9l\u00e8re le vieillissement de la peau.<br \/>\nCette innovation permet de r\u00e9duire les dommages cellulaires caus\u00e9s par le rayonnement solaire de 95% et contribue ainsi \u00e0 lutter efficacement contre les dommages caus\u00e9s par le soleil et les l\u00e9sions cutan\u00e9es visibles.<\/p>\n<p dir=\"ltr\" style=\"text-align: center;\">\ud83c\uddec\ud83c\udde7 Av\u00e8ne SPF50+ Cr\u00e8me Teint\u00e9e<br \/>\n\ud83c\uddeb\ud83c\uddf7 Cr\u00e8me Teint\u00e9e SPF50+ Av\u00e8ne<\/p>","protected":false},"excerpt":{"rendered":"<p><span style=\"color: #ff0000;\"><strong>Date d'expiration du produit : d\u00e9cembre 2026<\/strong><\/span><\/p>","protected":false},"featured_media":15636,"template":"","meta":[],"pwb-brand":[253],"product_brand":[],"product_cat":[1225,1144],"product_tag":[696,688],"class_list":{"0":"post-12539","1":"product","2":"type-product","3":"status-publish","4":"has-post-thumbnail","6":"pwb-brand-avene","7":"product_cat-sale","8":"product_cat-face-sunscreen","9":"product_tag-dryskin","10":"product_tag-sensitive","12":"first","13":"outofstock","14":"product-type-variable","15":"has-default-attributes","16":"wvs-archive-product-wrapper"},"brands":[{"id":253,"name":"Av\u00e8ne","slug":"avene"}],"_links":{"self":[{"href":"https:\/\/gopinkish.com\/fr\/wp-json\/wp\/v2\/product\/12539","targetHints":{"allow":["GET"]}}],"collection":[{"href":"https:\/\/gopinkish.com\/fr\/wp-json\/wp\/v2\/product"}],"about":[{"href":"https:\/\/gopinkish.com\/fr\/wp-json\/wp\/v2\/types\/product"}],"wp:featuredmedia":[{"embeddable":true,"href":"https:\/\/gopinkish.com\/fr\/wp-json\/wp\/v2\/media\/15636"}],"wp:attachment":[{"href":"https:\/\/gopinkish.com\/fr\/wp-json\/wp\/v2\/media?parent=12539"}],"wp:term":[{"taxonomy":"pwb-brand","embeddable":true,"href":"https:\/\/gopinkish.com\/fr\/wp-json\/wp\/v2\/pwb-brand?post=12539"},{"taxonomy":"product_brand","embeddable":true,"href":"https:\/\/gopinkish.com\/fr\/wp-json\/wp\/v2\/product_brand?post=12539"},{"taxonomy":"product_cat","embeddable":true,"href":"https:\/\/gopinkish.com\/fr\/wp-json\/wp\/v2\/product_cat?post=12539"},{"taxonomy":"product_tag","embeddable":true,"href":"https:\/\/gopinkish.com\/fr\/wp-json\/wp\/v2\/product_tag?post=12539"}],"curies":[{"name":"wp","href":"https:\/\/api.w.org\/{rel}","templated":true}]}}