{"id":12521,"date":"2024-06-28T15:35:00","date_gmt":"2024-06-28T14:35:00","guid":{"rendered":"https:\/\/gopinkish.com\/?post_type=product&#038;p=12521"},"modified":"2024-10-27T23:52:26","modified_gmt":"2024-10-27T22:52:26","slug":"3600541309371","status":"publish","type":"product","link":"https:\/\/gopinkish.com\/fr\/produit\/3600541309371\/","title":{"rendered":"Spray bronzant SPF30"},"content":{"rendered":"<p>Ideal Bronze est un spray \u00e0 double action : Protecteur + R\u00e9v\u00e9lateur de bronzage. Il prot\u00e8ge efficacement contre les rayons UVA et UVB. Sa formule est enrichie d'une gamme de boosters de m\u00e9lanine qui aident \u00e0 stimuler la production naturelle de m\u00e9lanine responsable du bronzage. Sa formule hydratante nourrit la peau pour un bronzage lumineux, uniforme et durable.<\/p>\n<p>Sans paraben - non gras - r\u00e9sistant \u00e0 l'eau<\/p>","protected":false},"excerpt":{"rendered":"<p>Ideal Bronze \u0628\u062e\u0627\u062e \u0645\u0632\u062f\u0648\u062c \u0627\u0644\u0645\u0641\u0639\u0648\u0644: \u0648\u0627\u0642\u064a + \u0645\u064f\u0637\u0648\u0650\u0651\u0631 \u0644\u0644\u062a\u0633\u0645\u064a\u0631. \u064a\u062d\u0645\u064a \u0628\u0641\u0639\u0627\u0644\u064a\u0629 \u0645\u0646 \u0623\u0634\u0639\u0629 UVA \u0648UVB. \u062a\u0631\u0643\u064a\u0628\u062a\u0647 \u063a\u0646\u064a\u0629 \u0628\u0645\u062c\u0645\u0648\u0639\u0629 \u0645\u0646 \u0645\u0639\u0632\u0632\u0627\u062a \u0627\u0644\u0645\u064a\u0644\u0627\u0646\u064a\u0646 \u0627\u0644\u062a\u064a \u062a\u0633\u0627\u0639\u062f \u0639\u0644\u0649 \u062a\u062d\u0641\u064a\u0632 \u0627\u0644\u0625\u0646\u062a\u0627\u062c \u0627\u0644\u0637\u0628\u064a\u0639\u064a \u0644\u0644\u0645\u064a\u0644\u0627\u0646\u064a\u0646 \u0627\u0644\u0645\u0633\u0624\u0648\u0644 \u0639\u0646 \u0627\u0644\u062a\u0633\u0645\u064a\u0631. \u062a\u0631\u0643\u064a\u0628\u062a\u0647 \u0627\u0644\u0645\u0631\u0637\u0628\u0629 \u062a\u063a\u0630\u064a \u0627\u0644\u0628\u0634\u0631\u0629 \u0644\u0644\u062d\u0635\u0648\u0644 \u0639\u0644\u0649 \u0633\u0645\u0631\u0629 \u0645\u0634\u0631\u0642\u0629 \u0648\u0645\u0648\u062d\u062f\u0629 \u0648\u0637\u0648\u064a\u0644\u0629 \u0627\u0644\u0623\u0645\u062f. \u062e\u0627\u0644\u064a \u0645\u0646 \u0627\u0644\u0628\u0627\u0631\u0627\u0628\u064a\u0646 &#8211; \u063a\u064a\u0631 \u062f\u0647\u0646\u064a &#8211; \u0645\u0642\u0627\u0648\u0645 \u0644\u0644\u0645\u0627\u0621<\/p>","protected":false},"featured_media":15176,"template":"","meta":[],"pwb-brand":[218],"product_brand":[],"product_cat":[1146],"product_tag":[1025,717],"class_list":{"0":"post-12521","1":"product","2":"type-product","3":"status-publish","4":"has-post-thumbnail","6":"pwb-brand-garnier","7":"product_cat-tan-sunscreen","8":"product_tag-1025","9":"product_tag-717","10":"pa_-200-","12":"first","13":"outofstock","14":"product-type-variable","15":"has-default-attributes","16":"wvs-archive-product-wrapper"},"brands":[{"id":218,"name":"Garnier","slug":"garnier"}],"_links":{"self":[{"href":"https:\/\/gopinkish.com\/fr\/wp-json\/wp\/v2\/product\/12521","targetHints":{"allow":["GET"]}}],"collection":[{"href":"https:\/\/gopinkish.com\/fr\/wp-json\/wp\/v2\/product"}],"about":[{"href":"https:\/\/gopinkish.com\/fr\/wp-json\/wp\/v2\/types\/product"}],"wp:featuredmedia":[{"embeddable":true,"href":"https:\/\/gopinkish.com\/fr\/wp-json\/wp\/v2\/media\/15176"}],"wp:attachment":[{"href":"https:\/\/gopinkish.com\/fr\/wp-json\/wp\/v2\/media?parent=12521"}],"wp:term":[{"taxonomy":"pwb-brand","embeddable":true,"href":"https:\/\/gopinkish.com\/fr\/wp-json\/wp\/v2\/pwb-brand?post=12521"},{"taxonomy":"product_brand","embeddable":true,"href":"https:\/\/gopinkish.com\/fr\/wp-json\/wp\/v2\/product_brand?post=12521"},{"taxonomy":"product_cat","embeddable":true,"href":"https:\/\/gopinkish.com\/fr\/wp-json\/wp\/v2\/product_cat?post=12521"},{"taxonomy":"product_tag","embeddable":true,"href":"https:\/\/gopinkish.com\/fr\/wp-json\/wp\/v2\/product_tag?post=12521"}],"curies":[{"name":"wp","href":"https:\/\/api.w.org\/{rel}","templated":true}]}}