{"id":12487,"date":"2024-05-18T15:42:00","date_gmt":"2024-05-18T14:42:00","guid":{"rendered":"https:\/\/gopinkish.com\/?post_type=product&#038;p=12487"},"modified":"2026-04-25T22:31:04","modified_gmt":"2026-04-25T21:31:04","slug":"800897233846","status":"publish","type":"product","link":"https:\/\/gopinkish.com\/fr\/produit\/800897233846\/","title":{"rendered":"Gel instantan\u00e9 pour les sourcils - Plusieurs couleurs"},"content":{"rendered":"<p style=\"text-align: justify;\">NYX PROFESSIONAL MAKEUP THE BROW GLUE INSTANT BROW STYLER de NYX est un puissant gel pour les sourcils qui donne de l'ampleur et de la tenue tout au long de la journ\u00e9e. Sa formule fortement adh\u00e9sive maintient les poils en place sans rigidit\u00e9 ni \u00e9caillage. La brosse en silicone permet de tracer et de modeler les sourcils avec pr\u00e9cision. Translucide pour convenir \u00e0 toutes les nuances de sourcils. R\u00e9siste \u00e0 l'humidit\u00e9 et dure 16 heures. Effet sourcils stratifi\u00e9s tr\u00e8s tendance. Peut \u00eatre utilis\u00e9 seul ou par-dessus un crayon \u00e0 sourcils.<\/p>\n<p><strong>Principaux ingr\u00e9dients et caract\u00e9ristiques<\/strong><\/p>\n<ul>\n<li>Formule adh\u00e9sive forte<\/li>\n<li>Brosse de pr\u00e9cision en silicone<\/li>\n<li>Formule transparente pour toutes les couleurs<\/li>\n<li>R\u00e9sistance \u00e0 l'humidit\u00e9 16 heures<\/li>\n<li>effet sourcil lamin\u00e9<\/li>\n<\/ul>\n<p><strong>Principales caract\u00e9ristiques et avantages<\/strong><\/p>\n<ul>\n<li>Stabilise les sourcils tout au long de la journ\u00e9e<\/li>\n<li>Cr\u00e9e le look tendance des sourcils stratifi\u00e9s<\/li>\n<li>Ne provoque pas de raideur ni de pellicules<\/li>\n<li>Transparent pour s'adapter \u00e0 toutes les couleurs<\/li>\n<li>R\u00e9sistant \u00e0 l'humidit\u00e9 et \u00e0 la transpiration<\/li>\n<li>A utiliser seul ou sur le maquillage<\/li>\n<\/ul>\n<p style=\"text-align: center;\">\ud83c\uddec\ud83c\udde7 NYX PROFESSIONAL MAKEUP THE BROW GLUE INSTANT BROW STYLER CLEAR<\/p>\n<p style=\"text-align: center;\">\ud83c\uddeb\ud83c\uddf7 NYX PROFESSIONAL MAKEUP THE BROW GLUE INSTANT BROW STYLER TRANSPARENT<\/p>","protected":false},"excerpt":{"rendered":"<p>\u0645\u0646\u062a\u062c NYX PROFESSIONAL MAKEUP THE BROW GLUE INSTANT BROW STYLER \u0645\u0646 \u0646\u064a\u0643\u0633 \u0647\u0648 \u062c\u0644 \u062a\u062b\u0628\u064a\u062a \u062d\u0648\u0627\u062c\u0628 \u0642\u0648\u064a \u0644\u0645\u0638\u0647\u0631 \u062d\u0648\u0627\u062c\u0628 \u0645\u0631\u0641\u0648\u0639\u0629 \u0648\u0645\u062b\u0628\u0651\u062a\u0629 \u0637\u0648\u0627\u0644 \u0627\u0644\u064a\u0648\u0645. \u062a\u0631\u0643\u064a\u0628\u062a\u0647 \u0627\u0644\u0644\u0627\u0635\u0642\u0629 \u0627\u0644\u0642\u0648\u064a\u0629 \u062a\u062b\u0628\u0651\u062a \u0627\u0644\u0634\u0639\u064a\u0631\u0627\u062a \u0641\u064a \u0645\u0643\u0627\u0646\u0647\u0627 \u062f\u0648\u0646 \u062a\u064a\u0628\u0651\u0633 \u0623\u0648 \u0642\u0634\u0631\u0629. \u0641\u0631\u0634\u0627\u0629 \u0645\u0646 \u0627\u0644\u0633\u064a\u0644\u064a\u0643\u0648\u0646 \u062a\u0635\u0641\u0641 \u0648\u062a\u0634\u0643\u0651\u0644 \u0628\u062f\u0642\u0629. \u0634\u0641\u0627\u0641 \u064a\u0646\u0627\u0633\u0628 \u062c\u0645\u064a\u0639 \u062f\u0631\u062c\u0627\u062a \u0627\u0644\u062d\u0648\u0627\u062c\u0628. \u0645\u0642\u0627\u0648\u0645 \u0644\u0644\u0631\u0637\u0648\u0628\u0629 \u064a\u062f\u0648\u0645 16 \u0633\u0627\u0639\u0629. \u062a\u0623\u062b\u064a\u0631 laminated-brow \u0627\u0644\u0631\u0627\u0626\u062c. \u064a\u0645\u0643\u0646 \u0627\u0633\u062a\u0639\u0645\u0627\u0644\u0647 [&hellip;]<\/p>\n","protected":false},"featured_media":15797,"template":"","meta":[],"pwb-brand":[767],"product_brand":[],"product_cat":[1193],"product_tag":[],"class_list":{"0":"post-12487","1":"product","2":"type-product","3":"status-publish","4":"has-post-thumbnail","6":"pwb-brand-nyx","7":"product_cat-eyebrows-mascara","9":"first","10":"instock","11":"shipping-taxable","12":"purchasable","13":"product-type-variable","14":"has-default-attributes","15":"wvs-archive-product-wrapper"},"brands":[{"id":767,"name":"Nyx","slug":"nyx"}],"_links":{"self":[{"href":"https:\/\/gopinkish.com\/fr\/wp-json\/wp\/v2\/product\/12487","targetHints":{"allow":["GET"]}}],"collection":[{"href":"https:\/\/gopinkish.com\/fr\/wp-json\/wp\/v2\/product"}],"about":[{"href":"https:\/\/gopinkish.com\/fr\/wp-json\/wp\/v2\/types\/product"}],"wp:featuredmedia":[{"embeddable":true,"href":"https:\/\/gopinkish.com\/fr\/wp-json\/wp\/v2\/media\/15797"}],"wp:attachment":[{"href":"https:\/\/gopinkish.com\/fr\/wp-json\/wp\/v2\/media?parent=12487"}],"wp:term":[{"taxonomy":"pwb-brand","embeddable":true,"href":"https:\/\/gopinkish.com\/fr\/wp-json\/wp\/v2\/pwb-brand?post=12487"},{"taxonomy":"product_brand","embeddable":true,"href":"https:\/\/gopinkish.com\/fr\/wp-json\/wp\/v2\/product_brand?post=12487"},{"taxonomy":"product_cat","embeddable":true,"href":"https:\/\/gopinkish.com\/fr\/wp-json\/wp\/v2\/product_cat?post=12487"},{"taxonomy":"product_tag","embeddable":true,"href":"https:\/\/gopinkish.com\/fr\/wp-json\/wp\/v2\/product_tag?post=12487"}],"curies":[{"name":"wp","href":"https:\/\/api.w.org\/{rel}","templated":true}]}}