{"id":12436,"date":"2024-05-18T11:03:45","date_gmt":"2024-05-18T10:03:45","guid":{"rendered":"https:\/\/gopinkish.com\/?post_type=product&#038;p=12436"},"modified":"2025-04-05T23:22:40","modified_gmt":"2025-04-05T22:22:40","slug":"3282770144291","status":"publish","type":"product","link":"https:\/\/gopinkish.com\/fr\/produit\/3282770144291\/","title":{"rendered":"Cr\u00e8me r\u00e9paratrice et nettoyante pour les malades"},"content":{"rendered":"<p style=\"text-align: justify;\">La cr\u00e8me nettoyante r\u00e9paratrice Dermalibour+ CICA vient au secours des peaux irrit\u00e9es de toute la famille d\u00e8s la naissance. Sa formule hautement tol\u00e9rante convient parfaitement aux peaux irrit\u00e9es du visage, du corps, des paupi\u00e8res et des zones intimes externes des nouveau-n\u00e9s, des enfants et des adultes.<br \/>\nNettoie et r\u00e9pare en 24 heures et apaise instantan\u00e9ment toutes les zones irrit\u00e9es qui sont rouges, qui d\u00e9mangent ou qui sont inconfortables, y compris l'irritation des mamelons associ\u00e9e \u00e0 l'allaitement.<br \/>\nSa formule naturelle 100% ne contient que 14 ingr\u00e9dients essentiels, dont l'extrait d'avoine Rhealba\u00ae, apaisant, r\u00e9parateur et anti-irritant, et le complexe cuivre-zinc, minimisant le risque de prolif\u00e9ration bact\u00e9rienne.<br \/>\nSa texture douce, persistante et invisible est facile \u00e0 appliquer et p\u00e9n\u00e8tre rapidement dans la peau, sans laisser de traces blanches. Ne contient ni huile min\u00e9rale ni parfum.<\/p>\n<div id=\"gtx-trans\" style=\"position: absolute; left: 866px; top: 216.182px;\">\n<div class=\"gtx-trans-icon\" style=\"text-align: justify;\"><\/div>\n<\/div>","protected":false},"excerpt":{"rendered":"<p>\u064a\u0623\u062a\u064a \u0643\u0631\u064a\u0645 \u0627\u0644\u062a\u0637\u0647\u064a\u0631 Dermalibour+ CICA-Repairing \u0644\u0645\u0633\u0627\u0639\u062f\u0629 \u0627\u0644\u0628\u0634\u0631\u0629 \u0627\u0644\u0645\u062a\u0647\u064a\u062c\u0629 \u0644\u062c\u0645\u064a\u0639 \u0623\u0641\u0631\u0627\u062f \u0627\u0644\u0623\u0633\u0631\u0629 \u0645\u0646\u0630 \u0627\u0644\u0648\u0644\u0627\u062f\u0629. \u062a\u0631\u0643\u064a\u0628\u062a\u0647 \u0639\u0627\u0644\u064a\u0629 \u0627\u0644\u062a\u062d\u0645\u0644 \u0645\u0646\u0627\u0633\u0628\u0629 \u062a\u0645\u0627\u0645\u064b\u0627 \u0644\u0644\u0628\u0634\u0631\u0629 \u0627\u0644\u0645\u062a\u0647\u064a\u062c\u0629 \u0641\u064a \u0627\u0644\u0648\u062c\u0647 \u0648\u0627\u0644\u062c\u0633\u0645 \u0648\u0627\u0644\u062c\u0641\u0648\u0646 \u0648\u0627\u0644\u0645\u0646\u0627\u0637\u0642 \u0627\u0644\u062d\u0645\u064a\u0645\u0629 \u0627\u0644\u062e\u0627\u0631\u062c\u064a\u0629 \u0644\u062d\u062f\u064a\u062b\u064a \u0627\u0644\u0648\u0644\u0627\u062f\u0629 \u0648\u0627\u0644\u0623\u0637\u0641\u0627\u0644 \u0648\u0627\u0644\u0628\u0627\u0644\u063a\u064a\u0646. \u064a\u0646\u0638\u0641 \u0648\u064a\u0635\u0644\u062d \u062e\u0644\u0627\u0644 24 \u0633\u0627\u0639\u0629 \u0648\u064a\u0647\u062f\u0626 \u0639\u0644\u0649 \u0627\u0644\u0641\u0648\u0631 \u062c\u0645\u064a\u0639 \u0627\u0644\u0645\u0646\u0627\u0637\u0642 \u0627\u0644\u0645\u062a\u0647\u064a\u062c\u0629 \u0627\u0644\u062a\u064a \u062a\u0643\u0648\u0646 \u062d\u0645\u0631\u0627\u0621 \u0623\u0648 \u0645\u062b\u064a\u0631\u0629 \u0644\u0644\u062d\u0643\u0629 \u0623\u0648 \u0627\u0644\u0625\u0646\u0632\u0639\u0627\u062c\u060c \u0628\u0645\u0627 \u0641\u064a \u0630\u0644\u0643 \u062a\u0647\u064a\u062c \u0627\u0644\u062d\u0644\u0645\u0629 [&hellip;]<\/p>\n","protected":false},"featured_media":12438,"template":"","meta":[],"pwb-brand":[761],"product_brand":[],"product_cat":[16],"product_tag":[],"class_list":{"0":"post-12436","1":"product","2":"type-product","3":"status-publish","4":"has-post-thumbnail","6":"pwb-brand-aderma","7":"product_cat-other","9":"first","10":"outofstock","11":"shipping-taxable","12":"product-type-variable","13":"has-default-attributes","14":"wvs-archive-product-wrapper"},"brands":[{"id":761,"name":"E-Derma","slug":"aderma"}],"_links":{"self":[{"href":"https:\/\/gopinkish.com\/fr\/wp-json\/wp\/v2\/product\/12436","targetHints":{"allow":["GET"]}}],"collection":[{"href":"https:\/\/gopinkish.com\/fr\/wp-json\/wp\/v2\/product"}],"about":[{"href":"https:\/\/gopinkish.com\/fr\/wp-json\/wp\/v2\/types\/product"}],"wp:featuredmedia":[{"embeddable":true,"href":"https:\/\/gopinkish.com\/fr\/wp-json\/wp\/v2\/media\/12438"}],"wp:attachment":[{"href":"https:\/\/gopinkish.com\/fr\/wp-json\/wp\/v2\/media?parent=12436"}],"wp:term":[{"taxonomy":"pwb-brand","embeddable":true,"href":"https:\/\/gopinkish.com\/fr\/wp-json\/wp\/v2\/pwb-brand?post=12436"},{"taxonomy":"product_brand","embeddable":true,"href":"https:\/\/gopinkish.com\/fr\/wp-json\/wp\/v2\/product_brand?post=12436"},{"taxonomy":"product_cat","embeddable":true,"href":"https:\/\/gopinkish.com\/fr\/wp-json\/wp\/v2\/product_cat?post=12436"},{"taxonomy":"product_tag","embeddable":true,"href":"https:\/\/gopinkish.com\/fr\/wp-json\/wp\/v2\/product_tag?post=12436"}],"curies":[{"name":"wp","href":"https:\/\/api.w.org\/{rel}","templated":true}]}}