{"id":12431,"date":"2024-05-18T10:31:46","date_gmt":"2024-05-18T09:31:46","guid":{"rendered":"https:\/\/gopinkish.com\/?post_type=product&#038;p=12431"},"modified":"2026-04-24T18:47:50","modified_gmt":"2026-04-24T17:47:50","slug":"3701129803523","status":"publish","type":"product","link":"https:\/\/gopinkish.com\/fr\/produit\/3701129803523\/","title":{"rendered":"Cr\u00e8me solaire transparente hautement protectrice pour les peaux sensibles"},"content":{"rendered":"<p><!--StartFragment --><\/p>\n<p style=\"text-align: justify;\">Cr\u00e8me solaire <strong>Bioderma Photoderm Cr\u00e8me Invisible SPF50+<\/strong> Offre une tr\u00e8s haute protection contre les rayons UV <strong>UVA\/UVB<\/strong> Gr\u00e2ce \u00e0 la <strong>Bioprotection Cellulaire\u2122<\/strong> qui renforce les d\u00e9fenses naturelles de la peau et pr\u00e9serve sa jeunesse. Sa formule cr\u00e9meuse <strong>L\u00e9ger et hydratant<\/strong> Sp\u00e9cialement formul\u00e9 pour les peaux sensibles et s\u00e8ches, il apporte confort et hydratation tout au long de la journ\u00e9e.<\/p>\n<p style=\"text-align: justify;\">Il est dot\u00e9 d'une touche <strong>Invisible<\/strong> Sur la peau : Elle ne laisse aucun r\u00e9sidu blanc, est non grasse et non collante, ce qui la rend id\u00e9ale pour un usage quotidien et m\u00eame comme base de maquillage. Elle r\u00e9siste \u00e0 l'eau, \u00e0 la chaleur et \u00e0 une forte humidit\u00e9, et pr\u00e9sente une excellente tol\u00e9rance pour la peau et les yeux.<\/p>\n<p style=\"text-align: justify;\"><strong>Principales caract\u00e9ristiques et avantages :<\/strong><br \/>\n- Tr\u00e8s haute protection SPF50+ contre les UVA\/UVB.<br \/>\n- Technologie Cellular Bioprotection\u2122 pour renforcer les d\u00e9fenses de la peau.<br \/>\n- Jusqu'\u00e0 8 heures d'hydratation.<br \/>\n- Une formule l\u00e9g\u00e8re et hydratante pour les peaux sensibles et s\u00e8ches.<br \/>\n- Finition invisible : Ne laisse aucun r\u00e9sidu blanc.<br \/>\n- Non gras, non collant, \u00e0 absorption rapide.<br \/>\n- R\u00e9sistant \u00e0 l'eau, \u00e0 la chaleur et \u00e0 l'humidit\u00e9 \u00e9lev\u00e9e.<br \/>\n- Convient comme base de maquillage.<br \/>\n- Non com\u00e9dog\u00e8ne et sans parfum.<\/p>\n<p>&nbsp;<\/p>\n<p dir=\"ltr\" style=\"text-align: center;\">\ud83c\uddec\ud83c\udde7 Bioderma Photoderm Cr\u00e8me Invisible SPF50+<br \/>\n\ud83c\uddeb\ud83c\uddf7 Bioderma Photoderm Cr\u00e8me Invisible SPF50+<\/p>\n<p><!--EndFragment --><\/p>","protected":false},"excerpt":{"rendered":"<p>\u0648\u0627\u0642\u064a \u0627\u0644\u0634\u0645\u0633 Bioderma Photoderm Invisible Cream SPF50+ \u064a\u0648\u0641\u0631 \u062d\u0645\u0627\u064a\u0629 \u0639\u0627\u0644\u064a\u0629 \u062c\u062f\u064b\u0627 \u0636\u062f \u0623\u0634\u0639\u0629 UVA\/UVB \u0628\u0641\u0636\u0644 \u062a\u0642\u0646\u064a\u0629 Cellular Bioprotection\u2122 \u0627\u0644\u062a\u064a \u062a\u0639\u0632\u0632 \u062f\u0641\u0627\u0639\u0627\u062a \u0627\u0644\u0628\u0634\u0631\u0629 \u0627\u0644\u0637\u0628\u064a\u0639\u064a\u0629 \u0648\u062a\u062d\u0627\u0641\u0638 \u0639\u0644\u0649 \u0634\u0628\u0627\u0628\u0647\u0627. \u062a\u0631\u0643\u064a\u0628\u062a\u0647 \u0627\u0644\u0643\u0631\u064a\u0645\u064a\u0629 \u0627\u0644\u062e\u0641\u064a\u0641\u0629 \u0648\u0627\u0644\u0645\u0631\u0637\u0628\u0629 \u0635\u064f\u0645\u0645\u062a \u062e\u0635\u064a\u0635\u064b\u0627 \u0644\u0644\u0628\u0634\u0631\u0629 \u0627\u0644\u062d\u0633\u0627\u0633\u0629 \u0648\u0627\u0644\u062c\u0627\u0641\u0629\u060c \u062d\u064a\u062b \u062a\u0645\u0646\u062d\u0647\u0627 \u0631\u0627\u062d\u0629 \u0648\u062a\u0631\u0637\u064a\u0628\u064b\u0627 \u064a\u062f\u0648\u0645 \u0637\u0648\u0627\u0644 \u0627\u0644\u064a\u0648\u0645. \u064a\u062a\u0645\u064a\u0632 \u0628\u0644\u0645\u0633\u0629 \u063a\u064a\u0631 \u0645\u0631\u0626\u064a\u0629 \u0639\u0644\u0649 \u0627\u0644\u0628\u0634\u0631\u0629: \u0644\u0627 \u064a\u062a\u0631\u0643 \u0623\u064a \u0623\u062b\u0631 \u0623\u0628\u064a\u0636\u060c \u063a\u064a\u0631 \u062f\u0647\u0646\u064a\u060c [&hellip;]<\/p>\n","protected":false},"featured_media":12432,"template":"","meta":[],"pwb-brand":[498],"product_brand":[],"product_cat":[1225,1144],"product_tag":[717],"class_list":{"0":"post-12431","1":"product","2":"type-product","3":"status-publish","4":"has-post-thumbnail","6":"pwb-brand-bioderma","7":"product_cat-sale","8":"product_cat-face-sunscreen","9":"product_tag-717","11":"first","12":"outofstock","13":"shipping-taxable","14":"product-type-variable","15":"has-default-attributes","16":"wvs-archive-product-wrapper"},"brands":[{"id":498,"name":"Bioderma","slug":"bioderma"}],"_links":{"self":[{"href":"https:\/\/gopinkish.com\/fr\/wp-json\/wp\/v2\/product\/12431","targetHints":{"allow":["GET"]}}],"collection":[{"href":"https:\/\/gopinkish.com\/fr\/wp-json\/wp\/v2\/product"}],"about":[{"href":"https:\/\/gopinkish.com\/fr\/wp-json\/wp\/v2\/types\/product"}],"wp:featuredmedia":[{"embeddable":true,"href":"https:\/\/gopinkish.com\/fr\/wp-json\/wp\/v2\/media\/12432"}],"wp:attachment":[{"href":"https:\/\/gopinkish.com\/fr\/wp-json\/wp\/v2\/media?parent=12431"}],"wp:term":[{"taxonomy":"pwb-brand","embeddable":true,"href":"https:\/\/gopinkish.com\/fr\/wp-json\/wp\/v2\/pwb-brand?post=12431"},{"taxonomy":"product_brand","embeddable":true,"href":"https:\/\/gopinkish.com\/fr\/wp-json\/wp\/v2\/product_brand?post=12431"},{"taxonomy":"product_cat","embeddable":true,"href":"https:\/\/gopinkish.com\/fr\/wp-json\/wp\/v2\/product_cat?post=12431"},{"taxonomy":"product_tag","embeddable":true,"href":"https:\/\/gopinkish.com\/fr\/wp-json\/wp\/v2\/product_tag?post=12431"}],"curies":[{"name":"wp","href":"https:\/\/api.w.org\/{rel}","templated":true}]}}