{"id":12422,"date":"2024-05-14T13:29:47","date_gmt":"2024-05-14T12:29:47","guid":{"rendered":"https:\/\/gopinkish.com\/?post_type=product&#038;p=12422"},"modified":"2026-02-24T17:32:31","modified_gmt":"2026-02-24T16:32:31","slug":"3760099700515","status":"publish","type":"product","link":"https:\/\/gopinkish.com\/fr\/produit\/3760099700515\/","title":{"rendered":"Cr\u00e8me solaire invisible au panth\u00e9nol pour le visage et les zones sensibles"},"content":{"rendered":"<p style=\"text-align: justify;\">Placentor V\u00e9g\u00e9tal Cr\u00e8me solaire visage et zones sensibles SPF50 40ml est une cr\u00e8me qui prot\u00e8ge efficacement des effets n\u00e9fastes du soleil : Coups de soleil, taches brunes et vieillissement pr\u00e9matur\u00e9 de la peau. Enrichie en cire essentielle de rose, elle nourrit et hydrate la peau pour une meilleure protection contre le froid et le vent.<br \/>\nLa vitamine E ralentit l'action des radicaux libres sur la peau tandis que la provitamine B5 (panth\u00e9nol) apaise et favorise la r\u00e9paration cutan\u00e9e. Sa texture liquide ultra-l\u00e9g\u00e8re offre un fini invisible (non gras et sans traces blanches). Elle donne \u00e0 la peau un effet mat.<br \/>\nConseils d'utilisation :<br \/>\nAppliquer uniform\u00e9ment 15 \u00e0 30 minutes avant l'exposition au soleil. Renouveler l'application fr\u00e9quemment et apr\u00e8s avoir nag\u00e9, transpir\u00e9 ou s'\u00eatre s\u00e9ch\u00e9 avec une serviette. Indications d'utilisation : Pr\u00e9vention et protection solaire. Visage et zones sensibles.<\/p>\n<p dir=\"ltr\" style=\"text-align: center;\">\ud83c\uddec\ud83c\udde7 Placentor Cr\u00e8me solaire v\u00e9g\u00e9tale SPF50+<br \/>\n\ud83c\uddeb\ud83c\uddf7 Cr\u00e8me Solaire SPF50+ Placentor Vegetal<\/p>\n<div id=\"gtx-trans\" style=\"position: absolute; left: 718px; top: 192.182px;\">\n<div class=\"gtx-trans-icon\" style=\"text-align: justify;\"><\/div>\n<\/div>","protected":false},"excerpt":{"rendered":"<p><span style=\"color: #ff0000;\"><strong>Date d'expiration du produit : juin 2026<\/strong><\/span><\/p>","protected":false},"featured_media":12424,"template":"","meta":[],"pwb-brand":[461],"product_brand":[],"product_cat":[1225,1144],"product_tag":[],"class_list":{"0":"post-12422","1":"product","2":"type-product","3":"status-publish","4":"has-post-thumbnail","6":"pwb-brand-placentor-vegetal","7":"product_cat-sale","8":"product_cat-face-sunscreen","10":"first","11":"instock","12":"sale","13":"shipping-taxable","14":"purchasable","15":"product-type-variable","16":"has-default-attributes","17":"wvs-archive-product-wrapper"},"brands":[{"id":461,"name":"Placentor Vegetal","slug":"placentor-vegetal"}],"_links":{"self":[{"href":"https:\/\/gopinkish.com\/fr\/wp-json\/wp\/v2\/product\/12422","targetHints":{"allow":["GET"]}}],"collection":[{"href":"https:\/\/gopinkish.com\/fr\/wp-json\/wp\/v2\/product"}],"about":[{"href":"https:\/\/gopinkish.com\/fr\/wp-json\/wp\/v2\/types\/product"}],"wp:featuredmedia":[{"embeddable":true,"href":"https:\/\/gopinkish.com\/fr\/wp-json\/wp\/v2\/media\/12424"}],"wp:attachment":[{"href":"https:\/\/gopinkish.com\/fr\/wp-json\/wp\/v2\/media?parent=12422"}],"wp:term":[{"taxonomy":"pwb-brand","embeddable":true,"href":"https:\/\/gopinkish.com\/fr\/wp-json\/wp\/v2\/pwb-brand?post=12422"},{"taxonomy":"product_brand","embeddable":true,"href":"https:\/\/gopinkish.com\/fr\/wp-json\/wp\/v2\/product_brand?post=12422"},{"taxonomy":"product_cat","embeddable":true,"href":"https:\/\/gopinkish.com\/fr\/wp-json\/wp\/v2\/product_cat?post=12422"},{"taxonomy":"product_tag","embeddable":true,"href":"https:\/\/gopinkish.com\/fr\/wp-json\/wp\/v2\/product_tag?post=12422"}],"curies":[{"name":"wp","href":"https:\/\/api.w.org\/{rel}","templated":true}]}}