{"id":12390,"date":"2026-04-15T13:17:43","date_gmt":"2026-04-15T12:17:43","guid":{"rendered":"https:\/\/gopinkish.com\/?post_type=product&#038;p=12390"},"modified":"2026-05-07T12:36:10","modified_gmt":"2026-05-07T11:36:10","slug":"3574661498430","status":"publish","type":"product","link":"https:\/\/gopinkish.com\/fr\/produit\/3574661498430\/","title":{"rendered":"Un exfoliant quotidien pour \u00e9claircir votre visage et votre peau sujette aux imperfections"},"content":{"rendered":"<p style=\"text-align: justify;\">D\u00e9velopp\u00e9 en collaboration avec des dermatologues, l'exfoliant rafra\u00eechissant quotidien Neutrogena\u00ae au pamplemousse rose et \u00e0 la vitamine C est un m\u00e9lange parfait d'ingr\u00e9dients actifs qui \u00e9limine le maquillage, la salet\u00e9 et les autres impuret\u00e9s, laissant votre peau propre et rafra\u00eechie. D\u00e9velopp\u00e9 pour aider \u00e0 pr\u00e9venir les imperfections, ce gommage nettoie en douceur sans irriter et ass\u00e8che la peau pour un teint plus clair et plus \u00e9clatant.<\/p>","protected":false},"excerpt":{"rendered":"<p>\u062a\u0645 \u062a\u0637\u0648\u064a\u0631 \u0645\u0642\u0634\u0631 \u0646\u064a\u0648\u062a\u0631\u0648\u062c\u064a\u0646\u0627\u00ae \u0627\u0644\u064a\u0648\u0645\u064a \u0627\u0644\u0645\u0646\u0639\u0634 \u0645\u0639 \u0627\u0644\u062c\u0631\u064a\u0628 \u0641\u0631\u0648\u062a \u0627\u0644\u0648\u0631\u062f\u064a \u0648\u0641\u064a\u062a\u0627\u0645\u064a\u0646 C \u0628\u0627\u0644\u062a\u0639\u0627\u0648\u0646 \u0645\u0639 \u0623\u0637\u0628\u0627\u0621 \u0627\u0644\u062c\u0644\u062f\u060c \u0648\u0647\u0648 \u0645\u0632\u064a\u062c \u0645\u062b\u0627\u0644\u064a \u0645\u0646 \u0627\u0644\u0645\u0643\u0648\u0646\u0627\u062a \u0627\u0644\u0646\u0634\u0637\u0629 \u0627\u0644\u062a\u064a \u062a\u0632\u064a\u0644 \u0627\u0644\u0645\u0643\u064a\u0627\u062c \u0648\u0627\u0644\u0623\u0648\u0633\u0627\u062e \u0648\u0627\u0644\u0634\u0648\u0627\u0626\u0628 \u0627\u0644\u0623\u062e\u0631\u0649\u060c \u0645\u0645\u0627 \u064a\u062a\u0631\u0643 \u0628\u0634\u0631\u062a\u0643 \u0646\u0638\u064a\u0641\u0629 \u0648\u0645\u0646\u062a\u0639\u0634\u0629. \u062a\u0645 \u062a\u0637\u0648\u064a\u0631\u0647 \u0644\u0644\u0645\u0633\u0627\u0639\u062f\u0629 \u0641\u064a \u0645\u0646\u0639 \u0627\u0644\u0639\u064a\u0648\u0628\u060c \u062d\u064a\u062b \u064a\u0646\u0638\u0641 \u0627\u0644\u0645\u0642\u0634\u0631 \u0628\u0644\u0637\u0641 \u0644\u0644\u0645\u0633\u0627\u0639\u062f\u0629 \u0641\u064a \u0645\u0646\u0639 \u0627\u0644\u0639\u064a\u0648\u0628 \u062f\u0648\u0646 \u062a\u0647\u064a\u062c \u0648\u062a\u062c\u0641\u064a\u0641 \u0627\u0644\u0628\u0634\u0631\u0629 \u0644\u064a\u0645\u0646\u062d\u0643 \u0628\u0634\u0631\u0629 \u0623\u0643\u062b\u0631 \u0646\u0642\u0627\u0621\u064b [&hellip;]<\/p>\n","protected":false},"featured_media":12396,"template":"","meta":[],"pwb-brand":[458],"product_brand":[],"product_cat":[1120],"product_tag":[699],"class_list":{"0":"post-12390","1":"product","2":"type-product","3":"status-publish","4":"has-post-thumbnail","6":"pwb-brand-neutrogena","7":"product_cat-face-exfo","8":"product_tag-exfoliator","10":"first","11":"instock","12":"shipping-taxable","13":"purchasable","14":"product-type-variable","15":"has-default-attributes","16":"wvs-archive-product-wrapper"},"brands":[{"id":458,"name":"Neutrogena","slug":"neutrogena"}],"_links":{"self":[{"href":"https:\/\/gopinkish.com\/fr\/wp-json\/wp\/v2\/product\/12390","targetHints":{"allow":["GET"]}}],"collection":[{"href":"https:\/\/gopinkish.com\/fr\/wp-json\/wp\/v2\/product"}],"about":[{"href":"https:\/\/gopinkish.com\/fr\/wp-json\/wp\/v2\/types\/product"}],"wp:featuredmedia":[{"embeddable":true,"href":"https:\/\/gopinkish.com\/fr\/wp-json\/wp\/v2\/media\/12396"}],"wp:attachment":[{"href":"https:\/\/gopinkish.com\/fr\/wp-json\/wp\/v2\/media?parent=12390"}],"wp:term":[{"taxonomy":"pwb-brand","embeddable":true,"href":"https:\/\/gopinkish.com\/fr\/wp-json\/wp\/v2\/pwb-brand?post=12390"},{"taxonomy":"product_brand","embeddable":true,"href":"https:\/\/gopinkish.com\/fr\/wp-json\/wp\/v2\/product_brand?post=12390"},{"taxonomy":"product_cat","embeddable":true,"href":"https:\/\/gopinkish.com\/fr\/wp-json\/wp\/v2\/product_cat?post=12390"},{"taxonomy":"product_tag","embeddable":true,"href":"https:\/\/gopinkish.com\/fr\/wp-json\/wp\/v2\/product_tag?post=12390"}],"curies":[{"name":"wp","href":"https:\/\/api.w.org\/{rel}","templated":true}]}}