{"id":12382,"date":"2026-02-15T23:02:23","date_gmt":"2026-02-15T22:02:23","guid":{"rendered":"https:\/\/gopinkish.com\/?post_type=product&#038;p=12382"},"modified":"2026-05-04T13:26:50","modified_gmt":"2026-05-04T12:26:50","slug":"769915195743","status":"publish","type":"product","link":"https:\/\/gopinkish.com\/fr\/produit\/769915195743\/","title":{"rendered":"Tonique exfoliant \u00e0 l'acide glycolique 7%"},"content":{"rendered":"<p style=\"text-align: justify;\">7% Glycolic Acid Exfoliating Toner (anciennement 7% Glycolic Acid Toning Solution) est un tonique exfoliant qui lisse consid\u00e9rablement la texture de la peau et favorise l'apparition d'un teint plus uniforme, ainsi qu'un teint plus lumineux, avec une utilisation r\u00e9guli\u00e8re. Il minimise \u00e9galement l'apparence des rides et ridules. Le format d'encre \u00e0 base d'eau convient \u00e0 une utilisation quotidienne.<\/p>\n<p style=\"text-align: justify;\">Il contient une concentration de 7% d'acide glycolique - un acide alpha-hydroxyl\u00e9 bien \u00e9tudi\u00e9 - et un d\u00e9riv\u00e9 v\u00e9g\u00e9tal poivr\u00e9 de Tasmanie, dont la couleur varie selon les saisons, ce qui peut entra\u00eener une diff\u00e9rence de couleur apparente dans la formule de temps \u00e0 autre.<\/p>\n<p style=\"text-align: justify;\">Cette formule ne doit pas \u00eatre utilis\u00e9e sur les peaux sensibles, squameuses ou fragilis\u00e9es. Veuillez vous r\u00e9f\u00e9rer aux notes suppl\u00e9mentaires sur la protection solaire et aux autres avertissements figurant dans le mode d'emploi.<\/p>\n<p style=\"text-align: justify;\">Le pH de cette formule est d'environ 3,6. L'acide glycolique a un pKa de 3,6 et le pKa est l'aspect le plus important \u00e0 prendre en compte lors de la synth\u00e8se d'acides. Le pKa d\u00e9crit l'acidit\u00e9 d'une mol\u00e9cule. Lorsque le pKa est proche du pH, il existe un \u00e9quilibre id\u00e9al entre le sel et l'acidit\u00e9, ce qui maximise l'efficacit\u00e9 de l'acide et minimise l'irritation.<\/p>\n<p dir=\"ltr\" style=\"text-align: center;\">\ud83c\uddec\ud83c\udde7 The Ordinary Glycolic Acid 7% Toning Solution<br \/>\n\ud83c\uddeb\ud83c\uddf7 Solution Tonique \u00e0 l'Acide Glycolique 7% The Ordinary<\/p>","protected":false},"excerpt":{"rendered":"<p>\u062a\u0648\u0646\u0631 \u0627\u0644\u062a\u0642\u0634\u064a\u0631 \u0628\u062d\u0645\u0636 \u0627\u0644\u062c\u0644\u064a\u0643\u0648\u0644\u064a\u0643 7% Glycolic Acid\u00a0(\u0645\u062d\u0644\u0648\u0644 \u0627\u0644\u062a\u0646\u063a\u064a\u0645 \u0628\u062d\u0645\u0636 \u0627\u0644\u062c\u0644\u064a\u0643\u0648\u0644\u064a\u0643 7% \u0633\u0627\u0628\u0642\u064b\u0627) \u0647\u0648 \u0645\u0642\u0634\u0631 \u064a\u0639\u0645\u0644 \u0639\u0644\u0649 \u062a\u0646\u0639\u064a\u0645 \u0645\u0644\u0645\u0633 \u0627\u0644\u0628\u0634\u0631\u0629 \u0628\u0634\u0643\u0644 \u0643\u0628\u064a\u0631 \u0648\u064a\u0639\u0632\u0632 \u0645\u0638\u0647\u0631 \u0644\u0648\u0646 \u0628\u0634\u0631\u0629 \u0623\u0643\u062b\u0631 \u062a\u0646\u0627\u0633\u0642\u064b\u0627\u060c \u0628\u0627\u0644\u0625\u0636\u0627\u0641\u0629 \u0625\u0644\u0649 \u0628\u0634\u0631\u0629 \u0623\u0643\u062b\u0631 \u0625\u0634\u0631\u0627\u0642\u064b\u0627\u060c \u0645\u0639 \u0627\u0644\u0627\u0633\u062a\u062e\u062f\u0627\u0645 \u0627\u0644\u0645\u0646\u062a\u0638\u0645. \u0643\u0645\u0627 \u0623\u0646\u0647 \u064a\u0642\u0644\u0644 \u0645\u0646 \u0638\u0647\u0648\u0631 \u0627\u0644\u062e\u0637\u0648\u0637 \u0648\u0627\u0644\u062a\u062c\u0627\u0639\u064a\u062f. \u062a\u0646\u0633\u064a\u0642 \u0627\u0644\u062d\u0628\u0631 \u0627\u0644\u0645\u0627\u0626\u064a \u0645\u0646\u0627\u0633\u0628 \u0644\u0644\u0627\u0633\u062a\u062e\u062f\u0627\u0645 \u0627\u0644\u064a\u0648\u0645\u064a. \u064a\u062d\u062a\u0648\u064a \u0639\u0644\u0649 \u062a\u0631\u0643\u064a\u0632 7% \u0645\u0646 \u062d\u0645\u0636 \u0627\u0644\u062c\u0644\u064a\u0643\u0648\u0644\u064a\u0643 [&hellip;]<\/p>\n","protected":false},"featured_media":12384,"template":"","meta":[],"pwb-brand":[241],"product_brand":[],"product_cat":[1120],"product_tag":[672,685,699],"class_list":{"0":"post-12382","1":"product","2":"type-product","3":"status-publish","4":"has-post-thumbnail","6":"pwb-brand-the_ordinary","7":"product_cat-face-exfo","8":"product_tag-wrinkles","9":"product_tag-brightening","10":"product_tag-exfoliator","12":"first","13":"instock","14":"shipping-taxable","15":"purchasable","16":"product-type-variable","17":"has-default-attributes","18":"wvs-archive-product-wrapper"},"brands":[{"id":241,"name":"The Ordinary","slug":"lordinaire"}],"_links":{"self":[{"href":"https:\/\/gopinkish.com\/fr\/wp-json\/wp\/v2\/product\/12382","targetHints":{"allow":["GET"]}}],"collection":[{"href":"https:\/\/gopinkish.com\/fr\/wp-json\/wp\/v2\/product"}],"about":[{"href":"https:\/\/gopinkish.com\/fr\/wp-json\/wp\/v2\/types\/product"}],"wp:featuredmedia":[{"embeddable":true,"href":"https:\/\/gopinkish.com\/fr\/wp-json\/wp\/v2\/media\/12384"}],"wp:attachment":[{"href":"https:\/\/gopinkish.com\/fr\/wp-json\/wp\/v2\/media?parent=12382"}],"wp:term":[{"taxonomy":"pwb-brand","embeddable":true,"href":"https:\/\/gopinkish.com\/fr\/wp-json\/wp\/v2\/pwb-brand?post=12382"},{"taxonomy":"product_brand","embeddable":true,"href":"https:\/\/gopinkish.com\/fr\/wp-json\/wp\/v2\/product_brand?post=12382"},{"taxonomy":"product_cat","embeddable":true,"href":"https:\/\/gopinkish.com\/fr\/wp-json\/wp\/v2\/product_cat?post=12382"},{"taxonomy":"product_tag","embeddable":true,"href":"https:\/\/gopinkish.com\/fr\/wp-json\/wp\/v2\/product_tag?post=12382"}],"curies":[{"name":"wp","href":"https:\/\/api.w.org\/{rel}","templated":true}]}}