{"id":12358,"date":"2024-04-02T13:10:37","date_gmt":"2024-04-02T12:10:37","guid":{"rendered":"https:\/\/gopinkish.com\/?post_type=product&#038;p=12358"},"modified":"2026-05-06T20:02:37","modified_gmt":"2026-05-06T19:02:37","slug":"3661434008368","status":"publish","type":"product","link":"https:\/\/gopinkish.com\/fr\/produit\/3661434008368\/","title":{"rendered":"Cr\u00e8me hydratante \u00e0 fort indice de protection (SPF50+)"},"content":{"rendered":"<p style=\"text-align: justify;\">La cr\u00e8me hydratante Uriage Bari\u00e9sun Haute Protection SPF50+ est une cr\u00e8me hydratante \u00e0 tr\u00e8s haute protection UVA-Bleu, r\u00e9sistante \u00e0 l'eau et adapt\u00e9e aux peaux sensibles. Elle aide \u00e0 pr\u00e9venir le photovieillissement caus\u00e9 par les UV et la lumi\u00e8re bleue.<\/p>\n<p style=\"text-align: justify;\">Le fini est invisible, non collant et non com\u00e9dog\u00e8ne. N'irrite pas les yeux.<\/p>\n<p style=\"text-align: justify;\">Test\u00e9 sous la supervision de dermatologues.<\/p>\n<p style=\"text-align: justify;\">Fabriqu\u00e9 en France.<\/p>\n<p dir=\"ltr\" style=\"text-align: center;\">\ud83c\uddec\ud83c\udde7 Uriage Bari\u00e9sun Cr\u00e8me sans parfum SPF50+<br \/>\n\ud83c\uddeb\ud83c\uddf7 Cr\u00e8me Sans Parfum SPF50+ Uriage Bari\u00e9sun<\/p>","protected":false},"excerpt":{"rendered":"<p><span style=\"color: #ff0000;\"><strong>Date d'expiration du produit : novembre 2026<\/strong><\/span><\/p>","protected":false},"featured_media":12359,"template":"","meta":[],"pwb-brand":[256],"product_brand":[],"product_cat":[1225,1137,1145,1144],"product_tag":[717],"class_list":{"0":"post-12358","1":"product","2":"type-product","3":"status-publish","4":"has-post-thumbnail","6":"pwb-brand-uriage","7":"product_cat-sale","8":"product_cat-body-moist","9":"product_cat-body-sunscreen","10":"product_cat-face-sunscreen","11":"product_tag-717","13":"first","14":"instock","15":"sale","16":"shipping-taxable","17":"purchasable","18":"product-type-variable","19":"has-default-attributes","20":"wvs-archive-product-wrapper"},"brands":[{"id":256,"name":"Uriage","slug":"uriage"}],"_links":{"self":[{"href":"https:\/\/gopinkish.com\/fr\/wp-json\/wp\/v2\/product\/12358","targetHints":{"allow":["GET"]}}],"collection":[{"href":"https:\/\/gopinkish.com\/fr\/wp-json\/wp\/v2\/product"}],"about":[{"href":"https:\/\/gopinkish.com\/fr\/wp-json\/wp\/v2\/types\/product"}],"wp:featuredmedia":[{"embeddable":true,"href":"https:\/\/gopinkish.com\/fr\/wp-json\/wp\/v2\/media\/12359"}],"wp:attachment":[{"href":"https:\/\/gopinkish.com\/fr\/wp-json\/wp\/v2\/media?parent=12358"}],"wp:term":[{"taxonomy":"pwb-brand","embeddable":true,"href":"https:\/\/gopinkish.com\/fr\/wp-json\/wp\/v2\/pwb-brand?post=12358"},{"taxonomy":"product_brand","embeddable":true,"href":"https:\/\/gopinkish.com\/fr\/wp-json\/wp\/v2\/product_brand?post=12358"},{"taxonomy":"product_cat","embeddable":true,"href":"https:\/\/gopinkish.com\/fr\/wp-json\/wp\/v2\/product_cat?post=12358"},{"taxonomy":"product_tag","embeddable":true,"href":"https:\/\/gopinkish.com\/fr\/wp-json\/wp\/v2\/product_tag?post=12358"}],"curies":[{"name":"wp","href":"https:\/\/api.w.org\/{rel}","templated":true}]}}