{"id":12354,"date":"2024-04-02T13:02:50","date_gmt":"2024-04-02T12:02:50","guid":{"rendered":"https:\/\/gopinkish.com\/?post_type=product&#038;p=12354"},"modified":"2025-06-11T14:43:56","modified_gmt":"2025-06-11T13:43:56","slug":"3661434008894","status":"publish","type":"product","link":"https:\/\/gopinkish.com\/fr\/produit\/3661434008894\/","title":{"rendered":"Cr\u00e8me de couleur claire avec SPF50"},"content":{"rendered":"<p style=\"text-align: justify;\">Cette cr\u00e8me solaire teint\u00e9e d'Eurage contient un complexe de filtration tr\u00e8s performant qui prot\u00e8ge fortement la peau des dommages caus\u00e9s par le soleil. En outre, la cr\u00e8me solaire pour le visage permet d'obtenir un teint plus uniforme en apportant une couverture l\u00e9g\u00e8re et naturelle \u00e0 la peau du visage. Elle est parfaitement tol\u00e9r\u00e9e et rapidement absorb\u00e9e, ce qui donne un fini radieux \u00e0 l'ensemble du visage. En outre, ce produit est enrichi d'un nouveau complexe compos\u00e9 de filtres de derni\u00e8re g\u00e9n\u00e9ration qui prot\u00e8gent efficacement la peau. Cette cr\u00e8me garantit ainsi la photostabilit\u00e9 et une large couverture des rayons UVB et UVA. De plus, sa texture liquide, en plus d'une grande s\u00e9curit\u00e9, est \u00e9galement l\u00e9g\u00e8re, non grasse et r\u00e9sistante \u00e0 l'eau. De plus, elle p\u00e9n\u00e8tre rapidement dans la peau sans la laisser lourde et \u00e9paisse. Enfin, son parfum agr\u00e9able assure un plaisir d'utilisation renouvel\u00e9 \u00e0 chaque application sur la peau.<\/p>\n<p style=\"text-align: justify;\">De par sa composition, il a \u00e9galement une action protectrice contre les radicaux libres. En particulier, la pr\u00e9sence de vitamines C et E assure une protection suppl\u00e9mentaire de la peau gr\u00e2ce \u00e0 la forte concentration d'antioxydants. De plus, ces deux propri\u00e9t\u00e9s assurent une plus grande efficacit\u00e9 des filtres UVA et UVB pr\u00e9sents dans cette cr\u00e8me solaire. De plus, cette cr\u00e8me enrichie en Aquaspongein et en Eau Thermale d'Uriage offre une protection intensive contre la d\u00e9shydratation. Ainsi, la peau reste parfaitement hydrat\u00e9e tout au long de la journ\u00e9e sans aucune g\u00eane. Enfin, la barri\u00e8re protectrice de la peau est \u00e9galement renforc\u00e9e et consolid\u00e9e tandis que son ADN est \u00e9galement prot\u00e9g\u00e9. Les signes de photovieillissement sont ainsi facilement \u00e9vit\u00e9s. En r\u00e9sum\u00e9, une cr\u00e8me solaire liquide et douce ne prot\u00e8ge pas seulement la peau, mais unifie \u00e9galement votre teint et en prend soin de mani\u00e8re optimale.<\/p>","protected":false},"excerpt":{"rendered":"<p>\u064a\u062d\u062a\u0648\u064a \u0647\u0630\u0627 \u0627\u0644\u0643\u0631\u064a\u0645 \u0627\u0644\u0645\u0644\u0648\u0646 \u0627\u0644\u0648\u0627\u0642\u064a \u0645\u0646 \u0627\u0644\u0634\u0645\u0633 \u0645\u0646 \u064a\u0648\u0631\u064a\u0627\u062c \u0639\u0644\u0649 \u0645\u0631\u0643\u0628 \u062a\u0631\u0634\u064a\u062d \u0639\u0627\u0644\u064a \u0627\u0644\u0623\u062f\u0627\u0621 \u064a\u062d\u0645\u064a \u0627\u0644\u0628\u0634\u0631\u0629 \u0628\u0642\u0648\u0629 \u0645\u0646 \u0623\u0636\u0631\u0627\u0631 \u0623\u0634\u0639\u0629 \u0627\u0644\u0634\u0645\u0633. \u0628\u0627\u0644\u0625\u0636\u0627\u0641\u0629 \u0625\u0644\u0649 \u0630\u0644\u0643\u060c \u064a\u0648\u0641\u0631 \u0648\u0627\u0642\u064a \u0627\u0644\u0634\u0645\u0633 \u0644\u0644\u0648\u062c\u0647 \u0628\u0634\u0631\u0629 \u0623\u0643\u062b\u0631 \u062a\u0646\u0627\u0633\u0642\u064b\u0627 \u0645\u0646 \u062e\u0644\u0627\u0644 \u062a\u0648\u0641\u064a\u0631 \u062a\u063a\u0637\u064a\u0629 \u0637\u0628\u064a\u0639\u064a\u0629 \u062e\u0641\u064a\u0641\u0629 \u0644\u0628\u0634\u0631\u0629 \u0627\u0644\u0648\u062c\u0647. \u0648\u0647\u0630\u0627 \u0628\u062f\u0648\u0631\u0647 \u064a\u0645\u0643\u0646 \u062a\u062d\u0645\u0644\u0647 \u062a\u0645\u0627\u0645\u064b\u0627 \u0648\u064a\u062a\u0645 \u0627\u0645\u062a\u0635\u0627\u0635\u0647 \u0628\u0633\u0631\u0639\u0629\u060c \u0645\u0645\u0627 \u064a\u0639\u0637\u064a \u0644\u0645\u0633\u0629 \u0646\u0647\u0627\u0626\u064a\u0629 \u0645\u0634\u0631\u0642\u0629 \u0644\u0644\u0648\u062c\u0647 \u0628\u0623\u0643\u0645\u0644\u0647. \u0639\u0644\u0627\u0648\u0629 [&hellip;]<\/p>\n","protected":false},"featured_media":12356,"template":"","meta":[],"pwb-brand":[256],"product_brand":[],"product_cat":[1144],"product_tag":[717],"class_list":{"0":"post-12354","1":"product","2":"type-product","3":"status-publish","4":"has-post-thumbnail","6":"pwb-brand-uriage","7":"product_cat-face-sunscreen","8":"product_tag-717","10":"first","11":"outofstock","12":"shipping-taxable","13":"product-type-variable","14":"has-default-attributes","15":"wvs-archive-product-wrapper"},"brands":[{"id":256,"name":"Uriage","slug":"uriage"}],"_links":{"self":[{"href":"https:\/\/gopinkish.com\/fr\/wp-json\/wp\/v2\/product\/12354","targetHints":{"allow":["GET"]}}],"collection":[{"href":"https:\/\/gopinkish.com\/fr\/wp-json\/wp\/v2\/product"}],"about":[{"href":"https:\/\/gopinkish.com\/fr\/wp-json\/wp\/v2\/types\/product"}],"wp:featuredmedia":[{"embeddable":true,"href":"https:\/\/gopinkish.com\/fr\/wp-json\/wp\/v2\/media\/12356"}],"wp:attachment":[{"href":"https:\/\/gopinkish.com\/fr\/wp-json\/wp\/v2\/media?parent=12354"}],"wp:term":[{"taxonomy":"pwb-brand","embeddable":true,"href":"https:\/\/gopinkish.com\/fr\/wp-json\/wp\/v2\/pwb-brand?post=12354"},{"taxonomy":"product_brand","embeddable":true,"href":"https:\/\/gopinkish.com\/fr\/wp-json\/wp\/v2\/product_brand?post=12354"},{"taxonomy":"product_cat","embeddable":true,"href":"https:\/\/gopinkish.com\/fr\/wp-json\/wp\/v2\/product_cat?post=12354"},{"taxonomy":"product_tag","embeddable":true,"href":"https:\/\/gopinkish.com\/fr\/wp-json\/wp\/v2\/product_tag?post=12354"}],"curies":[{"name":"wp","href":"https:\/\/api.w.org\/{rel}","templated":true}]}}