{"id":12344,"date":"2024-04-02T12:05:36","date_gmt":"2024-04-02T11:05:36","guid":{"rendered":"https:\/\/gopinkish.com\/?post_type=product&#038;p=12344"},"modified":"2024-10-28T01:26:20","modified_gmt":"2024-10-28T00:26:20","slug":"3661687990335","status":"publish","type":"product","link":"https:\/\/gopinkish.com\/fr\/produit\/3661687990335\/","title":{"rendered":"Cr\u00e8me solaire haute protection - Transparent"},"content":{"rendered":"<p>Bio-Taches\u2122 Tinted Sunscreen et Bio-Taches\u2122 Invisible Sunscreen offrent une protection \u00e9lev\u00e9e contre les rayons UVA et UVB.<br \/>\nLa pr\u00e9sence de butano\u00efdes aide \u00e0 pr\u00e9venir la r\u00e9apparition des taches sombres.<br \/>\nLes agents hydratants et la vitamine E contribuent \u00e0 maintenir la peau douce et souple et \u00e0 pr\u00e9venir le vieillissement cutan\u00e9.<\/p>","protected":false},"excerpt":{"rendered":"<p>\u064a\u0648\u0641\u0631 \u0648\u0627\u0642\u064a \u0627\u0644\u0634\u0645\u0633 Bio-Taches\u2122 Tinted Sunscreen \u0648Bio-Taches\u2122 Invisible Sunscreen \u062d\u0645\u0627\u064a\u0629 \u0639\u0627\u0644\u064a\u0629 \u0636\u062f \u0627\u0644\u0623\u0634\u0639\u0629 \u0641\u0648\u0642 \u0627\u0644\u0628\u0646\u0641\u0633\u062c\u064a\u0629 \u0627\u0644\u0637\u0648\u064a\u0644\u0629 \u0648\u0627\u0644\u0645\u062a\u0648\u0633\u0637\u0629. \u064a\u0633\u0627\u0639\u062f \u0648\u062c\u0648\u062f \u0627\u0644\u0628\u064a\u0648\u062a\u0627\u0646\u0648\u064a\u062f \u0639\u0644\u0649 \u0645\u0646\u0639 \u0638\u0647\u0648\u0631 \u0627\u0644\u0628\u0642\u0639 \u0627\u0644\u062f\u0627\u0643\u0646\u0629 \u0645\u0631\u0629 \u0623\u062e\u0631\u0649. \u062a\u0633\u0627\u0639\u062f \u0639\u0648\u0627\u0645\u0644 \u0627\u0644\u062a\u0631\u0637\u064a\u0628 \u0648\u0641\u064a\u062a\u0627\u0645\u064a\u0646 E \u0641\u064a \u0627\u0644\u062d\u0641\u0627\u0638 \u0639\u0644\u0649 \u0628\u0634\u0631\u0629 \u0646\u0627\u0639\u0645\u0629 \u0648\u0646\u0636\u0631\u0629 \u0648\u0645\u0646\u0639 \u0634\u064a\u062e\u0648\u062e\u0629 \u0627\u0644\u062c\u0644\u062f.<\/p>","protected":false},"featured_media":12345,"template":"","meta":[],"pwb-brand":[758],"product_brand":[],"product_cat":[1144],"product_tag":[717],"class_list":{"0":"post-12344","1":"product","2":"type-product","3":"status-publish","4":"has-post-thumbnail","6":"pwb-brand-alliance","7":"product_cat-face-sunscreen","8":"product_tag-717","10":"first","11":"outofstock","12":"shipping-taxable","13":"product-type-variable","14":"has-default-attributes","15":"wvs-archive-product-wrapper"},"brands":[{"id":758,"name":"Alliance","slug":"alliance"}],"_links":{"self":[{"href":"https:\/\/gopinkish.com\/fr\/wp-json\/wp\/v2\/product\/12344","targetHints":{"allow":["GET"]}}],"collection":[{"href":"https:\/\/gopinkish.com\/fr\/wp-json\/wp\/v2\/product"}],"about":[{"href":"https:\/\/gopinkish.com\/fr\/wp-json\/wp\/v2\/types\/product"}],"wp:featuredmedia":[{"embeddable":true,"href":"https:\/\/gopinkish.com\/fr\/wp-json\/wp\/v2\/media\/12345"}],"wp:attachment":[{"href":"https:\/\/gopinkish.com\/fr\/wp-json\/wp\/v2\/media?parent=12344"}],"wp:term":[{"taxonomy":"pwb-brand","embeddable":true,"href":"https:\/\/gopinkish.com\/fr\/wp-json\/wp\/v2\/pwb-brand?post=12344"},{"taxonomy":"product_brand","embeddable":true,"href":"https:\/\/gopinkish.com\/fr\/wp-json\/wp\/v2\/product_brand?post=12344"},{"taxonomy":"product_cat","embeddable":true,"href":"https:\/\/gopinkish.com\/fr\/wp-json\/wp\/v2\/product_cat?post=12344"},{"taxonomy":"product_tag","embeddable":true,"href":"https:\/\/gopinkish.com\/fr\/wp-json\/wp\/v2\/product_tag?post=12344"}],"curies":[{"name":"wp","href":"https:\/\/api.w.org\/{rel}","templated":true}]}}