{"id":12246,"date":"2024-03-26T16:28:37","date_gmt":"2024-03-26T15:28:37","guid":{"rendered":"https:\/\/gopinkish.com\/?post_type=product&#038;p=12246"},"modified":"2025-05-17T18:10:20","modified_gmt":"2025-05-17T17:10:20","slug":"041554050899","status":"publish","type":"product","link":"https:\/\/gopinkish.com\/fr\/produit\/041554050899\/","title":{"rendered":"Mascara volumateur au collag\u00e8ne - Black Glam"},"content":{"rendered":"<p style=\"text-align: justify;\">Grand, audacieux et rapide ! Ce mascara sans paquets offre jusqu'\u00e0 9 fois plus de volume en une seule couche ! Les cils paraissent plus \u00e9pais et plus volumineux gr\u00e2ce \u00e0 la brosse volumineuse signature et \u00e0 une formule enrichie en double collag\u00e8ne. Test\u00e9 sous contr\u00f4le ophtalmologique et adapt\u00e9 aux porteurs de lentilles de contact.<\/p>","protected":false},"excerpt":{"rendered":"<p>Grand, audacieux et rapide ! Ce mascara sans paquets offre jusqu'\u00e0 9 fois plus de volume en une seule couche ! Les cils paraissent plus \u00e9pais et plus volumineux gr\u00e2ce \u00e0 la brosse volumineuse signature et \u00e0 une formule enrichie en double collag\u00e8ne. Test\u00e9 sous contr\u00f4le ophtalmologique et adapt\u00e9 aux porteurs de lentilles de contact.<\/p>","protected":false},"featured_media":12247,"template":"","meta":[],"pwb-brand":[238],"product_brand":[],"product_cat":[1189],"product_tag":[],"class_list":{"0":"post-12246","1":"product","2":"type-product","3":"status-publish","4":"has-post-thumbnail","6":"pwb-brand-maybelline-new-york","7":"product_cat-eyes-mascara","9":"first","10":"outofstock","11":"shipping-taxable","12":"purchasable","13":"product-type-simple"},"brands":[{"id":238,"name":"Maybelline New York","slug":"maybelline-new-york"}],"_links":{"self":[{"href":"https:\/\/gopinkish.com\/fr\/wp-json\/wp\/v2\/product\/12246","targetHints":{"allow":["GET"]}}],"collection":[{"href":"https:\/\/gopinkish.com\/fr\/wp-json\/wp\/v2\/product"}],"about":[{"href":"https:\/\/gopinkish.com\/fr\/wp-json\/wp\/v2\/types\/product"}],"wp:featuredmedia":[{"embeddable":true,"href":"https:\/\/gopinkish.com\/fr\/wp-json\/wp\/v2\/media\/12247"}],"wp:attachment":[{"href":"https:\/\/gopinkish.com\/fr\/wp-json\/wp\/v2\/media?parent=12246"}],"wp:term":[{"taxonomy":"pwb-brand","embeddable":true,"href":"https:\/\/gopinkish.com\/fr\/wp-json\/wp\/v2\/pwb-brand?post=12246"},{"taxonomy":"product_brand","embeddable":true,"href":"https:\/\/gopinkish.com\/fr\/wp-json\/wp\/v2\/product_brand?post=12246"},{"taxonomy":"product_cat","embeddable":true,"href":"https:\/\/gopinkish.com\/fr\/wp-json\/wp\/v2\/product_cat?post=12246"},{"taxonomy":"product_tag","embeddable":true,"href":"https:\/\/gopinkish.com\/fr\/wp-json\/wp\/v2\/product_tag?post=12246"}],"curies":[{"name":"wp","href":"https:\/\/api.w.org\/{rel}","templated":true}]}}