{"id":12037,"date":"2024-03-24T10:12:45","date_gmt":"2024-03-24T09:12:45","guid":{"rendered":"https:\/\/gopinkish.com\/?post_type=product&#038;p=12037"},"modified":"2026-04-21T18:05:55","modified_gmt":"2026-04-21T17:05:55","slug":"04155458liftergloss","status":"publish","type":"product","link":"https:\/\/gopinkish.com\/fr\/produit\/04155458liftergloss\/","title":{"rendered":"Rouge \u00e0 l\u00e8vres et gloss \u00e0 l'acide hyaluronique"},"content":{"rendered":"<p style=\"text-align: justify;\"><div  class=\"section-element\"><div class=\"row\"><div class=\"large-12 nasa-col columns\"><div class=\"wpb_text_column wpb_content_element\" ><p>Des l\u00e8vres hydrat\u00e9es et plus pulpeuses. Cette formule remarquable \u00e0 base d'acide hyaluronique lisse visiblement la surface des l\u00e8vres et rehausse leur contour avec une grande brillance pour des l\u00e8vres hydrat\u00e9es et plus pulpeuses. De plus, son applicateur XL permet de couvrir les l\u00e8vres en un seul passage.<\/p>\n<p dir=\"ltr\" style=\"text-align: center;\">\ud83c\uddec\ud83c\udde7 Maybelline Lifter Gloss Lip Gloss - Shade 008 Stone<br \/>\n\ud83c\uddeb\ud83c\uddf7 Gloss \u00e0 L\u00e8vres Maybelline Lifter - Teinte 008 Stone<\/p>\n<div id=\"gtx-trans\" style=\"position: absolute; left: 134px; top: 72.4545px; text-align: justify;\">\n<div class=\"gtx-trans-icon\"><\/div>\n<\/div>\n<p style=\"text-align: justify;\">\n<\/div><\/div><\/div><\/div><div  class=\"section-element\"><div class=\"row\"><div class=\"large-12 nasa-col columns\"><div class=\"nasa-compare-images-wrap\"><div class=\"nasa-compare-images\"><div class=\"hidden-tag\"><div class=\"nasa-img-compare-item before-img\" data-src=\"https:\/\/gopinkish.com\/wp-content\/uploads\/2024\/03\/slider_before-copy.webp\" data-width=\"1320\" data-height=\"742\" data-alt=\"\"><\/div><\/div><div class=\"hidden-tag\"><div class=\"nasa-img-compare-item after-img\" data-src=\"https:\/\/gopinkish.com\/wp-content\/uploads\/2024\/03\/slider_after-copy.webp\" data-width=\"1320\" data-height=\"742\" data-alt=\"\"><\/div><\/div><\/div><\/div><\/div><\/div><\/div>","protected":false},"excerpt":{"rendered":"\u0634\u0641\u0627\u0647 \u0631\u0637\u0628\u0629 \u0645\u0639 \u0645\u0638\u0647\u0631 \u0645\u0645\u062a\u0644\u064a\u0621. \u062a\u0639\u0645\u0644 \u0647\u0630\u0647 \u0627\u0644\u062a\u0631\u0643\u064a\u0628\u0629 \u0627\u0644\u0631\u0627\u0626\u0639\u0629 \u0645\u0639 \u062d\u0645\u0636 \u0627\u0644\u0647\u064a\u0627\u0644\u0648\u0631\u0648\u0646\u064a\u0643 \u0639\u0644\u0649 \u062a\u0646\u0639\u064a\u0645 \u0633\u0637\u062d \u0627\u0644\u0634\u0641\u0627\u0647 \u0628\u0634\u0643\u0644 \u0648\u0627\u0636\u062d \u0648\u062a\u0639\u0632\u064a\u0632 \u0645\u062d\u064a\u0637 \u0627\u0644\u0634\u0641\u0627\u0647 \u0628\u0644\u0645\u0639\u0627\u0646 \u0639\u0627\u0644\u064d \u0644\u0644\u062d\u0635\u0648\u0644 \u0639\u0644\u0649 \u0634\u0641\u0627\u0647 \u0631\u0637\u0628\u0629 \u0648\u0623\u0643\u062b\u0631 \u0627\u0645\u062a\u0644\u0627\u0621\u064b. \u0628\u0627\u0644\u0625\u0636\u0627\u0641\u0629 \u0625\u0644\u0649 \u0630\u0644\u0643\u060c \u0641\u0625\u0646 \u0639\u0635\u0627 XL \u0627\u0644\u062e\u0627\u0635\u0629 \u0628\u0647\u0627 \u062a\u063a\u0637\u064a \u0627\u0644\u0634\u0641\u0627\u0647 \u0628\u062a\u0645\u0631\u064a\u0631\u0629 \u0648\u0627\u062d\u062f\u0629 \u0633\u0647\u0644\u0629. \ud83c\uddec\ud83c\udde7 Maybelline Lifter Gloss Lip Gloss \u2013 Shade 008 Stone \ud83c\uddeb\ud83c\uddf7 Gloss \u00e0 [...]","protected":false},"featured_media":12062,"template":"","meta":[],"pwb-brand":[238],"product_brand":[],"product_cat":[1177,1180],"product_tag":[],"class_list":{"0":"post-12037","1":"product","2":"type-product","3":"status-publish","4":"has-post-thumbnail","6":"pwb-brand-maybelline-new-york","7":"product_cat-lips-balm-makeup","8":"product_cat-lips-gloss-makeup","10":"first","11":"instock","12":"shipping-taxable","13":"purchasable","14":"product-type-variable","15":"has-default-attributes","16":"wvs-archive-product-wrapper"},"brands":[{"id":238,"name":"Maybelline New York","slug":"maybelline-new-york"}],"_links":{"self":[{"href":"https:\/\/gopinkish.com\/fr\/wp-json\/wp\/v2\/product\/12037","targetHints":{"allow":["GET"]}}],"collection":[{"href":"https:\/\/gopinkish.com\/fr\/wp-json\/wp\/v2\/product"}],"about":[{"href":"https:\/\/gopinkish.com\/fr\/wp-json\/wp\/v2\/types\/product"}],"wp:featuredmedia":[{"embeddable":true,"href":"https:\/\/gopinkish.com\/fr\/wp-json\/wp\/v2\/media\/12062"}],"wp:attachment":[{"href":"https:\/\/gopinkish.com\/fr\/wp-json\/wp\/v2\/media?parent=12037"}],"wp:term":[{"taxonomy":"pwb-brand","embeddable":true,"href":"https:\/\/gopinkish.com\/fr\/wp-json\/wp\/v2\/pwb-brand?post=12037"},{"taxonomy":"product_brand","embeddable":true,"href":"https:\/\/gopinkish.com\/fr\/wp-json\/wp\/v2\/product_brand?post=12037"},{"taxonomy":"product_cat","embeddable":true,"href":"https:\/\/gopinkish.com\/fr\/wp-json\/wp\/v2\/product_cat?post=12037"},{"taxonomy":"product_tag","embeddable":true,"href":"https:\/\/gopinkish.com\/fr\/wp-json\/wp\/v2\/product_tag?post=12037"}],"curies":[{"name":"wp","href":"https:\/\/api.w.org\/{rel}","templated":true}]}}