{"id":12020,"date":"2024-03-18T16:44:00","date_gmt":"2024-03-18T15:44:00","guid":{"rendered":"https:\/\/gopinkish.com\/?post_type=product&#038;p=12020"},"modified":"2026-04-16T21:24:26","modified_gmt":"2026-04-16T20:24:26","slug":"3337871330262","status":"publish","type":"product","link":"https:\/\/gopinkish.com\/fr\/produit\/3337871330262\/","title":{"rendered":"Shampooing th\u00e9rapeutique contre les pellicules et les d\u00e9mangeaisons pour cheveux secs"},"content":{"rendered":"<p style=\"text-align: justify;\">Un shampooing th\u00e9rapeutique pour les cheveux secs et le cuir chevelu sensible. Il contient du disulfure de s\u00e9l\u00e9nium, un ingr\u00e9dient antifongique efficace, ainsi que de l'acide salicylique et de la glyc\u00e9rine pour hydrater les cheveux et apaiser le cuir chevelu. La formule \u00e9limine les pellicules visibles d\u00e8s la premi\u00e8re utilisation et offre une protection anti-r\u00e9cidive jusqu'\u00e0 6 semaines.<\/p>\n<p><strong>Principaux ingr\u00e9dients et caract\u00e9ristiques :<\/strong><br \/>\n- Disulfure de s\u00e9l\u00e9nium : \u00c9limine les pellicules et inhibe la croissance du champignon qui en est la cause.<br \/>\n- Acide salicylique : Aide \u00e0 exfolier en douceur et \u00e0 \u00e9liminer les cellules mortes.<br \/>\n- Glyc\u00e9rine : Hydrate les cheveux secs.<br \/>\n- Une formule douce, sans paraben.<\/p>\n<p><strong>Principales caract\u00e9ristiques et avantages :<\/strong><br \/>\n- Enl\u00e8ve jusqu'\u00e0 100% de placage visible d\u00e8s la premi\u00e8re utilisation.<br \/>\n- L'efficacit\u00e9 antipelliculaire dure jusqu'\u00e0 6 semaines.<br \/>\n- Soulage les d\u00e9mangeaisons et les irritations associ\u00e9es aux pellicules.<br \/>\n- Soulage les cheveux secs et sensibles.<br \/>\n- Laboratoire sous contr\u00f4le dermatologique et efficacit\u00e9 cliniquement prouv\u00e9e.<\/p>\n<p dir=\"ltr\" style=\"text-align: center;\">\ud83c\uddec\ud83c\udde7 Shampooing antipelliculaire Dercos (cheveux secs) - \u00c9limine les pellicules, apaise les d\u00e9mangeaisons du cuir chevelu, lutte contre les rechutes pendant 6 semaines<br \/>\n\ud83c\uddeb\ud83c\uddf7 Dercos Shampooing Dermatologique Antipelliculaire (Cheveux Secs) - \u00c9limine les Pellicules, Apaise le Cuir Chevelu, Action Anti-Rechute 6 Semaines<\/p>","protected":false},"excerpt":{"rendered":"<p>\u0634\u0627\u0645\u0628\u0648 \u0639\u0644\u0627\u062c\u064a \u0645\u062e\u0635\u0635 \u0644\u0644\u0634\u0639\u0631 \u0627\u0644\u062c\u0627\u0641 \u0648\u0641\u0631\u0648\u0629 \u0627\u0644\u0631\u0623\u0633 \u0627\u0644\u062d\u0633\u0627\u0633\u0629. \u064a\u062d\u062a\u0648\u064a \u0639\u0644\u0649 Selenium Disulfide \u0643\u0645\u0643\u0648\u0651\u0646 \u0641\u0639\u0651\u0627\u0644 \u0645\u0636\u0627\u062f \u0644\u0644\u0641\u0637\u0631\u064a\u0627\u062a\u060c \u0625\u0644\u0649 \u062c\u0627\u0646\u0628 \u062d\u0645\u0636 \u0627\u0644\u0633\u0627\u0644\u064a\u0633\u064a\u0644\u064a\u0643 \u0648\u0627\u0644\u062c\u0644\u0633\u0631\u064a\u0646 \u0644\u062a\u0631\u0637\u064a\u0628 \u0627\u0644\u0634\u0639\u0631 \u0648\u062a\u0647\u062f\u0626\u0629 \u0641\u0631\u0648\u0629 \u0627\u0644\u0631\u0623\u0633. \u0627\u0644\u062a\u0631\u0643\u064a\u0628\u0629 \u062a\u0639\u0645\u0644 \u0639\u0644\u0649 \u0627\u0644\u0642\u0636\u0627\u0621 \u0639\u0644\u0649 \u0627\u0644\u0642\u0634\u0631\u0629 \u0627\u0644\u0645\u0631\u0626\u064a\u0629 \u0645\u0646 \u0623\u0648\u0644 \u0627\u0633\u062a\u062e\u062f\u0627\u0645\u060c \u0648\u062a\u0648\u0641\u0631 \u062d\u0645\u0627\u064a\u0629 \u0645\u0636\u0627\u062f\u0629 \u0644\u0639\u0648\u062f\u062a\u0647\u0627 \u0644\u0645\u062f\u0629 \u062a\u0635\u0644 \u0625\u0644\u0649 6 \u0623\u0633\u0627\u0628\u064a\u0639. \u0627\u0644\u0645\u0643\u0648\u0646\u0627\u062a \u0648\u0627\u0644\u062e\u0635\u0627\u0626\u0635 \u0627\u0644\u0631\u0626\u064a\u0633\u064a\u0629: \u2022 Selenium Disulfide: \u064a\u0632\u064a\u0644 \u0627\u0644\u0642\u0634\u0631\u0629 \u0648\u064a\u0645\u0646\u0639 \u0646\u0645\u0648 [&hellip;]<\/p>\n","protected":false},"featured_media":12022,"template":"","meta":[],"pwb-brand":[243],"product_brand":[],"product_cat":[1148,1229],"product_tag":[691],"class_list":{"0":"post-12020","1":"product","2":"type-product","3":"status-publish","4":"has-post-thumbnail","6":"pwb-brand-vichy","7":"product_cat-hair-shampoo","8":"product_cat-hair-treatment","9":"product_tag-dandruff","11":"first","12":"outofstock","13":"shipping-taxable","14":"product-type-variable","15":"has-default-attributes","16":"wvs-archive-product-wrapper"},"brands":[{"id":243,"name":"Vichy","slug":"vichy"}],"_links":{"self":[{"href":"https:\/\/gopinkish.com\/fr\/wp-json\/wp\/v2\/product\/12020","targetHints":{"allow":["GET"]}}],"collection":[{"href":"https:\/\/gopinkish.com\/fr\/wp-json\/wp\/v2\/product"}],"about":[{"href":"https:\/\/gopinkish.com\/fr\/wp-json\/wp\/v2\/types\/product"}],"wp:featuredmedia":[{"embeddable":true,"href":"https:\/\/gopinkish.com\/fr\/wp-json\/wp\/v2\/media\/12022"}],"wp:attachment":[{"href":"https:\/\/gopinkish.com\/fr\/wp-json\/wp\/v2\/media?parent=12020"}],"wp:term":[{"taxonomy":"pwb-brand","embeddable":true,"href":"https:\/\/gopinkish.com\/fr\/wp-json\/wp\/v2\/pwb-brand?post=12020"},{"taxonomy":"product_brand","embeddable":true,"href":"https:\/\/gopinkish.com\/fr\/wp-json\/wp\/v2\/product_brand?post=12020"},{"taxonomy":"product_cat","embeddable":true,"href":"https:\/\/gopinkish.com\/fr\/wp-json\/wp\/v2\/product_cat?post=12020"},{"taxonomy":"product_tag","embeddable":true,"href":"https:\/\/gopinkish.com\/fr\/wp-json\/wp\/v2\/product_tag?post=12020"}],"curies":[{"name":"wp","href":"https:\/\/api.w.org\/{rel}","templated":true}]}}