{"id":11925,"date":"2024-03-09T17:06:46","date_gmt":"2024-03-09T16:06:46","guid":{"rendered":"https:\/\/gopinkish.com\/?post_type=product&#038;p=11925"},"modified":"2024-10-29T09:04:53","modified_gmt":"2024-10-29T08:04:53","slug":"3600531629052","status":"publish","type":"product","link":"https:\/\/gopinkish.com\/fr\/produit\/3600531629052\/","title":{"rendered":"\u0645\u0627\u0633\u0643\u0627\u0631\u0627 \u0644\u0625\u0637\u0627\u0644\u0629 \u0627\u0644\u0631\u0645\u0648\u0634 \u0642\u0627\u0628\u0644\u0629 \u0644\u0644\u063a\u0633\u0644 &#8211; \u0623\u0633\u0648\u062f \u0642\u0627\u062a\u0645"},"content":{"rendered":"<div class=\"section-element\"><div class=\"row\"><div class=\"large-12 nasa-col columns\"><div class=\"wpb_text_column wpb_content_element\" ><div>Nomm\u00e9 meilleur mascara allongeant de 2020 lors des Allure Best of Beauty Awards. Le mascara Falsies Lash Lift est un mascara liftant qui vous donne une longueur et un volume spectaculaires - un lifting des cils dans un tube !<\/div>\n<div><\/div>\n<div>Obtenez un effet lifting instantan\u00e9 des cils gr\u00e2ce au mascara. Le mascara Falsies Lash Lift Fibre offre un volume spectaculaire et des cils longs et relev\u00e9s - un mascara qui ressemble \u00e0 des faux cils ! La brosse doublement incurv\u00e9e et la formule riche en fibres saisissent les cils \u00e0 la racine pour les soulever, les volumiser et les allonger. Pas de paquets, de bavures ou d'\u00e9cailles, juste le volume et l'apparence de cils plus longs qui durent toute la journ\u00e9e.<\/div>\n<\/div><\/div><\/div><\/div><div  class=\"section-element\"><div class=\"row\"><div class=\"large-12 nasa-col columns\"><div class=\"nasa-compare-images-wrap\"><div class=\"nasa-compare-images\"><div class=\"hidden-tag\"><div class=\"nasa-img-compare-item before-img\" data-src=\"https:\/\/gopinkish.com\/wp-content\/uploads\/2024\/03\/beforeeyemacro_-mny_makl_falsies_lashlift_dmi_1600x900-copy.webp\" data-width=\"1320\" data-height=\"742\" data-alt=\"\"><\/div><\/div><div class=\"hidden-tag\"><div class=\"nasa-img-compare-item after-img\" data-src=\"https:\/\/gopinkish.com\/wp-content\/uploads\/2024\/03\/aftereyemacro_-mny_makl_falsies_lashlift_dmi_1600x900-copy.webp\" data-width=\"1320\" data-height=\"742\" data-alt=\"\"><\/div><\/div><\/div><\/div><\/div><\/div><\/div>","protected":false},"excerpt":{"rendered":"\u062d\u0635\u0644\u062a \u0639\u0644\u0649 \u0644\u0642\u0628 \u0623\u0641\u0636\u0644 \u0645\u0627\u0633\u0643\u0627\u0631\u0627 \u0644\u0644\u062a\u0637\u0648\u064a\u0644 \u0644\u0639\u0627\u0645 2020 \u0641\u064a \u062c\u0648\u0627\u0626\u0632 Allure Best of Beauty. \u0645\u0627\u0633\u0643\u0627\u0631\u0627 Falsies Lash Lift \u0647\u064a \u0645\u0627\u0633\u0643\u0627\u0631\u0627 \u0634\u062f \u062a\u0645\u0646\u062d\u0643 \u0637\u0648\u0644\u064b\u0627 \u0648\u062d\u062c\u0645\u064b\u0627 \u062f\u0631\u0627\u0645\u0627\u062a\u064a\u0643\u064a\u064b\u0627 - \u0645\u0638\u0647\u0631 \u0631\u0641\u0639 \u0627\u0644\u0631\u0645\u0648\u0634 \u0641\u064a \u0623\u0646\u0628\u0648\u0628! \u0627\u062d\u0635\u0644\u064a \u0639\u0644\u0649 \u062a\u0623\u062b\u064a\u0631 \u0641\u0648\u0631\u064a \u0644\u0634\u062f \u0627\u0644\u0631\u0645\u0648\u0634 \u0645\u0646 \u0627\u0644\u0645\u0627\u0633\u0643\u0627\u0631\u0627. \u062a\u0648\u0641\u0631 \u0645\u0627\u0633\u0643\u0627\u0631\u0627 Falsies Lash Lift \u0628\u0627\u0644\u0623\u0644\u064a\u0627\u0641 \u062d\u062c\u0645\u064b\u0627 \u062f\u0631\u0627\u0645\u0627\u062a\u064a\u0643\u064a\u064b\u0627 \u0648\u0631\u0645\u0648\u0634\u064b\u0627 \u0637\u0648\u064a\u0644\u0629 \u0648\u0645\u0631\u062a\u0641\u0639\u0629 - \u0645\u0627\u0633\u0643\u0627\u0631\u0627 \u062a\u0634\u0628\u0647 \u0627\u0644\u0631\u0645\u0648\u0634 \u0627\u0644\u0635\u0646\u0627\u0639\u064a\u0629! [...]","protected":false},"featured_media":11928,"template":"","meta":[],"pwb-brand":[238],"product_brand":[],"product_cat":[1189],"product_tag":[],"class_list":{"0":"post-11925","1":"product","2":"type-product","3":"status-publish","4":"has-post-thumbnail","6":"pwb-brand-maybelline-new-york","7":"product_cat-eyes-mascara","9":"first","10":"outofstock","11":"shipping-taxable","12":"purchasable","13":"product-type-simple"},"brands":[{"id":238,"name":"Maybelline New York","slug":"maybelline-new-york"}],"_links":{"self":[{"href":"https:\/\/gopinkish.com\/fr\/wp-json\/wp\/v2\/product\/11925","targetHints":{"allow":["GET"]}}],"collection":[{"href":"https:\/\/gopinkish.com\/fr\/wp-json\/wp\/v2\/product"}],"about":[{"href":"https:\/\/gopinkish.com\/fr\/wp-json\/wp\/v2\/types\/product"}],"wp:featuredmedia":[{"embeddable":true,"href":"https:\/\/gopinkish.com\/fr\/wp-json\/wp\/v2\/media\/11928"}],"wp:attachment":[{"href":"https:\/\/gopinkish.com\/fr\/wp-json\/wp\/v2\/media?parent=11925"}],"wp:term":[{"taxonomy":"pwb-brand","embeddable":true,"href":"https:\/\/gopinkish.com\/fr\/wp-json\/wp\/v2\/pwb-brand?post=11925"},{"taxonomy":"product_brand","embeddable":true,"href":"https:\/\/gopinkish.com\/fr\/wp-json\/wp\/v2\/product_brand?post=11925"},{"taxonomy":"product_cat","embeddable":true,"href":"https:\/\/gopinkish.com\/fr\/wp-json\/wp\/v2\/product_cat?post=11925"},{"taxonomy":"product_tag","embeddable":true,"href":"https:\/\/gopinkish.com\/fr\/wp-json\/wp\/v2\/product_tag?post=11925"}],"curies":[{"name":"wp","href":"https:\/\/api.w.org\/{rel}","templated":true}]}}