{"id":11769,"date":"2026-04-24T09:51:02","date_gmt":"2026-04-24T08:51:02","guid":{"rendered":"https:\/\/gopinkish.com\/?post_type=product&#038;p=11769"},"modified":"2026-04-27T18:01:57","modified_gmt":"2026-04-27T17:01:57","slug":"3337875816847","status":"publish","type":"product","link":"https:\/\/gopinkish.com\/fr\/produit\/3337875816847\/","title":{"rendered":"Cicaplast Palm B5+ Cr\u00e8me apaisante pour une restauration rapide"},"content":{"rendered":"<p style=\"text-align: justify;\">Une cr\u00e8me de traitement polyvalente con\u00e7ue pour les peaux sensibles ou irrit\u00e9es. Formul\u00e9e avec du panth\u00e9nol (vitamine B5) qui favorise la r\u00e9g\u00e9n\u00e9ration de la peau et assure une hydratation en profondeur, du mad\u00e9cassoside qui aide \u00e0 calmer l'inflammation, et du zinc et du mangan\u00e8se qui soutiennent le processus naturel de r\u00e9paration de la peau. Elle est \u00e9galement enrichie en eau thermale de La Roche-Posay qui apaise la peau et minimise les irritations.<\/p>\n<p><strong>Principaux ingr\u00e9dients et caract\u00e9ristiques<\/strong><br \/>\n- Panth\u00e9nol (vitamine B5) : Favorise la r\u00e9g\u00e9n\u00e9ration de la peau et l'hydrate en profondeur.<br \/>\n- Madecassoside : Calme l'inflammation et aide \u00e0 r\u00e9parer la peau<br \/>\n- Zinc + Mangan\u00e8se : Soutient le processus naturel de r\u00e9paration de la peau<br \/>\n- Eau thermale de La Roche-Posay : Apaise la peau et minimise les irritations<br \/>\n- Formule sans parfum ni parab\u00e8ne<br \/>\n- Convient au visage, au corps et aux l\u00e8vres<\/p>\n<p><strong>Principales caract\u00e9ristiques et avantages<\/strong><br \/>\n- Apaise instantan\u00e9ment les peaux irrit\u00e9es ou ab\u00eem\u00e9es<br \/>\n- Favorise la r\u00e9g\u00e9n\u00e9ration de la peau et r\u00e9tablit le confort<br \/>\n- Hydratation profonde et durable<br \/>\n- Convient aux enfants et aux adultes<br \/>\n- Id\u00e9al pour les peaux sensibles et s\u00e8ches<\/p>\n<p dir=\"ltr\" style=\"text-align: center;\">\ud83c\uddec\ud83c\udde7 La Roche-Posay Cicaplast Baume B5+ - Baume r\u00e9parateur apaisant pour les peaux irrit\u00e9es<br \/>\n\ud83c\uddeb\ud83c\uddf7 La Roche-Posay Cicaplast Baume B5+ - Baume R\u00e9parateur Apaisant Peaux Irrit\u00e9es<\/p>","protected":false},"excerpt":{"rendered":"<p>\u0643\u0631\u064a\u0645 \u0639\u0644\u0627\u062c\u064a \u0645\u062a\u0639\u062f\u062f \u0627\u0644\u0627\u0633\u062a\u062e\u062f\u0627\u0645\u0627\u062a\u060c \u0645\u0635\u0645\u0645 \u0644\u0644\u0628\u0634\u0631\u0629 \u0627\u0644\u062d\u0633\u0627\u0633\u0629 \u0623\u0648 \u0627\u0644\u0645\u062a\u0647\u064a\u062c\u0629. \u062a\u0631\u0643\u064a\u0628\u062a\u0647 \u062a\u062d\u062a\u0648\u064a \u0639\u0644\u0649 \u0628\u0627\u0646\u062b\u064a\u0646\u0648\u0644 (\u0641\u064a\u062a\u0627\u0645\u064a\u0646 B5) \u0627\u0644\u0630\u064a \u064a\u0639\u0632\u0632 \u062a\u062c\u062f\u064a\u062f \u0627\u0644\u0628\u0634\u0631\u0629 \u0648\u064a\u0645\u0646\u062d\u0647\u0627 \u062a\u0631\u0637\u064a\u0628\u064b\u0627 \u0639\u0645\u064a\u0642\u064b\u0627\u060c \u0625\u0644\u0649 \u062c\u0627\u0646\u0628 \u0645\u0627\u062f\u064a\u0643\u0627\u0633\u0648\u0633\u0627\u064a\u062f \u0627\u0644\u0630\u064a \u064a\u0633\u0627\u0639\u062f \u0639\u0644\u0649 \u062a\u0647\u062f\u0626\u0629 \u0627\u0644\u0627\u0644\u062a\u0647\u0627\u0628\u0627\u062a\u060c \u0648\u0632\u0646\u0643 + \u0645\u0627\u0646\u063a\u0646\u064a\u0632 \u0644\u062f\u0639\u0645 \u0639\u0645\u0644\u064a\u0629 \u0627\u0644\u0625\u0635\u0644\u0627\u062d \u0627\u0644\u0637\u0628\u064a\u0639\u064a\u0629 \u0644\u0644\u0628\u0634\u0631\u0629. \u0643\u0645\u0627 \u0623\u0646\u0647 \u063a\u0646\u064a \u0628\u0645\u064a\u0627\u0647 \u0644\u0627\u0631\u0648\u0634 \u0628\u0648\u0632\u064a\u0647 \u0627\u0644\u062d\u0631\u0627\u0631\u064a\u0629 \u0627\u0644\u062a\u064a \u062a\u0647\u062f\u0626 \u0627\u0644\u0628\u0634\u0631\u0629 \u0648\u062a\u0642\u0644\u0644 \u0645\u0646 \u0627\u0644\u062a\u0647\u064a\u062c. \u0627\u0644\u0645\u0643\u0648\u0646\u0627\u062a \u0648\u0627\u0644\u062e\u0635\u0627\u0626\u0635 \u0627\u0644\u0631\u0626\u064a\u0633\u064a\u0629 \u2022 [&hellip;]<\/p>\n","protected":false},"featured_media":11778,"template":"","meta":[],"pwb-brand":[225],"product_brand":[],"product_cat":[1231],"product_tag":[674],"class_list":{"0":"post-11769","1":"product","2":"type-product","3":"status-publish","4":"has-post-thumbnail","6":"pwb-brand-la-roche-posay","7":"product_cat-daily-face-care","8":"product_tag-scars","10":"first","11":"instock","12":"shipping-taxable","13":"purchasable","14":"product-type-variable","15":"has-default-attributes","16":"wvs-archive-product-wrapper"},"brands":[{"id":225,"name":"La Roche Posay","slug":"la-roche-posay"}],"_links":{"self":[{"href":"https:\/\/gopinkish.com\/fr\/wp-json\/wp\/v2\/product\/11769","targetHints":{"allow":["GET"]}}],"collection":[{"href":"https:\/\/gopinkish.com\/fr\/wp-json\/wp\/v2\/product"}],"about":[{"href":"https:\/\/gopinkish.com\/fr\/wp-json\/wp\/v2\/types\/product"}],"wp:featuredmedia":[{"embeddable":true,"href":"https:\/\/gopinkish.com\/fr\/wp-json\/wp\/v2\/media\/11778"}],"wp:attachment":[{"href":"https:\/\/gopinkish.com\/fr\/wp-json\/wp\/v2\/media?parent=11769"}],"wp:term":[{"taxonomy":"pwb-brand","embeddable":true,"href":"https:\/\/gopinkish.com\/fr\/wp-json\/wp\/v2\/pwb-brand?post=11769"},{"taxonomy":"product_brand","embeddable":true,"href":"https:\/\/gopinkish.com\/fr\/wp-json\/wp\/v2\/product_brand?post=11769"},{"taxonomy":"product_cat","embeddable":true,"href":"https:\/\/gopinkish.com\/fr\/wp-json\/wp\/v2\/product_cat?post=11769"},{"taxonomy":"product_tag","embeddable":true,"href":"https:\/\/gopinkish.com\/fr\/wp-json\/wp\/v2\/product_tag?post=11769"}],"curies":[{"name":"wp","href":"https:\/\/api.w.org\/{rel}","templated":true}]}}