{"id":11667,"date":"2024-02-26T09:58:31","date_gmt":"2024-02-26T08:58:31","guid":{"rendered":"https:\/\/gopinkish.com\/?post_type=product&#038;p=11667"},"modified":"2026-04-21T14:07:26","modified_gmt":"2026-04-21T13:07:26","slug":"0415545414superstay","status":"publish","type":"product","link":"https:\/\/gopinkish.com\/fr\/produit\/0415545414superstay\/","title":{"rendered":"Fond de teint liquide SuperStay\u00ae 30 heures"},"content":{"rendered":"<p style=\"text-align: justify;\">Le fond de teint Maybelline Super Stay\u00ae Active Wear Full Coverage offre jusqu'\u00e0 30 heures de tenue, il est l\u00e9ger comme l'air et ne transf\u00e8re pas.<\/p>\n<p style=\"text-align: justify;\">Combattez l'horloge avec jusqu'\u00e0 30 heures d'efficacit\u00e9 gr\u00e2ce \u00e0 ce fond de teint longue tenue, \u00e0 couvrance totale et aussi l\u00e9ger que l'air. Super Stay est un fond de teint r\u00e9sistant \u00e0 la transpiration, \u00e0 l'eau et au transfert. Lorsqu'il s'agit d'un fond de teint pleine couvrance en magasin avec un fini l\u00e9ger et naturel, ce fond de teint longue tenue va au-del\u00e0 pour transformer l'aspect de votre peau. Le fond de teint Maybelline Super Stay est un fond de teint sans huile, non com\u00e9dog\u00e8ne et test\u00e9 par des dermatologues. Pour tous les types de peau.<\/p>\n<p dir=\"ltr\" style=\"text-align: center;\">\ud83c\uddec\ud83c\udde7 Fond de teint Maybelline Super Stay Active Wear<br \/>\n\ud83c\uddeb\ud83c\uddf7 Fond de Teint Maybelline Super Stay Active Wear<\/p>\n<p dir=\"ltr\" style=\"text-align: center;\">","protected":false},"excerpt":{"rendered":"<p>\u064a\u0648\u0641\u0631 \u0643\u0631\u064a\u0645 \u0627\u0644\u0623\u0633\u0627\u0633 Maybelline Super Stay\u00ae Active Wear Full Coverage \u0645\u0627 \u064a\u0635\u0644 \u0625\u0644\u0649 30 \u0633\u0627\u0639\u0629 \u0645\u0646 \u0627\u0644\u062b\u0628\u0627\u062a \u0627\u0644\u0630\u064a \u064a\u0628\u062f\u0648 \u062e\u0641\u064a\u0641\u064b\u0627 \u0643\u0627\u0644\u0647\u0648\u0627\u0621 \u0648\u0644\u0627 \u064a\u0646\u062a\u0642\u0644. \u0642\u0627\u0648\u0645\u064a \u0627\u0644\u0632\u0645\u0646 \u0628\u0623\u062f\u0627\u0621 \u064a\u062f\u0648\u0645 \u062d\u062a\u0649 30 \u0633\u0627\u0639\u0629 \u0645\u0639 \u0643\u0631\u064a\u0645 \u0627\u0644\u0623\u0633\u0627\u0633 \u0630\u0648 \u0627\u0644\u062a\u063a\u0637\u064a\u0629 \u0627\u0644\u0643\u0627\u0645\u0644\u0629 \u0627\u0644\u0630\u064a \u064a\u062f\u0648\u0645 \u0637\u0648\u064a\u0644\u0627\u064b \u0648\u0627\u0644\u0630\u064a \u064a\u0645\u0646\u062d\u0643 \u0634\u0639\u0648\u0631\u064b\u0627 \u0628\u0627\u0644\u062e\u0641\u0629 \u0643\u0627\u0644\u0647\u0648\u0627\u0621. \u0643\u0631\u064a\u0645 \u0627\u0644\u0623\u0633\u0627\u0633 Super Stay \u0647\u0648 \u0643\u0631\u064a\u0645 \u0623\u0633\u0627\u0633 \u0645\u0642\u0627\u0648\u0645 \u0644\u0644\u0639\u0631\u0642 \u0648\u0627\u0644\u0645\u0627\u0621 \u0648\u0645\u0642\u0627\u0648\u0645 [&hellip;]<\/p>\n","protected":false},"featured_media":11671,"template":"","meta":[],"pwb-brand":[238],"product_brand":[],"product_cat":[1175],"product_tag":[],"class_list":{"0":"post-11667","1":"product","2":"type-product","3":"status-publish","4":"has-post-thumbnail","6":"pwb-brand-maybelline-new-york","7":"product_cat-foundation-makeup","9":"first","10":"instock","11":"shipping-taxable","12":"purchasable","13":"product-type-variable","14":"has-default-attributes","15":"wvs-archive-product-wrapper"},"brands":[{"id":238,"name":"Maybelline New York","slug":"maybelline-new-york"}],"_links":{"self":[{"href":"https:\/\/gopinkish.com\/fr\/wp-json\/wp\/v2\/product\/11667","targetHints":{"allow":["GET"]}}],"collection":[{"href":"https:\/\/gopinkish.com\/fr\/wp-json\/wp\/v2\/product"}],"about":[{"href":"https:\/\/gopinkish.com\/fr\/wp-json\/wp\/v2\/types\/product"}],"wp:featuredmedia":[{"embeddable":true,"href":"https:\/\/gopinkish.com\/fr\/wp-json\/wp\/v2\/media\/11671"}],"wp:attachment":[{"href":"https:\/\/gopinkish.com\/fr\/wp-json\/wp\/v2\/media?parent=11667"}],"wp:term":[{"taxonomy":"pwb-brand","embeddable":true,"href":"https:\/\/gopinkish.com\/fr\/wp-json\/wp\/v2\/pwb-brand?post=11667"},{"taxonomy":"product_brand","embeddable":true,"href":"https:\/\/gopinkish.com\/fr\/wp-json\/wp\/v2\/product_brand?post=11667"},{"taxonomy":"product_cat","embeddable":true,"href":"https:\/\/gopinkish.com\/fr\/wp-json\/wp\/v2\/product_cat?post=11667"},{"taxonomy":"product_tag","embeddable":true,"href":"https:\/\/gopinkish.com\/fr\/wp-json\/wp\/v2\/product_tag?post=11667"}],"curies":[{"name":"wp","href":"https:\/\/api.w.org\/{rel}","templated":true}]}}