{"id":11533,"date":"2024-02-25T14:10:22","date_gmt":"2024-02-25T13:10:22","guid":{"rendered":"https:\/\/gopinkish.com\/?post_type=product&#038;p=11533"},"modified":"2026-03-15T03:41:13","modified_gmt":"2026-03-15T02:41:13","slug":"65198600concealer","status":"publish","type":"product","link":"https:\/\/gopinkish.com\/fr\/produit\/65198600concealer\/","title":{"rendered":"Anti-cernes multit\u00e2ches ultra-couvrant"},"content":{"rendered":"<p style=\"text-align: justify;\">\u0643\u0648\u0646\u0633\u064a\u0644\u0631 \u0645\u0631\u0637\u0628 \u0628\u062a\u063a\u0637\u064a\u0629 \u0643\u0627\u0645\u0644\u0629. \u062e\u0641\u064a\u0641 \u0627\u0644\u0648\u0632\u0646. \u0623\u0631\u0628\u0639\u0629 \u0641\u064a \u0648\u0627\u062d\u062f\u060c \u064a\u062e\u0641\u064a \u0648\u064a\u062d\u062f\u062f \u0648\u064a\u0628\u0631\u0632 \u0648\u064a\u0646\u0642\u062d \u0641\u064a \u0645\u062c\u0645\u0648\u0639\u0629 \u0648\u0627\u0633\u0639\u0629 \u0645\u0646 \u0627\u0644\u0638\u0644\u0627\u0644 \u0627\u0644\u062e\u0627\u0644\u064a\u0629 \u0645\u0646 \u0627\u0644\u0639\u064a\u0648\u0628.<\/p>\n<p style=\"text-align: justify;\">\u0627\u0644\u062a\u063a\u0637\u064a\u0629: \u0643\u0627\u0645\u0644\u0629<\/p>\n<p style=\"text-align: justify;\">La touche finale : Naturel<\/p>\n<p style=\"text-align: justify;\">Composition : Liquide<\/p>\n<p style=\"text-align: justify;\">\n<p style=\"text-align: justify;\">Ingr\u00e9dients vedettes :<\/p>\n<p style=\"text-align: justify;\">- Eau de coco : Aide \u00e0 reconstituer les niveaux d'hydratation de la peau.<\/p>\n<p style=\"text-align: justify;\">- Rose des Alpes : Contribue \u00e0 la sant\u00e9 et \u00e0 l'\u00e9lasticit\u00e9 de la peau.<\/p>\n<p style=\"text-align: justify;\">- Acide hyaluronique : Donne une apparence plus lisse et plus jeune.<\/p>\n<p style=\"text-align: justify;\">\n<p style=\"text-align: justify;\">\u062e\u0627\u0644\u064a \u0645\u0646 \u0627\u0644\u0628\u0627\u0631\u0627\u0628\u064a\u0646.<\/p>\n<p style=\"text-align: justify;\">\n<p style=\"text-align: justify;\">\u062d\u0642\u0642\u064a \u0627\u0644\u0643\u062b\u064a\u0631 \u0645\u0639 \u0627\u0644\u0642\u0644\u064a\u0644 \u0645\u0646 \u0647\u0630\u0627 \u0627\u0644\u0643\u0648\u0646\u0633\u064a\u0644\u0631 \u0627\u0644\u0630\u064a \u064a\u062f\u0648\u0645 \u0637\u0648\u064a\u0644\u0627\u064b \u0648\u0627\u0644\u0642\u0627\u0628\u0644 \u0644\u0644\u0628\u0646\u0627\u0621 \u0648\u0645\u062a\u0639\u062f\u062f \u0627\u0644\u0645\u0647\u0627\u0645 \u062d\u064a\u062b \u064a\u062e\u0641\u064a \u0627\u0644\u0639\u064a\u0648\u0628 \u0648\u064a\u0646\u0639\u0645 \u0648\u064a\u0646\u062d\u062a \u0627\u0644\u0628\u0634\u0631\u0629 \u0644\u0644\u062d\u0635\u0648\u0644 \u0639\u0644\u0649 \u062a\u063a\u0637\u064a\u0629 \u0630\u0627\u062a \u0645\u0638\u0647\u0631 \u0637\u0628\u064a\u0639\u064a. \u0647\u0630\u0647 \u0627\u0644\u062a\u0631\u0643\u064a\u0628\u0629 \u0644\u0627 \u062a\u0633\u0628\u0628 \u0627\u0646\u0633\u062f\u0627\u062f \u0627\u0644\u0645\u0633\u0627\u0645\u0627\u062a \u0648\u062a\u0648\u0641\u0631 \u0645\u0638\u0647\u0631\u064b\u0627 \u062e\u0627\u0644\u064a\u064b\u0627 \u0645\u0646 \u0627\u0644\u062a\u062c\u0627\u0639\u064a\u062f \u0648\u062e\u0641\u064a\u0641 \u0627\u0644\u0648\u0632\u0646 \u0648\u0644\u0627 \u062a\u0634\u0648\u0628\u0647 \u0634\u0627\u0626\u0628\u0629 \u0628\u0634\u0643\u0644 \u0637\u0628\u064a\u0639\u064a \u0644\u062f\u0631\u062c\u0629 \u0623\u0646 \u0645\u0646 \u064a\u0631\u0627\u0647\u0627 \u0633\u064a\u0639\u062a\u0642\u062f \u0623\u0646\u0647\u0627 \u0628\u0634\u0631\u062a\u0643 \u0627\u0644\u0637\u0628\u064a\u0639\u064a\u0629.<\/p>\n<p dir=\"ltr\" style=\"text-align: center;\">\ud83c\uddec\ud83c\udde7 Too Faced Born This Way Super Coverage Multi-Use Concealer<br \/>\n\ud83c\uddeb\ud83c\uddf7 Correcteur Multi-Usages Too Faced Born This Way Super Coverage<\/p>\n<div id=\"gtx-trans\" style=\"position: absolute; left: 579px; top: 600.455px;\">\n<div class=\"gtx-trans-icon\" style=\"text-align: justify;\"><\/div>\n<\/div>","protected":false},"excerpt":{"rendered":"<p>\u0643\u0648\u0646\u0633\u064a\u0644\u0631 \u0645\u0631\u0637\u0628 \u0628\u062a\u063a\u0637\u064a\u0629 \u0643\u0627\u0645\u0644\u0629. \u062e\u0641\u064a\u0641 \u0627\u0644\u0648\u0632\u0646. \u0623\u0631\u0628\u0639\u0629 \u0641\u064a \u0648\u0627\u062d\u062f\u060c \u064a\u062e\u0641\u064a \u0648\u064a\u062d\u062f\u062f \u0648\u064a\u0628\u0631\u0632 \u0648\u064a\u0646\u0642\u062d \u0641\u064a \u0645\u062c\u0645\u0648\u0639\u0629 \u0648\u0627\u0633\u0639\u0629 \u0645\u0646 \u0627\u0644\u0638\u0644\u0627\u0644 \u0627\u0644\u062e\u0627\u0644\u064a\u0629 \u0645\u0646 \u0627\u0644\u0639\u064a\u0648\u0628. \u0627\u0644\u062a\u063a\u0637\u064a\u0629: \u0643\u0627\u0645\u0644\u0629 \u0627\u0644\u0644\u0645\u0633\u0629 \u0627\u0644\u0646\u0647\u0627\u0626\u064a\u0629: \u0637\u0628\u064a\u0639\u064a\u0629 \u0627\u0644\u062a\u0631\u0643\u064a\u0628\u0629: \u0633\u0627\u0626\u0644 \u0627\u0644\u0645\u0643\u0648\u0646\u0627\u062a \u0627\u0644\u0645\u0645\u064a\u0632\u0629: &#8211; \u0645\u0627\u0621 \u062c\u0648\u0632 \u0627\u0644\u0647\u0646\u062f: \u064a\u0633\u0627\u0639\u062f \u0639\u0644\u0649 \u062a\u062c\u062f\u064a\u062f \u0645\u0633\u062a\u0648\u064a\u0627\u062a \u0631\u0637\u0648\u0628\u0629 \u0627\u0644\u0628\u0634\u0631\u0629 \u0628\u062f\u0642\u0629. &#8211; \u0648\u0631\u062f\u0629 \u062c\u0628\u0627\u0644 \u0627\u0644\u0623\u0644\u0628: \u062a\u0633\u0627\u0639\u062f \u0639\u0644\u0649 \u062f\u0639\u0645 \u0635\u062d\u0629 \u0627\u0644\u0628\u0634\u0631\u0629 \u0648\u0645\u0631\u0648\u0646\u062a\u0647\u0627. &#8211; \u062d\u0645\u0636 \u0627\u0644\u0647\u064a\u0627\u0644\u0648\u0631\u0648\u0646\u064a\u0643: \u064a\u0639\u0637\u064a [&hellip;]<\/p>\n","protected":false},"featured_media":11544,"template":"","meta":[],"pwb-brand":[752],"product_brand":[],"product_cat":[1173],"product_tag":[],"class_list":{"0":"post-11533","1":"product","2":"type-product","3":"status-publish","4":"has-post-thumbnail","6":"pwb-brand-toofaced","7":"product_cat-concealer-makeup","9":"first","10":"outofstock","11":"shipping-taxable","12":"product-type-variable","13":"has-default-attributes","14":"wvs-archive-product-wrapper"},"brands":[{"id":752,"name":"Too Faced","slug":"toofaced"}],"_links":{"self":[{"href":"https:\/\/gopinkish.com\/fr\/wp-json\/wp\/v2\/product\/11533","targetHints":{"allow":["GET"]}}],"collection":[{"href":"https:\/\/gopinkish.com\/fr\/wp-json\/wp\/v2\/product"}],"about":[{"href":"https:\/\/gopinkish.com\/fr\/wp-json\/wp\/v2\/types\/product"}],"wp:featuredmedia":[{"embeddable":true,"href":"https:\/\/gopinkish.com\/fr\/wp-json\/wp\/v2\/media\/11544"}],"wp:attachment":[{"href":"https:\/\/gopinkish.com\/fr\/wp-json\/wp\/v2\/media?parent=11533"}],"wp:term":[{"taxonomy":"pwb-brand","embeddable":true,"href":"https:\/\/gopinkish.com\/fr\/wp-json\/wp\/v2\/pwb-brand?post=11533"},{"taxonomy":"product_brand","embeddable":true,"href":"https:\/\/gopinkish.com\/fr\/wp-json\/wp\/v2\/product_brand?post=11533"},{"taxonomy":"product_cat","embeddable":true,"href":"https:\/\/gopinkish.com\/fr\/wp-json\/wp\/v2\/product_cat?post=11533"},{"taxonomy":"product_tag","embeddable":true,"href":"https:\/\/gopinkish.com\/fr\/wp-json\/wp\/v2\/product_tag?post=11533"}],"curies":[{"name":"wp","href":"https:\/\/api.w.org\/{rel}","templated":true}]}}