{"id":11517,"date":"2024-02-25T13:51:41","date_gmt":"2024-02-25T12:51:41","guid":{"rendered":"https:\/\/gopinkish.com\/?post_type=product&#038;p=11517"},"modified":"2025-08-04T22:00:30","modified_gmt":"2025-08-04T21:00:30","slug":"65198670-2","status":"publish","type":"product","link":"https:\/\/gopinkish.com\/fr\/produit\/65198670-2\/","title":{"rendered":"\u0643\u0631\u064a\u0645 \u0623\u0633\u0627\u0633 \u0633\u0627\u0626\u0644 \u0645\u0637\u0641\u064a &#8211; 24 \u0633\u0627\u0639\u0629"},"content":{"rendered":"<p style=\"text-align: justify;\">\u0643\u0631\u064a\u0645 \u0623\u0633\u0627\u0633 \u0633\u0627\u0626\u0644 \u0637\u0628\u064a\u0639\u064a \u063a\u064a\u0631 \u0644\u0627\u0645\u0639 \u062e\u0627\u0644\u064d \u0645\u0646 \u0627\u0644\u0632\u064a\u0648\u062a \u0648\u064a\u062f\u0648\u0645 \u0637\u0648\u064a\u0644\u0627\u064b \u0645\u0639 \u062d\u0645\u0636 \u0627\u0644\u0647\u064a\u0627\u0644\u0648\u0631\u0648\u0646\u064a\u0643 \u0627\u0644\u0630\u064a \u064a\u062c\u0639\u0644\u0643 \u062a\u0628\u062f\u064a\u0646 \u062e\u0627\u0644\u064a\u0629 \u0645\u0646 \u0627\u0644\u0639\u064a\u0648\u0628 \u0644\u0645\u062f\u0629 \u062a\u0635\u0644 \u0625\u0644\u0649 24 \u0633\u0627\u0639\u0629.<\/p>\n<p style=\"text-align: justify;\">Couverture : Moyen<\/p>\n<p style=\"text-align: justify;\">\u0627\u0644\u0646\u0647\u0627\u064a\u0629: \u0645\u0627\u062a<\/p>\n<p style=\"text-align: justify;\">Composition : Liquide<\/p>\n<p>&nbsp;<\/p>\n<p style=\"text-align: justify;\">Ingr\u00e9dients vedettes :<\/p>\n<p style=\"text-align: justify;\">&#8211; \u0645\u0627\u0621 \u062c\u0648\u0632 \u0627\u0644\u0647\u0646\u062f: \u064a\u0633\u0627\u0639\u062f \u0639\u0644\u0649 \u062a\u0631\u0637\u064a\u0628 \u0627\u0644\u0628\u0634\u0631\u0629 \u0644\u062a\u062c\u062f\u064a\u062f \u0645\u0633\u062a\u0648\u064a\u0627\u062a \u0627\u0644\u0631\u0637\u0648\u0628\u0629<\/p>\n<p style=\"text-align: justify;\">- Rose des Alpes : Contribue \u00e0 la sant\u00e9 et \u00e0 l'\u00e9lasticit\u00e9 de la peau.<\/p>\n<p style=\"text-align: justify;\">- Acide hyaluronique : Donne une apparence plus lisse et plus jeune.<\/p>\n<p style=\"text-align: justify;\">\n<p style=\"text-align: justify;\">\u062e\u0627\u0644\u064a \u0645\u0646 \u0627\u0644\u0628\u0627\u0631\u0627\u0628\u064a\u0646.<\/p>\n<p style=\"text-align: justify;\">\u064a\u0646\u0633\u0627\u0628 \u0643\u0631\u064a\u0645 \u0627\u0644\u0623\u0633\u0627\u0633 \u0627\u0644\u0633\u0627\u0626\u0644 \u063a\u064a\u0631 \u0627\u0644\u0645\u0624\u0643\u0633\u062f \u0647\u0630\u0627 \u0639\u0644\u0649 \u0646\u062d\u0648 \u062e\u0641\u064a\u0641 \u0627\u0644\u0648\u0632\u0646\u060c \u0648\u064a\u0635\u062d\u062d \u0627\u0644\u0639\u064a\u0648\u0628 \u0648\u0627\u0644\u0627\u062d\u0645\u0631\u0627\u0631 \u0644\u064a\u0643\u0634\u0641 \u0639\u0646 \u0627\u0644\u0645\u0638\u0647\u0631 \u0627\u0644\u062e\u0627\u0644\u064a \u0645\u0646 \u0627\u0644\u0644\u0645\u0639\u0627\u0646 \u0637\u0648\u0627\u0644 \u0627\u0644\u064a\u0648\u0645 \u0644\u0628\u0634\u0631\u0629 \u062e\u0627\u0644\u064a\u0629 \u0645\u0646 \u0627\u0644\u0639\u064a\u0648\u0628 \u0628\u0634\u0643\u0644 \u0637\u0628\u064a\u0639\u064a. \u064a\u0648\u0641\u0631 \u0643\u0631\u064a\u0645 \u0627\u0644\u0623\u0633\u0627\u0633 \u062a\u063a\u0637\u064a\u0629 \u0645\u062a\u0648\u0633\u0637\u0629 \u0625\u0644\u0649 \u0643\u0627\u0645\u0644\u0629 \u0642\u0627\u0628\u0644\u0629 \u0644\u0644\u0628\u0646\u0627\u0621. \u0645\u0642\u0627\u0648\u0645 \u0644\u0644\u0645\u0627\u0621\u060c \u0648\u062e\u0627\u0644\u064a \u0645\u0646 \u0627\u0644\u0632\u064a\u0648\u062a\u060c \u0648\u0645\u0642\u0627\u0648\u0645 \u0644\u0644\u0627\u0646\u062a\u0642\u0627\u0644.<\/p>\n<p style=\"text-align: justify;\">\n<p style=\"text-align: justify;\">\u0627\u0644\u0646\u062a\u0627\u0626\u062c \u0627\u0644\u0633\u0631\u064a\u0631\u064a\u0629: \u0641\u064a \u062f\u0631\u0627\u0633\u0629 \u0644\u0645\u062f\u0629 \u0623\u0633\u0628\u0648\u0639 \u0648\u0627\u062d\u062f \u0634\u0645\u0644\u062a 107 \u0627\u0645\u0631\u0623\u0629:<\/p>\n<p style=\"text-align: justify;\">&#8211; 96% \u0642\u0627\u0644\u0648\u0627 \u0625\u0646 \u0643\u0631\u064a\u0645 \u0627\u0644\u0623\u0633\u0627\u0633 \u0647\u0630\u0627 \u064a\u062a\u0645\u064a\u0632 \u0628\u062e\u0641\u0629 \u0648\u0632\u0646\u0647 \u0639\u0644\u0649 \u0627\u0644\u0628\u0634\u0631\u0629.<\/p>\n<p style=\"text-align: justify;\">&#8211; 99% \u0642\u0627\u0644\u0648\u0627 \u0625\u0646 \u0643\u0631\u064a\u0645 \u0627\u0644\u0623\u0633\u0627\u0633 \u0647\u0630\u0627 \u064a\u0632\u064a\u0644 \u0627\u0644\u0639\u064a\u0648\u0628 \u062a\u0645\u0627\u0645\u0627\u064b.<\/p>\n<p style=\"text-align: justify;\">&#8211; 93% \u0642\u0644\u0646 \u0623\u0646 \u0643\u0631\u064a\u0645 \u0627\u0644\u0623\u0633\u0627\u0633 \u0647\u0630\u0627 \u064a\u0648\u0641\u0631 \u062a\u063a\u0637\u064a\u0629 \u063a\u064a\u0631 \u0642\u0627\u0628\u0644\u0629 \u0644\u0644\u0627\u0643\u062a\u0634\u0627\u0641.<\/p>\n<p dir=\"ltr\" style=\"text-align: center;\">\ud83c\uddec\ud83c\udde7 Too Faced Born This Way Matte 24 Hour Foundation<br \/>\n\ud83c\uddeb\ud83c\uddf7 Fond de Teint Mat 24 Heures Too Faced Born This Way<\/p>","protected":false},"excerpt":{"rendered":"<p>\u0643\u0631\u064a\u0645 \u0623\u0633\u0627\u0633 \u0633\u0627\u0626\u0644 \u0637\u0628\u064a\u0639\u064a \u063a\u064a\u0631 \u0644\u0627\u0645\u0639 \u062e\u0627\u0644\u064d \u0645\u0646 \u0627\u0644\u0632\u064a\u0648\u062a \u0648\u064a\u062f\u0648\u0645 \u0637\u0648\u064a\u0644\u0627\u064b \u0645\u0639 \u062d\u0645\u0636 \u0627\u0644\u0647\u064a\u0627\u0644\u0648\u0631\u0648\u0646\u064a\u0643 \u0627\u0644\u0630\u064a \u064a\u062c\u0639\u0644\u0643 \u062a\u0628\u062f\u064a\u0646 \u062e\u0627\u0644\u064a\u0629 \u0645\u0646 \u0627\u0644\u0639\u064a\u0648\u0628 \u0644\u0645\u062f\u0629 \u062a\u0635\u0644 \u0625\u0644\u0649 24 \u0633\u0627\u0639\u0629. \u0627\u0644\u062a\u063a\u0637\u064a\u0629: \u0645\u062a\u0648\u0633\u0637\u0629 \u0627\u0644\u0646\u0647\u0627\u064a\u0629: \u0645\u0627\u062a \u0627\u0644\u062a\u0631\u0643\u064a\u0628\u0629: \u0633\u0627\u0626\u0644 &nbsp; \u0627\u0644\u0645\u0643\u0648\u0646\u0627\u062a \u0627\u0644\u0645\u0645\u064a\u0632\u0629: &#8211; \u0645\u0627\u0621 \u062c\u0648\u0632 \u0627\u0644\u0647\u0646\u062f: \u064a\u0633\u0627\u0639\u062f \u0639\u0644\u0649 \u062a\u0631\u0637\u064a\u0628 \u0627\u0644\u0628\u0634\u0631\u0629 \u0644\u062a\u062c\u062f\u064a\u062f \u0645\u0633\u062a\u0648\u064a\u0627\u062a \u0627\u0644\u0631\u0637\u0648\u0628\u0629 &#8211; \u0648\u0631\u062f\u0629 \u062c\u0628\u0627\u0644 \u0627\u0644\u0623\u0644\u0628: \u062a\u0633\u0627\u0639\u062f \u0639\u0644\u0649 \u062f\u0639\u0645 \u0635\u062d\u0629 \u0627\u0644\u0628\u0634\u0631\u0629 \u0648\u0645\u0631\u0648\u0646\u062a\u0647\u0627. [&hellip;]<\/p>\n","protected":false},"featured_media":11523,"template":"","meta":[],"pwb-brand":[752],"product_brand":[],"product_cat":[1175],"product_tag":[],"class_list":{"0":"post-11517","1":"product","2":"type-product","3":"status-publish","4":"has-post-thumbnail","6":"pwb-brand-toofaced","7":"product_cat-foundation-makeup","9":"first","10":"outofstock","11":"shipping-taxable","12":"product-type-variable","13":"has-default-attributes","14":"wvs-archive-product-wrapper"},"brands":[{"id":752,"name":"Too Faced","slug":"toofaced"}],"_links":{"self":[{"href":"https:\/\/gopinkish.com\/fr\/wp-json\/wp\/v2\/product\/11517","targetHints":{"allow":["GET"]}}],"collection":[{"href":"https:\/\/gopinkish.com\/fr\/wp-json\/wp\/v2\/product"}],"about":[{"href":"https:\/\/gopinkish.com\/fr\/wp-json\/wp\/v2\/types\/product"}],"wp:featuredmedia":[{"embeddable":true,"href":"https:\/\/gopinkish.com\/fr\/wp-json\/wp\/v2\/media\/11523"}],"wp:attachment":[{"href":"https:\/\/gopinkish.com\/fr\/wp-json\/wp\/v2\/media?parent=11517"}],"wp:term":[{"taxonomy":"pwb-brand","embeddable":true,"href":"https:\/\/gopinkish.com\/fr\/wp-json\/wp\/v2\/pwb-brand?post=11517"},{"taxonomy":"product_brand","embeddable":true,"href":"https:\/\/gopinkish.com\/fr\/wp-json\/wp\/v2\/product_brand?post=11517"},{"taxonomy":"product_cat","embeddable":true,"href":"https:\/\/gopinkish.com\/fr\/wp-json\/wp\/v2\/product_cat?post=11517"},{"taxonomy":"product_tag","embeddable":true,"href":"https:\/\/gopinkish.com\/fr\/wp-json\/wp\/v2\/product_tag?post=11517"}],"curies":[{"name":"wp","href":"https:\/\/api.w.org\/{rel}","templated":true}]}}