{"id":11498,"date":"2024-02-25T13:02:58","date_gmt":"2024-02-25T12:02:58","guid":{"rendered":"https:\/\/gopinkish.com\/?post_type=product&#038;p=11498"},"modified":"2025-08-04T21:59:07","modified_gmt":"2025-08-04T20:59:07","slug":"65198670","status":"publish","type":"product","link":"https:\/\/gopinkish.com\/fr\/produit\/65198670\/","title":{"rendered":"Fond de teint liquide au fini naturel et durable"},"content":{"rendered":"<p>Un fond de teint l\u00e9ger, sans huile, qui estompe la fronti\u00e8re entre le maquillage et la peau pour une couvrance ind\u00e9tectable.<\/p>\n<p>Couverture : Moyen<\/p>\n<p>La touche finale : Naturel<\/p>\n<p>Composition : Liquide<\/p>\n<p>Ingr\u00e9dients vedettes :<br \/>\n- Eau de coco : Aide \u00e0 reconstituer les niveaux d'hydratation de la peau.<br \/>\n- Rose des Alpes : Contribue \u00e0 la sant\u00e9 et \u00e0 l'\u00e9lasticit\u00e9 de la peau.<br \/>\n- Acide hyaluronique : Donne une apparence plus lisse et plus jeune.<\/p>\n<p>Sans parab\u00e8ne. Il est \u00e9galement v\u00e9g\u00e9talien et sans gluten.<\/p>\n<p>Ce fond de teint de couvrance moyenne \u00e0 compl\u00e8te est sans huile et non com\u00e9dog\u00e8ne. Sa formule hydratante est durable et adapt\u00e9e aux photos (il ne fait pas briller).<\/p>\n<p>R\u00e9sultats cliniques : Dans un panel de consommateurs compos\u00e9 de 30 femmes \u00e2g\u00e9es de 18 \u00e0 35 ans :<br \/>\n- 100% a d\u00e9clar\u00e9 que ce fond de teint estompe parfaitement les imperfections de la peau.<br \/>\n- 100% ont d\u00e9clar\u00e9 que ce fond de teint donnait \u00e0 leur peau un aspect parfait.<br \/>\n- 97% Elles ont dit que ce fond de teint offrait une couverture naturelle.<\/p>\n<p dir=\"ltr\" style=\"text-align: center;\">\ud83c\uddec\ud83c\udde7 Too Faced Born This Way Natural Finish Longwear Liquid Foundation<br \/>\n\ud83c\uddeb\ud83c\uddf7 Fond de Teint Liquide Longue Tenue Too Faced Born This Way Fini Naturel<\/p>","protected":false},"excerpt":{"rendered":"<p>\u0643\u0631\u064a\u0645 \u0623\u0633\u0627\u0633 \u062e\u0641\u064a\u0641 \u0627\u0644\u0648\u0632\u0646 \u0648\u062e\u0627\u0644\u064a \u0645\u0646 \u0627\u0644\u0632\u064a\u0648\u062a \u064a\u0648\u0632\u0639 \u0627\u0644\u062e\u0637 \u0627\u0644\u0641\u0627\u0635\u0644 \u0628\u064a\u0646 \u0627\u0644\u0645\u0643\u064a\u0627\u062c \u0648\u0627\u0644\u0628\u0634\u0631\u0629 \u0628\u0628\u0631\u0627\u0639\u0629 \u0644\u0644\u062d\u0635\u0648\u0644 \u0639\u0644\u0649 \u062a\u063a\u0637\u064a\u0629 \u0644\u0627 \u064a\u0645\u0643\u0646 \u0627\u0643\u062a\u0634\u0627\u0641\u0647\u0627. \u0627\u0644\u062a\u063a\u0637\u064a\u0629: \u0645\u062a\u0648\u0633\u0637\u0629 \u0627\u0644\u0644\u0645\u0633\u0629 \u0627\u0644\u0646\u0647\u0627\u0626\u064a\u0629: \u0637\u0628\u064a\u0639\u064a\u0629 \u0627\u0644\u062a\u0631\u0643\u064a\u0628\u0629: \u0633\u0627\u0626\u0644 \u0627\u0644\u0645\u0643\u0648\u0646\u0627\u062a \u0627\u0644\u0645\u0645\u064a\u0632\u0629: &#8211; \u0645\u0627\u0621 \u062c\u0648\u0632 \u0627\u0644\u0647\u0646\u062f: \u064a\u0633\u0627\u0639\u062f \u0639\u0644\u0649 \u062a\u062c\u062f\u064a\u062f \u0645\u0633\u062a\u0648\u064a\u0627\u062a \u0631\u0637\u0648\u0628\u0629 \u0627\u0644\u0628\u0634\u0631\u0629 \u0628\u062f\u0642\u0629. &#8211; \u0648\u0631\u062f\u0629 \u062c\u0628\u0627\u0644 \u0627\u0644\u0623\u0644\u0628: \u062a\u0633\u0627\u0639\u062f \u0639\u0644\u0649 \u062f\u0639\u0645 \u0635\u062d\u0629 \u0627\u0644\u0628\u0634\u0631\u0629 \u0648\u0645\u0631\u0648\u0646\u062a\u0647\u0627. &#8211; \u062d\u0645\u0636 \u0627\u0644\u0647\u064a\u0627\u0644\u0648\u0631\u0648\u0646\u064a\u0643: \u064a\u0639\u0637\u064a \u0645\u0638\u0647\u0631\u0627\u064b [&hellip;]<\/p>\n","protected":false},"featured_media":11511,"template":"","meta":[],"pwb-brand":[752],"product_brand":[],"product_cat":[1175],"product_tag":[],"class_list":{"0":"post-11498","1":"product","2":"type-product","3":"status-publish","4":"has-post-thumbnail","6":"pwb-brand-toofaced","7":"product_cat-foundation-makeup","9":"first","10":"instock","11":"shipping-taxable","12":"purchasable","13":"product-type-variable","14":"has-default-attributes","15":"wvs-archive-product-wrapper"},"brands":[{"id":752,"name":"Too Faced","slug":"trop-faciale"}],"_links":{"self":[{"href":"https:\/\/gopinkish.com\/fr\/wp-json\/wp\/v2\/product\/11498","targetHints":{"allow":["GET"]}}],"collection":[{"href":"https:\/\/gopinkish.com\/fr\/wp-json\/wp\/v2\/product"}],"about":[{"href":"https:\/\/gopinkish.com\/fr\/wp-json\/wp\/v2\/types\/product"}],"wp:featuredmedia":[{"embeddable":true,"href":"https:\/\/gopinkish.com\/fr\/wp-json\/wp\/v2\/media\/11511"}],"wp:attachment":[{"href":"https:\/\/gopinkish.com\/fr\/wp-json\/wp\/v2\/media?parent=11498"}],"wp:term":[{"taxonomy":"pwb-brand","embeddable":true,"href":"https:\/\/gopinkish.com\/fr\/wp-json\/wp\/v2\/pwb-brand?post=11498"},{"taxonomy":"product_brand","embeddable":true,"href":"https:\/\/gopinkish.com\/fr\/wp-json\/wp\/v2\/product_brand?post=11498"},{"taxonomy":"product_cat","embeddable":true,"href":"https:\/\/gopinkish.com\/fr\/wp-json\/wp\/v2\/product_cat?post=11498"},{"taxonomy":"product_tag","embeddable":true,"href":"https:\/\/gopinkish.com\/fr\/wp-json\/wp\/v2\/product_tag?post=11498"}],"curies":[{"name":"wp","href":"https:\/\/api.w.org\/{rel}","templated":true}]}}