{"id":10704,"date":"2023-10-24T00:14:51","date_gmt":"2023-10-23T23:14:51","guid":{"rendered":"https:\/\/gopinkish.com\/?post_type=product&#038;p=10704"},"modified":"2025-07-14T17:08:28","modified_gmt":"2025-07-14T16:08:28","slug":"3337875684101","status":"publish","type":"product","link":"https:\/\/gopinkish.com\/fr\/produit\/3337875684101\/","title":{"rendered":"La cr\u00e8me hydratante \u00e0 l'ur\u00e9e et \u00e0 l'acide salicylique exfolie et adoucit."},"content":{"rendered":"<p style=\"text-align: justify;\">\u0643\u0631\u064a\u0645 \u0645\u0631\u0637\u0628 \u0628\u0627\u0644\u064a\u0648\u0631\u064a\u0627 \u0648\u062d\u0645\u0636 \u0627\u0644\u0633\u0627\u0644\u064a\u0633\u064a\u0644\u064a\u0643 \u0627\u0644\u0630\u064a \u064a\u0642\u0634\u0631 \u0648\u064a\u0646\u0639\u0645.<\/p>\n<p style=\"text-align: justify;\">\u0643\u0631\u064a\u0645 CeraVe SA \u0627\u0644\u0645\u0636\u0627\u062f \u0644\u0644\u062e\u0634\u0648\u0646\u0629 \u0647\u0648 \u0639\u0644\u0627\u062c \u0645\u0631\u0637\u0628 \u0648\u0645\u0646\u0639\u0645 \u0644\u0644\u062c\u0633\u0645 \u0644\u0644\u0628\u0634\u0631\u0629 \u0627\u0644\u062c\u0627\u0641\u0629 \u0648\u0627\u0644\u062e\u0634\u0646\u0629 \u0648\u0627\u0644\u0645\u062a\u0642\u0634\u0631\u0629 \u0627\u0644\u0645\u0639\u0631\u0636\u0629 \u0644\u0644\u062a\u0642\u0631\u0646 \u0627\u0644\u0634\u0639\u0631\u064a: \u064a\u0646\u062e\u0641\u0636 \u062c\u0641\u0627\u0641 \u0627\u0644\u062c\u0644\u062f \u0628\u0646\u0633\u0628\u0629 \u062a\u0635\u0644 \u0625\u0644\u0649 76% \u0628\u0639\u062f 8 \u0623\u0633\u0627\u0628\u064a\u0639 \u0645\u0646 \u0627\u0644\u0627\u0633\u062a\u062e\u062f\u0627\u0645. \u064a\u062a\u0643\u0648\u0646 \u0645\u0646 \u062d\u0645\u0636 \u0627\u0644\u0633\u0627\u0644\u064a\u0633\u064a\u0644\u064a\u0643 (BHA) \u0627\u0644\u0630\u064a \u064a\u0642\u0634\u0631 \u0627\u0644\u0628\u0634\u0631\u0629 \u0648\u064a\u0633\u0627\u0639\u062f \u0639\u0644\u0649 \u0627\u0644\u062a\u062e\u0644\u0635 \u0645\u0646 \u0627\u0644\u062e\u0644\u0627\u064a\u0627 \u0627\u0644\u0633\u0637\u062d\u064a\u0629 \u0648\u0627\u0644\u0642\u0634\u0648\u0631 \u0648\u0627\u0644\u062e\u0634\u0648\u0646\u0629 \u0648\u064a\u0646\u0639\u0645 \u0627\u0644\u0628\u0634\u0631\u0629. \u062a\u0645 \u062a\u0639\u0632\u064a\u0632 \u0627\u0644\u062a\u0631\u0643\u064a\u0628\u0629 \u0628\u0646\u0633\u0628\u0629 10% \u0645\u0646 \u0627\u0644\u064a\u0648\u0631\u064a\u0627\u060c \u0627\u0644\u0645\u0639\u0631\u0648\u0641\u0629 \u0628\u0641\u0648\u0627\u0626\u062f\u0647\u0627 \u0627\u0644\u0645\u063a\u0630\u064a\u0629 \u0648\u0627\u0644\u0645\u0631\u0637\u0628\u0629 \u0628\u0627\u0644\u0625\u0636\u0627\u0641\u0629 \u0625\u0644\u0649 \u062a\u0623\u062b\u064a\u0631\u0647\u0627 \u0627\u0644\u0645\u062a\u062d\u0644\u0644 \u0644\u0644\u0642\u0631\u0646\u064a\u0629 \u0648\u0627\u0644\u0630\u064a \u064a\u0633\u0627\u0639\u062f \u0623\u064a\u0636\u064b\u0627 \u0639\u0644\u0649 \u0625\u0632\u0627\u0644\u0629 \u0627\u0644\u062c\u0644\u062f \u0627\u0644\u0645\u064a\u062a \u0648\u0627\u0644\u0642\u0634\u0648\u0631.<\/p>\n<p style=\"text-align: justify;\">\u063a\u0646\u064a \u0628\u0640 3 \u0633\u064a\u0631\u0627\u0645\u064a\u062f\u0627\u062a \u0623\u0633\u0627\u0633\u064a\u0629 \u0648\u062d\u0645\u0636 \u0627\u0644\u0647\u064a\u0627\u0644\u0648\u0631\u0648\u0646\u064a\u0643 \u0648\u0627\u0644\u0646\u064a\u0627\u0633\u064a\u0646\u0627\u0645\u064a\u062f \u0644\u062a\u0631\u0637\u064a\u0628 \u0648\u062a\u0647\u062f\u0626\u0629 \u0648\u0627\u0633\u062a\u0639\u0627\u062f\u0629 \u062d\u0627\u062c\u0632 \u0627\u0644\u0628\u0634\u0631\u0629 \u0628\u0634\u0643\u0644 \u0645\u0643\u062b\u0641. \u0647\u0630\u0627 \u0627\u0644\u0643\u0631\u064a\u0645 \u0645\u062b\u0627\u0644\u064a \u0644\u0644\u0628\u0634\u0631\u0629 \u0627\u0644\u062c\u0627\u0641\u0629 \u0648\u0627\u0644\u062e\u0634\u0646\u0629 \u0648\u0627\u0644\u0645\u062a\u0642\u0634\u0631\u0629 \u062d\u064a\u062b \u0623\u0646\u0647 \u064a\u0642\u0634\u0631 \u0628\u0644\u0637\u0641 \u0648\u0628\u062f\u0648\u0646 \u062d\u0628\u0648\u0628 \u062d\u062a\u0649 \u0644\u0627 \u064a\u0647\u064a\u062c \u0627\u0644\u062c\u0644\u062f. \u0642\u0648\u0627\u0645\u0647 \u063a\u064a\u0631 \u062f\u0647\u0646\u064a \u0648\u063a\u064a\u0631 \u0644\u0632\u062c\u060c \u0645\u0645\u0627 \u064a\u0633\u0645\u062d \u0644\u0643 \u0628\u0627\u0631\u062a\u062f\u0627\u0621 \u0627\u0644\u0645\u0644\u0627\u0628\u0633 \u0628\u0633\u0631\u0639\u0629 \u0628\u0639\u062f \u0627\u0644\u0627\u0633\u062a\u062e\u062f\u0627\u0645. \u064a\u062a\u0645\u064a\u0632 \u0647\u0630\u0627 \u0627\u0644\u0643\u0631\u064a\u0645 \u0623\u064a\u0636\u064b\u0627 \u0628\u062a\u0642\u0646\u064a\u0629 MVE\u060c \u0627\u0644\u062a\u064a \u062a\u063a\u0644\u0641 \u0627\u0644\u0645\u0643\u0648\u0646\u0627\u062a \u0627\u0644\u0646\u0634\u0637\u0629 \u0627\u0644\u0645\u0631\u0637\u0628\u0629 \u0648\u062a\u0648\u0632\u0639\u0647\u0627 \u0628\u0634\u0643\u0644 \u0645\u0633\u062a\u0645\u0631 \u0644\u062a\u0648\u0641\u064a\u0631 \u0627\u0644\u062a\u0631\u0637\u064a\u0628 \u0637\u0648\u0627\u0644 \u0627\u0644\u064a\u0648\u0645.<\/p>\n<p style=\"text-align: justify;\">\u062a\u0645 \u062a\u0637\u0648\u064a\u0631\u0647 \u0628\u0627\u0644\u062a\u0639\u0627\u0648\u0646 \u0645\u0639 \u0623\u0637\u0628\u0627\u0621 \u0627\u0644\u062c\u0644\u062f\u060c \u062a\u0631\u0643\u064a\u0628\u062a\u0647 \u063a\u064a\u0631 \u0645\u0647\u064a\u062c\u0629 \u0648\u062e\u0627\u0644\u064a\u0629 \u0645\u0646 \u0627\u0644\u0639\u0637\u0648\u0631 \u0648\u0644\u0627 \u062a\u0633\u0628\u0628 \u0627\u0644\u062d\u0633\u0627\u0633\u064a\u0629 \u0648\u0644\u0627 \u062a\u0633\u0628\u0628 \u0627\u0646\u0633\u062f\u0627\u062f \u0627\u0644\u0645\u0633\u0627\u0645 \u0644\u062a\u0646\u0627\u0633\u0628 \u0627\u0644\u0628\u0634\u0631\u0629 \u0627\u0644\u062d\u0633\u0627\u0633\u0629 \u0623\u0648 \u0627\u0644\u0636\u0639\u064a\u0641\u0629.<\/p>\n<div id=\"gtx-trans\" style=\"position: absolute; left: 1362px; top: 216px;\">\n<div class=\"gtx-trans-icon\" style=\"text-align: justify;\"><\/div>\n<\/div>","protected":false},"excerpt":{"rendered":"<p>\u0643\u0631\u064a\u0645 \u0645\u0631\u0637\u0628 \u0628\u0627\u0644\u064a\u0648\u0631\u064a\u0627 \u0648\u062d\u0645\u0636 \u0627\u0644\u0633\u0627\u0644\u064a\u0633\u064a\u0644\u064a\u0643 \u0627\u0644\u0630\u064a \u064a\u0642\u0634\u0631 \u0648\u064a\u0646\u0639\u0645. \u0643\u0631\u064a\u0645 CeraVe SA \u0627\u0644\u0645\u0636\u0627\u062f \u0644\u0644\u062e\u0634\u0648\u0646\u0629 \u0647\u0648 \u0639\u0644\u0627\u062c \u0645\u0631\u0637\u0628 \u0648\u0645\u0646\u0639\u0645 \u0644\u0644\u062c\u0633\u0645 \u0644\u0644\u0628\u0634\u0631\u0629 \u0627\u0644\u062c\u0627\u0641\u0629 \u0648\u0627\u0644\u062e\u0634\u0646\u0629 \u0648\u0627\u0644\u0645\u062a\u0642\u0634\u0631\u0629 \u0627\u0644\u0645\u0639\u0631\u0636\u0629 \u0644\u0644\u062a\u0642\u0631\u0646 \u0627\u0644\u0634\u0639\u0631\u064a: \u064a\u0646\u062e\u0641\u0636 \u062c\u0641\u0627\u0641 \u0627\u0644\u062c\u0644\u062f \u0628\u0646\u0633\u0628\u0629 \u062a\u0635\u0644 \u0625\u0644\u0649 76% \u0628\u0639\u062f 8 \u0623\u0633\u0627\u0628\u064a\u0639 \u0645\u0646 \u0627\u0644\u0627\u0633\u062a\u062e\u062f\u0627\u0645. \u064a\u062a\u0643\u0648\u0646 \u0645\u0646 \u062d\u0645\u0636 \u0627\u0644\u0633\u0627\u0644\u064a\u0633\u064a\u0644\u064a\u0643 (BHA) \u0627\u0644\u0630\u064a \u064a\u0642\u0634\u0631 \u0627\u0644\u0628\u0634\u0631\u0629 \u0648\u064a\u0633\u0627\u0639\u062f \u0639\u0644\u0649 \u0627\u0644\u062a\u062e\u0644\u0635 \u0645\u0646 \u0627\u0644\u062e\u0644\u0627\u064a\u0627 \u0627\u0644\u0633\u0637\u062d\u064a\u0629 \u0648\u0627\u0644\u0642\u0634\u0648\u0631 \u0648\u0627\u0644\u062e\u0634\u0648\u0646\u0629 \u0648\u064a\u0646\u0639\u0645 \u0627\u0644\u0628\u0634\u0631\u0629. [&hellip;]<\/p>\n","protected":false},"featured_media":10705,"template":"","meta":[],"pwb-brand":[222],"product_brand":[],"product_cat":[1137],"product_tag":[696,697,680],"class_list":{"0":"post-10704","1":"product","2":"type-product","3":"status-publish","4":"has-post-thumbnail","6":"pwb-brand-cerave","7":"product_cat-body-moist","8":"product_tag-dryskin","9":"product_tag-moisturizing","10":"product_tag-dryness","12":"first","13":"outofstock","14":"shipping-taxable","15":"product-type-variable","16":"has-default-attributes","17":"wvs-archive-product-wrapper"},"brands":[{"id":222,"name":"CeraVe","slug":"cerave"}],"_links":{"self":[{"href":"https:\/\/gopinkish.com\/fr\/wp-json\/wp\/v2\/product\/10704","targetHints":{"allow":["GET"]}}],"collection":[{"href":"https:\/\/gopinkish.com\/fr\/wp-json\/wp\/v2\/product"}],"about":[{"href":"https:\/\/gopinkish.com\/fr\/wp-json\/wp\/v2\/types\/product"}],"wp:featuredmedia":[{"embeddable":true,"href":"https:\/\/gopinkish.com\/fr\/wp-json\/wp\/v2\/media\/10705"}],"wp:attachment":[{"href":"https:\/\/gopinkish.com\/fr\/wp-json\/wp\/v2\/media?parent=10704"}],"wp:term":[{"taxonomy":"pwb-brand","embeddable":true,"href":"https:\/\/gopinkish.com\/fr\/wp-json\/wp\/v2\/pwb-brand?post=10704"},{"taxonomy":"product_brand","embeddable":true,"href":"https:\/\/gopinkish.com\/fr\/wp-json\/wp\/v2\/product_brand?post=10704"},{"taxonomy":"product_cat","embeddable":true,"href":"https:\/\/gopinkish.com\/fr\/wp-json\/wp\/v2\/product_cat?post=10704"},{"taxonomy":"product_tag","embeddable":true,"href":"https:\/\/gopinkish.com\/fr\/wp-json\/wp\/v2\/product_tag?post=10704"}],"curies":[{"name":"wp","href":"https:\/\/api.w.org\/{rel}","templated":true}]}}