{"id":133,"date":"2013-08-11T19:22:53","date_gmt":"2013-08-11T18:22:53","guid":{"rendered":"http:\/\/localhost:8888\/test\/?page_id=532"},"modified":"2026-01-22T19:05:28","modified_gmt":"2026-01-22T18:05:28","slug":"contact","status":"publish","type":"page","link":"https:\/\/gopinkish.com\/fr\/contact\/","title":{"rendered":"SERVICE CLIENT\u00c8LE"},"content":{"rendered":"<div class=\"section-element\"><div class=\"row\"><div class=\"large-12 nasa-col columns\"><div class=\"vc_empty_space\"   style=\"height: 45px\"><span class=\"vc_empty_space_inner\"><\/span><\/div><div class=\"wpb_text_column wpb_content_element\" ><h1 style=\"text-align: center;\"><span style=\"color: #000000;\"><img loading=\"lazy\" decoding=\"async\" class=\"alignnone wp-image-16965\" src=\"https:\/\/gopinkish.com\/wp-content\/uploads\/2024\/10\/customer-service-1-copy-100x100-copy.webp\" alt=\"\" width=\"121\" height=\"121\" \/><\/span><\/h1>\n<h1 style=\"text-align: center;\"><span style=\"color: #000000;\">SERVICE CLIENT\u00c8LE<\/span><\/h1>\n<h1 style=\"text-align: center;\"><span style=\"color: #000000;\">0770899690<\/span><\/h1>\n<p style=\"text-align: center;\"><span style=\"color: #000000;\"><strong>Notre \u00e9quipe de service client\u00e8le r\u00e9pond \u00e0 vos appels tous les jours de 08h00 \u00e0 18h00.<\/strong><\/span><\/p>\n<p style=\"text-align: center;\"><span style=\"color: #000000;\"><strong>L'\u00e9quipe d'assistance en ligne de la boutique en ligne travaille 24 heures sur 24<\/strong><\/span><\/p>\n<\/div><div class=\"vc_empty_space\"   style=\"height: 45px\"><span class=\"vc_empty_space_inner\"><\/span><\/div><\/div><\/div><\/div><div  class=\"section-element\"><div class=\"row\"><div class=\"large-6 nasa-col columns\"><img loading=\"lazy\" decoding=\"async\" class=\"nasa-image\" src=\"https:\/\/gopinkish.com\/wp-content\/uploads\/2024\/10\/Pinkish-Algiers-1.webp\" alt=\"\" width=\"1768\" height=\"1767\" \/><div class=\"vc_empty_space\"   style=\"height: 32px\"><span class=\"vc_empty_space_inner\"><\/span><\/div><div class=\"wpb_text_column wpb_content_element\" ><h5 style=\"text-align: center;\">Entrep\u00f4t de distribution principal<\/h5>\n<h3 style=\"text-align: center;\">Bab el Zouar - Alger<\/h3>\n<h5 style=\"text-align: center;\">Du samedi au jeudi : 08:00 \u00e0 14:00<br \/>\nVendredi : 08:00 \u00e0 11:00<\/h5>\n<div id=\"gtx-trans\" style=\"position: absolute; left: 336px; top: 90.0625px;\">\n<div class=\"gtx-trans-icon\"><\/div>\n<\/div>\n<\/div><\/div><div class=\"large-6 nasa-col columns\"><img loading=\"lazy\" decoding=\"async\" class=\"nasa-image\" src=\"https:\/\/gopinkish.com\/wp-content\/uploads\/2024\/07\/Pinkish-28-scaled.webp\" alt=\"\" width=\"2560\" height=\"2560\" \/><div class=\"vc_empty_space\"   style=\"height: 32px\"><span class=\"vc_empty_space_inner\"><\/span><\/div><div class=\"wpb_text_column wpb_content_element\" ><h5 style=\"text-align: center;\">Concept Store M'Sila<\/h5>\n<h3 style=\"text-align: center;\">District Administratif - M'Sila<\/h3>\n<h5 style=\"text-align: center;\"><span style=\"color: #000000;\">Du samedi au jeudi : 09:00 \u00e0 17:00<\/span><br \/>\n<span style=\"color: #000000;\">Vendredi : Ferm\u00e9<\/span><\/h5>\n<\/div><\/div><\/div><\/div><div  class=\"section-element\"><div class=\"row\"><div class=\"large-12 nasa-col columns\"><div class=\"vc_empty_space  vc_custom_1728683366551\"   style=\"height: 32px\"><span class=\"vc_empty_space_inner\"><\/span><\/div><div class=\"vc_empty_space\"   style=\"height: 45px\"><span class=\"vc_empty_space_inner\"><\/span><\/div><div class=\"wpb_text_column wpb_content_element\" ><h2 style=\"text-align: center;\">Nous avons des succursales\/agents dans 58 wilayas avec livraison \u00e0 domicile partout en Alg\u00e9rie.<\/h2>\n<\/div><div class=\"vc_empty_space\"   style=\"height: 45px\"><span class=\"vc_empty_space_inner\"><\/span><\/div><div class=\"vc_btn3-container vc_btn3-center vc_do_btn\" ><a class=\"vc_general vc_btn3 vc_btn3-size-lg vc_btn3-shape-rounded vc_btn3-style-modern vc_btn3-color-juicy-pink\" href=\"https:\/\/gopinkish.com\/fr\/prix-de-livraison\/\" title=\"\">Branches et livraison<\/a><\/div><div class=\"vc_empty_space\"   style=\"height: 45px\"><span class=\"vc_empty_space_inner\"><\/span><\/div><\/div><\/div><\/div><div  class=\"section-element\"><div class=\"row\"><div class=\"large-12 nasa-col columns\"><div class=\"vc_empty_space\"   style=\"height: 32px\"><span class=\"vc_empty_space_inner\"><\/span><\/div><div class=\"vc_empty_space  vc_custom_1728683366551\"   style=\"height: 32px\"><span class=\"vc_empty_space_inner\"><\/span><\/div><div class=\"vc_empty_space\"   style=\"height: 32px\"><span class=\"vc_empty_space_inner\"><\/span><\/div><\/div><\/div><\/div><div  class=\"section-element\"><div class=\"row\"><div class=\"large-6 nasa-col columns\"><div class=\"item-wrap\"><a class=\"nasa-img-box nasa-flex flex-nowrap nasa-transition\" href=\"mailto:marketing@gopinkish.com\" title=\"Ventes et marketing marketing@gopinkish.com\"><img loading=\"lazy\" decoding=\"async\" src=\"https:\/\/gopinkish.com\/wp-content\/uploads\/2023\/05\/headphone-line-100x100-1.png\" alt=\"Ventes et marketing marketing@gopinkish.com\" width=\"100\" height=\"100\" \/><p class=\"img-text fs-17 nasa-bold margin-bottom-0 margin-left-10 rtl-margin-left-0 rtl-margin-right-10\">Ventes et marketing marketing@gopinkish.com<\/p><\/a><\/div><div class=\"item-wrap\"><a class=\"nasa-img-box nasa-flex flex-nowrap nasa-transition\" href=\"mailto:wholesale@gopinkish.com\" title=\"Vente en gros wholesale@gopinkish.com\"><img loading=\"lazy\" decoding=\"async\" src=\"https:\/\/gopinkish.com\/wp-content\/uploads\/2023\/05\/stack-line-100x100-1.png\" alt=\"Vente en gros wholesale@gopinkish.com\" width=\"100\" height=\"100\" \/><p class=\"img-text fs-17 nasa-bold margin-bottom-0 margin-left-10 rtl-margin-left-0 rtl-margin-right-10\">Vente en gros wholesale@gopinkish.com<\/p><\/a><\/div><div class=\"item-wrap\"><a class=\"nasa-img-box nasa-flex flex-nowrap nasa-transition\" href=\"mailto:hr@gopinkish.com\" title=\"Ressources humaines hr@gopinkish.com\"><img loading=\"lazy\" decoding=\"async\" src=\"https:\/\/gopinkish.com\/wp-content\/uploads\/2023\/05\/account-circle-line-2-100x100-1.png\" alt=\"Ressources humaines hr@gopinkish.com\" width=\"100\" height=\"100\" \/><p class=\"img-text fs-17 nasa-bold margin-bottom-0 margin-left-10 rtl-margin-left-0 rtl-margin-right-10\">Ressources humaines hr@gopinkish.com<\/p><\/a><\/div><div class=\"vc_empty_space\"   style=\"height: 32px\"><span class=\"vc_empty_space_inner\"><\/span><\/div><\/div><div class=\"large-6 nasa-col columns\"><div class=\"vc_empty_space\"   style=\"height: 32px\"><span class=\"vc_empty_space_inner\"><\/span><\/div><div class=\"wpb_text_column wpb_content_element\" ><div id=\"text-1339189231\" class=\"text\">\n<h2 style=\"text-align: center;\">Pinkish<\/h2>\n<\/div>\n<p style=\"text-align: center;\">Beaut\u00e9 et soins luxueux pour la femme de go\u00fbt sophistiqu\u00e9e<\/p>\n<p style=\"text-align: center;\">\u00c9tabli en 2020<\/p>\n<p style=\"text-align: center;\">Marque d\u00e9pos\u00e9e n\u00b0 135668<\/p>\n<h4 style=\"text-align: center;\">Si\u00e8ge social<\/h4>\n<p style=\"text-align: center;\">02 Quartier administratif - M'Sila<\/p>\n<h4 style=\"text-align: center;\">Entrep\u00f4t de distribution principal<\/h4>\n<p style=\"text-align: center;\">2038 Logts Bab Ezzouar - Alger<\/p>\n<div id=\"gtx-trans\" style=\"position: absolute; left: 574px; top: 226.05px; text-align: center;\">\n<div class=\"gtx-trans-icon\" style=\"text-align: center;\"><\/div>\n<\/div>\n<\/div><div class=\"vc_empty_space\"   style=\"height: 32px\"><span class=\"vc_empty_space_inner\"><\/span><\/div><\/div><\/div><\/div><div  class=\"section-element\"><div class=\"row\"><div class=\"large-12 nasa-col columns\"><\/div><\/div><\/div>","protected":false},"excerpt":{"rendered":"\u062e\u062f\u0645\u0629 \u0627\u0644\u0639\u0645\u0644\u0627\u0621 0770899690 \u0641\u0631\u064a\u0642 \u062e\u062f\u0645\u0629 \u0627\u0644\u0639\u0645\u0644\u0627\u0621 \u0627\u0644\u062e\u0627\u0635 \u0628\u0646\u0627 \u064a\u0633\u062a\u0642\u0628\u0644 \u0625\u062a\u0635\u0627\u0644\u0627\u062a\u0643\u0645 \u064a\u0648\u0645\u064a\u0627 \u0645\u0646 \u0627\u0644\u0633\u0627\u0639\u0629 08:00 \u0625\u0644\u0649 18:00 \u0641\u0631\u064a\u0642 \u0627\u0644\u062f\u0639\u0645 \u0627\u0644\u0645\u0628\u0627\u0634\u0631 \u0627\u0644\u062e\u0627\u0635 \u0628\u0627\u0644\u0645\u062a\u062c\u0631 \u0627\u0644\u0625\u0644\u0643\u062a\u0631\u0648\u0646\u064a \u064a\u0639\u0645\u0644 \u0639\u0644\u0649 \u0645\u062f\u0627\u0631 \u0627\u0644\u0633\u0627\u0639\u0629 \u0645\u0633\u062a\u0648\u062f\u0639 \u0627\u0644\u062a\u0648\u0632\u064a\u0639 \u0627\u0644\u0631\u0626\u064a\u0633\u064a \u0628\u0627\u0628 \u0627\u0644\u0632\u0648\u0627\u0631 - \u0627\u0644\u062c\u0632\u0627\u0626\u0631 \u0627\u0644\u0639\u0627\u0635\u0645\u0629 \u0627\u0644\u0633\u0628\u062a \u0625\u0644\u0649 \u0627\u0644\u062e\u0645\u064a\u0633 : 08:00 \u0625\u0644\u0649 14:00 \u0627\u0644\u062c\u0645\u0639\u0629 : 08:00 \u0625\u0644\u0649 11:00 \u0643\u0648\u0646\u0633\u0628\u062a \u0633\u062a\u0648\u0631 \u0627\u0644\u0645\u0633\u064a\u0644\u0629 \u0627\u0644\u062d\u064a \u0627\u0644\u0625\u062f\u0627\u0631\u064a - \u0627\u0644\u0645\u0633\u064a\u0644\u0629 \u0627\u0644\u0633\u0628\u062a \u0625\u0644\u0649 [...]","protected":false},"author":1,"featured_media":61,"parent":0,"menu_order":0,"comment_status":"closed","ping_status":"closed","template":"","meta":{"footnotes":""},"class_list":["post-133","page","type-page","status-publish","has-post-thumbnail","hentry"],"_links":{"self":[{"href":"https:\/\/gopinkish.com\/fr\/wp-json\/wp\/v2\/pages\/133","targetHints":{"allow":["GET"]}}],"collection":[{"href":"https:\/\/gopinkish.com\/fr\/wp-json\/wp\/v2\/pages"}],"about":[{"href":"https:\/\/gopinkish.com\/fr\/wp-json\/wp\/v2\/types\/page"}],"author":[{"embeddable":true,"href":"https:\/\/gopinkish.com\/fr\/wp-json\/wp\/v2\/users\/1"}],"replies":[{"embeddable":true,"href":"https:\/\/gopinkish.com\/fr\/wp-json\/wp\/v2\/comments?post=133"}],"version-history":[{"count":3,"href":"https:\/\/gopinkish.com\/fr\/wp-json\/wp\/v2\/pages\/133\/revisions"}],"predecessor-version":[{"id":34869,"href":"https:\/\/gopinkish.com\/fr\/wp-json\/wp\/v2\/pages\/133\/revisions\/34869"}],"wp:featuredmedia":[{"embeddable":true,"href":"https:\/\/gopinkish.com\/fr\/wp-json\/wp\/v2\/media\/61"}],"wp:attachment":[{"href":"https:\/\/gopinkish.com\/fr\/wp-json\/wp\/v2\/media?parent=133"}],"curies":[{"name":"wp","href":"https:\/\/api.w.org\/{rel}","templated":true}]}}