{"id":10,"date":"2023-01-23T23:26:10","date_gmt":"2023-01-23T22:26:10","guid":{"rendered":"https:\/\/gopinkish.com\/?page_id=10"},"modified":"2025-10-23T22:34:10","modified_gmt":"2025-10-23T21:34:10","slug":"remboursements","status":"publish","type":"page","link":"https:\/\/gopinkish.com\/fr\/remboursements\/","title":{"rendered":"Retours et \u00e9changes"},"content":{"rendered":"<div  class=\"section-element\"><div class=\"row\"><div class=\"large-12 nasa-col columns\"><div class=\"vc_empty_space\"   style=\"height: 45px\"><span class=\"vc_empty_space_inner\"><\/span><\/div><div class=\"wpb_text_column wpb_content_element  vc_custom_1730201398633\" ><h1 style=\"text-align: center;\"><span style=\"color: #ffffff;\">R\u00c8GLES D'\u00c9CHANGE ET DE RETOUR<\/span><\/h1>\n<\/div><div class=\"vc_empty_space\"   style=\"height: 45px\"><span class=\"vc_empty_space_inner\"><\/span><\/div><div class=\"vc_separator wpb_content_element vc_separator_align_center vc_sep_width_100 vc_sep_pos_align_center vc_sep_color_grey vc_custom_1730199384852 wpb_content_element vc_separator-has-text\" ><span class=\"vc_sep_holder vc_sep_holder_l\"><span class=\"vc_sep_line\"><\/span><\/span><h4>Soins et beaut\u00e9<\/h4><span class=\"vc_sep_holder vc_sep_holder_r\"><span class=\"vc_sep_line\"><\/span><\/span>\n<\/div><div class=\"vc_empty_space\"   style=\"height: 45px\"><span class=\"vc_empty_space_inner\"><\/span><\/div><div class=\"wpb_text_column wpb_content_element  vc_custom_1761255197255\" ><ul>\n<li>Tous les produits sont inspect\u00e9s avant d'\u00eatre exp\u00e9di\u00e9s, de sorte qu'aucun \u00e9change ou retour n'est possible, \u00e0 moins qu'il ne s'agisse d'un \u00e9change ou d'un retour. <strong>Cas particuliers exceptionnels<\/strong>.<\/li>\n<li>Si un \u00e9change est autoris\u00e9, le produit doit \u00eatre dans son \u00e9tat d'origine, enti\u00e8rement emball\u00e9, non ouvert et non utilis\u00e9. Les \u00e9changes ne peuvent \u00eatre effectu\u00e9s que dans un d\u00e9lai de 7 jours \u00e0 compter de la date de r\u00e9ception du produit.<\/li>\n<li>Un produit ne peut \u00eatre \u00e9chang\u00e9 que contre un autre produit de valeur \u00e9gale ou sup\u00e9rieure. Nous ne pouvons pas rembourser les sommes vers\u00e9es en esp\u00e8ces, sauf si<strong> Dans des cas particuliers<\/strong>.<\/li>\n<li>Les frais de retour sont \u00e0 la charge du client, sauf si le produit est endommag\u00e9 \u00e0 la source, auquel cas le magasin prendra tous les frais \u00e0 sa charge. Le produit de remplacement ne sera exp\u00e9di\u00e9 qu'apr\u00e8s r\u00e9ception du produit \u00e0 \u00e9changer et v\u00e9rification de sa conformit\u00e9 aux conditions de l'\u00e9change.<\/li>\n<\/ul>\n<\/div><div class=\"vc_empty_space\"   style=\"height: 45px\"><span class=\"vc_empty_space_inner\"><\/span><\/div><div class=\"vc_separator wpb_content_element vc_separator_align_center vc_sep_width_100 vc_sep_pos_align_center vc_sep_color_grey wpb_content_element vc_separator-has-text\" ><span class=\"vc_sep_holder vc_sep_holder_l\"><span class=\"vc_sep_line\"><\/span><\/span><h4>Parfums<\/h4><span class=\"vc_sep_holder vc_sep_holder_r\"><span class=\"vc_sep_line\"><\/span><\/span>\n<\/div><div class=\"vc_empty_space\"   style=\"height: 45px\"><span class=\"vc_empty_space_inner\"><\/span><\/div><div class=\"wpb_text_column wpb_content_element  vc_custom_1761255221381\" ><ul>\n<li>Vous pouvez remplacer les parfums pendant la <strong>7 jours<\/strong> A partir de la r\u00e9ception du produit.<\/li>\n<li>Le produit doit \u00eatre emball\u00e9 dans son \u00e9tat d'origine et la bo\u00eete ne doit jamais avoir \u00e9t\u00e9 ouverte.<\/li>\n<li>Un produit ne peut \u00eatre \u00e9chang\u00e9 que contre un autre produit de valeur \u00e9gale ou sup\u00e9rieure. Nous ne pouvons pas rembourser les sommes vers\u00e9es en esp\u00e8ces, sauf si <strong>Cas particuliers<\/strong>.<\/li>\n<li>Les frais de retour sont \u00e0 la charge du client. Le produit de remplacement ne sera exp\u00e9di\u00e9 qu'apr\u00e8s r\u00e9ception de l'article \u00e0 \u00e9changer et confirmation de sa conformit\u00e9 avec les conditions de l'\u00e9change.<\/li>\n<\/ul>\n<\/div><div class=\"vc_empty_space  vc_custom_1730199513795\"   style=\"height: 45px\"><span class=\"vc_empty_space_inner\"><\/span><\/div><div class=\"vc_separator wpb_content_element vc_separator_align_center vc_sep_width_100 vc_sep_pos_align_center vc_sep_color_grey wpb_content_element vc_separator-has-text\" ><span class=\"vc_sep_holder vc_sep_holder_l\"><span class=\"vc_sep_line\"><\/span><\/span><h4>Notes compl\u00e9mentaires<\/h4><span class=\"vc_sep_holder vc_sep_holder_r\"><span class=\"vc_sep_line\"><\/span><\/span>\n<\/div><div class=\"vc_empty_space  vc_custom_1730199529029\"   style=\"height: 45px\"><span class=\"vc_empty_space_inner\"><\/span><\/div><div class=\"wpb_text_column wpb_content_element  vc_custom_1730201055779\" ><ul>\n<li>Les produits achet\u00e9s \u00e0 un prix r\u00e9duit ou pendant les soldes ne peuvent \u00eatre ni repris ni \u00e9chang\u00e9s.<\/li>\n<li>Les bons de r\u00e9duction et les ch\u00e8ques-cadeaux ne peuvent \u00eatre \u00e9chang\u00e9s contre des esp\u00e8ces.<\/li>\n<li>Tout remboursement est effectu\u00e9 par transfert postal recommand\u00e9 au plus tard dans les 7 jours ouvrables suivant la date d'approbation du remboursement.<\/li>\n<\/ul>\n<\/div><div class=\"vc_empty_space\"   style=\"height: 45px\"><span class=\"vc_empty_space_inner\"><\/span><\/div><div class=\"wpb_text_column wpb_content_element\" ><p style=\"text-align: center;\"><span style=\"color: #ff0000;\"><strong>Si vous avez besoin d'aide \u00e0 tout moment, veuillez nous contacter directement via notre num\u00e9ro de service \u00e0 la client\u00e8le 0770899690.<\/strong><\/span><\/p>\n<\/div><div class=\"vc_empty_space\"   style=\"height: 45px\"><span class=\"vc_empty_space_inner\"><\/span><\/div><\/div><\/div><\/div>","protected":false},"excerpt":{"rendered":"\u0642\u0648\u0627\u0646\u064a\u0646 \u0627\u0644\u0625\u0633\u062a\u0628\u062f\u0627\u0644 \u0648 \u0627\u0644\u0625\u0633\u062a\u0631\u062c\u0627\u0639 \u0645\u0648\u0627\u062f \u0627\u0644\u0639\u0646\u0627\u064a\u0629 \u0648 \u0627\u0644\u062a\u062c\u0645\u064a\u0644 \u064a\u062a\u0645 \u0641\u062d\u0635 \u062c\u0645\u064a\u0639 \u0627\u0644\u0645\u0646\u062a\u062c\u0627\u062a \u0642\u0628\u0644 \u0627\u0644\u0634\u062d\u0646\u060c \u0648 \u0644\u0630\u0644\u0643 \u0641\u0644\u064a\u0633 \u0647\u0646\u0627\u0643 \u0625\u0645\u0643\u0627\u0646\u064a\u0629 \u0644\u0644\u0625\u0633\u062a\u0628\u062f\u0627\u0644 \u0627\u0648 \u0627\u0644\u0625\u0631\u062c\u0627\u0639 \u0625\u0644\u0627 \u0641\u064a \u062d\u0627\u0644\u0627\u062a \u0625\u0633\u062a\u062b\u0646\u0627\u0626\u064a\u0629 \u062e\u0627\u0635\u0629. \u0641\u064a \u062d\u0627\u0644 \u062a\u0645 \u0627\u0644\u0645\u0648\u0627\u0641\u0642\u0629 \u0639\u0644\u0649 \u0625\u0633\u062a\u0628\u062f\u0627\u0644 \u0627\u0644\u0645\u0646\u062a\u062c\u060c \u064a\u062c\u0628 \u0623\u0646 \u064a\u0643\u0648\u0646 \u0641\u064a \u062d\u0627\u0644\u062a\u0647 \u0627\u0644\u0623\u0635\u0644\u064a\u0629 \u0648 \u0645\u063a\u0644\u0641\u0627 \u0628\u0634\u0643\u0644 \u0643\u0644\u064a \u0648 \u0644\u0645 \u064a\u062a\u0645 \u0641\u062a\u062d\u0647 \u0623\u0648 \u0625\u0633\u062a\u062e\u062f\u0627\u0645\u0647. \u064a\u0645\u0643\u0646 \u0627\u0644\u0625\u0633\u062a\u0628\u062f\u0627\u0644 \u0641\u064a \u062e\u0644\u0627\u0644 7 [...]","protected":false},"author":1,"featured_media":0,"parent":0,"menu_order":0,"comment_status":"closed","ping_status":"closed","template":"","meta":{"footnotes":""},"class_list":["post-10","page","type-page","status-publish","hentry"],"_links":{"self":[{"href":"https:\/\/gopinkish.com\/fr\/wp-json\/wp\/v2\/pages\/10","targetHints":{"allow":["GET"]}}],"collection":[{"href":"https:\/\/gopinkish.com\/fr\/wp-json\/wp\/v2\/pages"}],"about":[{"href":"https:\/\/gopinkish.com\/fr\/wp-json\/wp\/v2\/types\/page"}],"author":[{"embeddable":true,"href":"https:\/\/gopinkish.com\/fr\/wp-json\/wp\/v2\/users\/1"}],"replies":[{"embeddable":true,"href":"https:\/\/gopinkish.com\/fr\/wp-json\/wp\/v2\/comments?post=10"}],"version-history":[{"count":3,"href":"https:\/\/gopinkish.com\/fr\/wp-json\/wp\/v2\/pages\/10\/revisions"}],"predecessor-version":[{"id":32822,"href":"https:\/\/gopinkish.com\/fr\/wp-json\/wp\/v2\/pages\/10\/revisions\/32822"}],"wp:attachment":[{"href":"https:\/\/gopinkish.com\/fr\/wp-json\/wp\/v2\/media?parent=10"}],"curies":[{"name":"wp","href":"https:\/\/api.w.org\/{rel}","templated":true}]}}