{"id":929,"date":"2026-04-22T13:40:27","date_gmt":"2026-04-22T12:40:27","guid":{"rendered":"https:\/\/gopinkish.com\/product\/%d9%85%d8%b5%d9%84-%d9%85%d8%b6%d8%a7%d8%af-%d9%84%d9%84%d9%85%d8%b3%d8%a7%d9%85%d8%a7%d8%aa-%d9%88-%d8%a7%d9%84%d8%af%d9%87%d9%88%d9%86\/"},"modified":"2026-05-14T22:32:34","modified_gmt":"2026-05-14T21:32:34","slug":"769915195941","status":"publish","type":"product","link":"https:\/\/gopinkish.com\/en\/product\/769915195941\/","title":{"rendered":"An effective lipid regulating and pore minimizing serum"},"content":{"rendered":"<p style=\"text-align: justify;\"><!--StartFragment --><\/p>\n<p style=\"text-align: justify;\">The Ordinary's Niacinamide 10% + Zinc 1% Serum is a daily treatment for skin prone to blemishes and excess oil. It contains a high concentration of Niacinamide (Vitamin B3) known to reduce the appearance of spots, redness, and enlarged pores, supported by Zinc PCA which helps balance oil secretion and supports the skin's natural barrier.<\/p>\n<p style=\"text-align: justify;\"><strong>Key ingredients and properties:<br \/>\n<\/strong>- Niacinamide 10%: Reduces the appearance of blemishes, dark spots, and pores.<br \/>\n- Zinc PCA 1%: Regulates sebum secretion and supports skin balance.<br \/>\n- Lightweight, water-based formula: Absorbs quickly without leaving a greasy residue.<br \/>\n- Alcohol, oil, silicone and paraben free.<br \/>\n- Suitable for oily, combination and blemish-prone skin.<br \/>\n- Certified Cruelty-Free &amp; Vegan.<\/p>\n<p style=\"text-align: justify;\"><strong>Key features and benefits:<\/strong><br \/>\n- Reduces the appearance of enlarged pores.<br \/>\n- Regulates sebum secretion and reduces shine.<br \/>\n- Helps improve the appearance of spots and blemishes.<br \/>\n- A lightweight formula that's perfect for daily use morning and night.<br \/>\n- They can be easily integrated into your skincare routine.<\/p>\n<p dir=\"ltr\" style=\"text-align: justify;\">\ud83c\uddec\ud83c\udde7 The Ordinary Niacinamide 10% + Zinc 1% Oil Control Serum<br \/>\n\ud83c\uddeb\ud83c\uddf7 The Ordinary S\u00e9rum Niacinamide 10% + Zinc 1% R\u00e9gulateur de S\u00e9bum<\/p>","protected":false},"excerpt":{"rendered":"<p><img loading=\"lazy\" decoding=\"async\" class=\"alignnone size-thumbnail wp-image-4508\" src=\"https:\/\/gopinkish.com\/wp-content\/uploads\/2023\/01\/pngegg-5-100x100.png\" alt=\"\" width=\"100\" height=\"100\" srcset=\"https:\/\/gopinkish.com\/wp-content\/uploads\/2023\/01\/pngegg-5-100x100.png 100w, https:\/\/gopinkish.com\/wp-content\/uploads\/2023\/01\/pngegg-5-450x450.png 450w, https:\/\/gopinkish.com\/wp-content\/uploads\/2023\/01\/pngegg-5-595x595.png 595w, https:\/\/gopinkish.com\/wp-content\/uploads\/2023\/01\/pngegg-5-400x400.png 400w, https:\/\/gopinkish.com\/wp-content\/uploads\/2023\/01\/pngegg-5.png 600w\" sizes=\"auto, (max-width: 100px) 100vw, 100px\" \/><\/p>","protected":false},"featured_media":1390,"template":"","meta":[],"pwb-brand":[241],"product_brand":[],"product_cat":[1230],"product_tag":[673,696,689,694,695,693],"class_list":{"0":"post-929","1":"product","2":"type-product","3":"status-publish","4":"has-post-thumbnail","6":"pwb-brand-the_ordinary","7":"product_cat-face-serum","8":"product_tag-pores","9":"product_tag-dryskin","10":"product_tag-oily","11":"product_tag-normalskin","12":"product_tag-mixedskin","13":"product_tag-cleansing","15":"first","16":"instock","17":"shipping-taxable","18":"purchasable","19":"product-type-variable","20":"has-default-attributes","21":"wvs-archive-product-wrapper"},"brands":[{"id":241,"name":"The Ordinary","slug":"the_ordinary"}],"_links":{"self":[{"href":"https:\/\/gopinkish.com\/en\/wp-json\/wp\/v2\/product\/929","targetHints":{"allow":["GET"]}}],"collection":[{"href":"https:\/\/gopinkish.com\/en\/wp-json\/wp\/v2\/product"}],"about":[{"href":"https:\/\/gopinkish.com\/en\/wp-json\/wp\/v2\/types\/product"}],"wp:featuredmedia":[{"embeddable":true,"href":"https:\/\/gopinkish.com\/en\/wp-json\/wp\/v2\/media\/1390"}],"wp:attachment":[{"href":"https:\/\/gopinkish.com\/en\/wp-json\/wp\/v2\/media?parent=929"}],"wp:term":[{"taxonomy":"pwb-brand","embeddable":true,"href":"https:\/\/gopinkish.com\/en\/wp-json\/wp\/v2\/pwb-brand?post=929"},{"taxonomy":"product_brand","embeddable":true,"href":"https:\/\/gopinkish.com\/en\/wp-json\/wp\/v2\/product_brand?post=929"},{"taxonomy":"product_cat","embeddable":true,"href":"https:\/\/gopinkish.com\/en\/wp-json\/wp\/v2\/product_cat?post=929"},{"taxonomy":"product_tag","embeddable":true,"href":"https:\/\/gopinkish.com\/en\/wp-json\/wp\/v2\/product_tag?post=929"}],"curies":[{"name":"wp","href":"https:\/\/api.w.org\/{rel}","templated":true}]}}