{"id":40119,"date":"2026-05-15T22:41:15","date_gmt":"2026-05-15T21:41:15","guid":{"rendered":"https:\/\/gopinkish.com\/?post_type=product&#038;p=40119"},"modified":"2026-05-15T22:41:16","modified_gmt":"2026-05-15T21:41:16","slug":"3600550274660","status":"publish","type":"product","link":"https:\/\/gopinkish.com\/en\/product\/3600550274660\/","title":{"rendered":"A luxurious nourishing hair oil with three precious oils"},"content":{"rendered":"<p style=\"text-align:justify\">Huile Sublime Nutri-R\u00e9g\u00e9n\u00e9rante Extr\u00eame 3 Huiles (Argan, Cam\u00e9lia, Pracaxi) 100ML by DESSANGE PARIS is a luxurious, nourishing and regenerating hair oil with a blend of three precious oils: Argan, Cam\u00e9lia and Pracaxi. It deeply nourishes the hair and restores shine and vitality. Its high-end Parisian formula penetrates the hair shaft and repairs damage from within. Suitable for all hair types, especially dry and damaged hair.<\/p>\n<p><strong>Key Ingredients and Characteristics<\/strong><\/p>\n<ul>\n<li>Nourishing Argan Oil<\/li>\n<li>Moisturizing Camellia Oil<\/li>\n<li>Brazilian Praxis Oil<\/li>\n<li>Luxury Parisian Formula<\/li>\n<li>Practical 100 ml volume<\/li>\n<\/ul>\n<p><strong>Key Features and Benefits<\/strong><\/p>\n<ul>\n<li>Superior hair nourishment<\/li>\n<li>Regenerating damaged hair<\/li>\n<li>Shiny and silky-smooth<\/li>\n<li>Protection from external factors<\/li>\n<li>Permanent Luxury Scent<\/li>\n<\/ul>\n<p style=\"text-align:center\">\ud83c\uddec\ud83c\udde7 DESSANGE PARIS - Huile Sublime Nutri-R\u00e9g\u00e9n\u00e9rante Extr\u00eame 100ml<\/p>\n<p style=\"text-align:center\">\ud83c\uddeb\ud83c\uddf7 DESSANGE PARIS - Huile Sublime Nutri-R\u00e9g\u00e9n\u00e9rante Extr\u00eame 3 Huiles 100ml<\/p>","protected":false},"excerpt":{"rendered":"<p>\u0645\u0646\u062a\u062c Huile Sublime Nutri-R\u00e9g\u00e9n\u00e9rante Extr\u00eame 3 Huiles (Argan, Cam\u00e9lia, Pracaxi) 100ML \u0645\u0646 DESSANGE PARIS \u0647\u0648 \u0632\u064a\u062a \u0634\u0639\u0631 \u0641\u0627\u062e\u0631 \u0645\u063a\u0630\u064d \u0648\u0645\u062c\u062f\u062f \u0628\u0645\u0632\u064a\u062c \u0645\u0646 \u062b\u0644\u0627\u062b\u0629 \u0632\u064a\u0648\u062a \u062b\u0645\u064a\u0646\u0629: \u0627\u0644\u0623\u0631\u063a\u0627\u0646 \u0648\u0627\u0644\u0643\u0627\u0645\u064a\u0644\u064a\u0627 \u0648\u0627\u0644\u0628\u0631\u0627\u0643\u0627\u0643\u0633\u064a. \u064a\u063a\u0630\u064a \u0627\u0644\u0634\u0639\u0631 \u0628\u0639\u0645\u0642 \u0648\u064a\u0639\u064a\u062f \u0644\u0647 \u0627\u0644\u0644\u0645\u0639\u0627\u0646 \u0648\u0627\u0644\u062d\u064a\u0648\u064a\u0629. \u062a\u0631\u0643\u064a\u0628\u062a\u0647 \u0627\u0644\u0628\u0627\u0631\u064a\u0633\u064a\u0629 \u0627\u0644\u0631\u0627\u0642\u064a\u0629 \u062a\u062e\u062a\u0631\u0642 \u062c\u0630\u0639 \u0627\u0644\u0634\u0639\u0631\u0629 \u0648\u062a\u0635\u0644\u062d \u0627\u0644\u062a\u0644\u0641 \u0645\u0646 \u0627\u0644\u062f\u0627\u062e\u0644. \u0645\u0646\u0627\u0633\u0628 \u0644\u062c\u0645\u064a\u0639 \u0623\u0646\u0648\u0627\u0639 \u0627\u0644\u0634\u0639\u0631 \u0648\u062e\u0627\u0635\u0629 \u0627\u0644\u062c\u0627\u0641 \u0648\u0627\u0644\u062a\u0627\u0644\u0641. \u0627\u0644\u0645\u0643\u0648\u0646\u0627\u062a \u0648\u0627\u0644\u062e\u0635\u0627\u0626\u0635 \u0627\u0644\u0631\u0626\u064a\u0633\u064a\u0629 [&hellip;]<\/p>\n","protected":false},"featured_media":40117,"template":"","meta":[],"pwb-brand":[],"product_brand":[],"product_cat":[1153],"product_tag":[677,1035,755,1404],"class_list":{"0":"post-40119","1":"product","2":"type-product","3":"status-publish","4":"has-post-thumbnail","6":"product_cat-hair-oil","7":"product_tag-brokenhair","8":"product_tag-1035","9":"product_tag-755","10":"product_tag-1404","12":"first","13":"instock","14":"shipping-taxable","15":"purchasable","16":"product-type-variable","17":"has-default-attributes","18":"wvs-archive-product-wrapper"},"brands":[],"_links":{"self":[{"href":"https:\/\/gopinkish.com\/en\/wp-json\/wp\/v2\/product\/40119","targetHints":{"allow":["GET"]}}],"collection":[{"href":"https:\/\/gopinkish.com\/en\/wp-json\/wp\/v2\/product"}],"about":[{"href":"https:\/\/gopinkish.com\/en\/wp-json\/wp\/v2\/types\/product"}],"wp:featuredmedia":[{"embeddable":true,"href":"https:\/\/gopinkish.com\/en\/wp-json\/wp\/v2\/media\/40117"}],"wp:attachment":[{"href":"https:\/\/gopinkish.com\/en\/wp-json\/wp\/v2\/media?parent=40119"}],"wp:term":[{"taxonomy":"pwb-brand","embeddable":true,"href":"https:\/\/gopinkish.com\/en\/wp-json\/wp\/v2\/pwb-brand?post=40119"},{"taxonomy":"product_brand","embeddable":true,"href":"https:\/\/gopinkish.com\/en\/wp-json\/wp\/v2\/product_brand?post=40119"},{"taxonomy":"product_cat","embeddable":true,"href":"https:\/\/gopinkish.com\/en\/wp-json\/wp\/v2\/product_cat?post=40119"},{"taxonomy":"product_tag","embeddable":true,"href":"https:\/\/gopinkish.com\/en\/wp-json\/wp\/v2\/product_tag?post=40119"}],"curies":[{"name":"wp","href":"https:\/\/api.w.org\/{rel}","templated":true}]}}