{"id":40064,"date":"2026-05-15T20:23:18","date_gmt":"2026-05-15T19:23:18","guid":{"rendered":"https:\/\/gopinkish.com\/?post_type=product&#038;p=40064"},"modified":"2026-05-15T20:23:18","modified_gmt":"2026-05-15T19:23:18","slug":"9005800223483","status":"publish","type":"product","link":"https:\/\/gopinkish.com\/en\/product\/9005800223483\/","title":{"rendered":"Acai and Keratin Color Protection Shampoo"},"content":{"rendered":"<p style=\"text-align:justify\">NIVEA's Color Brilliance Color Protecting Shampoo Acai Berry + Keratin 400ML is a specialized color-protecting shampoo for color-treated hair. The Color Brilliance formula with Acai Berry Extract is rich in antioxidants and keratin. Keeps color fresh and vibrant for longer. Gently cleanses the hair without causing color fading.<\/p>\n<p><strong>Key Ingredients and Characteristics<\/strong><\/p>\n<ul>\n<li>Acai Berry Rich Extract<\/li>\n<li>Keratin Hair Booster<\/li>\n<li>Color Brilliance Formula<\/li>\n<li>Special for color-treated hair<\/li>\n<li>400 ml economy size<\/li>\n<\/ul>\n<p><strong>Key Features and Benefits<\/strong><\/p>\n<ul>\n<li>Protecting the color from fading<\/li>\n<li>Strengthening hair fibers<\/li>\n<li>Healthy sparkle of color<\/li>\n<li>Gentle cleaning<\/li>\n<li>The color lasts longer<\/li>\n<\/ul>\n<p style=\"text-align:center\">\ud83c\uddec\ud83c\udde7 NIVEA - Color Brilliance Color Protecting Shampoo Acai + Keratin 400ml<\/p>\n<p style=\"text-align:center\">\ud83c\uddeb\ud83c\uddf7 NIVEA - Shampooing Protection Couleur A\u00e7a\u00ef + K\u00e9ratine 400ml<\/p>","protected":false},"excerpt":{"rendered":"<p>\u0645\u0646\u062a\u062c Color Brilliance Color Protecting Shampoo Acai Berry + Keratin 400ML \u0645\u0646 NIVEA \u0647\u0648 \u0634\u0627\u0645\u0628\u0648 \u0645\u062a\u062e\u0635\u0635 \u0644\u062d\u0645\u0627\u064a\u0629 \u0644\u0648\u0646 \u0627\u0644\u0634\u0639\u0631 \u0627\u0644\u0645\u0635\u0628\u0648\u063a \u0645\u0646 \u0646\u064a\u0641\u064a\u0627. \u062a\u0631\u0643\u064a\u0628\u0629 Color Brilliance \u0628\u062e\u0644\u0627\u0635\u0629 \u0623\u0643\u0627\u064a \u0628\u064a\u0631\u064a \u0627\u0644\u063a\u0646\u064a\u0629 \u0628\u0645\u0636\u0627\u062f\u0627\u062a \u0627\u0644\u0623\u0643\u0633\u062f\u0629 \u0648\u0627\u0644\u0643\u064a\u0631\u0627\u062a\u064a\u0646. \u064a\u062d\u0627\u0641\u0638 \u0639\u0644\u0649 \u0646\u0636\u0627\u0631\u0629 \u0648\u062d\u064a\u0648\u064a\u0629 \u0627\u0644\u0644\u0648\u0646 \u0644\u0641\u062a\u0631\u0629 \u0623\u0637\u0648\u0644. \u064a\u0646\u0638\u0641 \u0627\u0644\u0634\u0639\u0631 \u0628\u0644\u0637\u0641 \u062f\u0648\u0646 \u0623\u0646 \u064a\u062a\u0633\u0628\u0628 \u0641\u064a \u0628\u0647\u062a\u0627\u0646 \u0627\u0644\u0644\u0648\u0646. \u0627\u0644\u0645\u0643\u0648\u0646\u0627\u062a \u0648\u0627\u0644\u062e\u0635\u0627\u0626\u0635 \u0627\u0644\u0631\u0626\u064a\u0633\u064a\u0629 \u062e\u0644\u0627\u0635\u0629 \u0623\u0643\u0627\u064a \u0628\u064a\u0631\u064a \u0627\u0644\u063a\u0646\u064a\u0629 [&hellip;]<\/p>\n","protected":false},"featured_media":40057,"template":"","meta":[],"pwb-brand":[236],"product_brand":[],"product_cat":[1156],"product_tag":[749,1041,1437],"class_list":{"0":"post-40064","1":"product","2":"type-product","3":"status-publish","4":"has-post-thumbnail","6":"pwb-brand-nivea","7":"product_cat-dyed-hair-care","8":"product_tag-749","9":"product_tag-1041","10":"product_tag-1437","12":"first","13":"instock","14":"shipping-taxable","15":"purchasable","16":"product-type-variable","17":"has-default-attributes","18":"wvs-archive-product-wrapper"},"brands":[{"id":236,"name":"Nivea","slug":"nivea"}],"_links":{"self":[{"href":"https:\/\/gopinkish.com\/en\/wp-json\/wp\/v2\/product\/40064","targetHints":{"allow":["GET"]}}],"collection":[{"href":"https:\/\/gopinkish.com\/en\/wp-json\/wp\/v2\/product"}],"about":[{"href":"https:\/\/gopinkish.com\/en\/wp-json\/wp\/v2\/types\/product"}],"wp:featuredmedia":[{"embeddable":true,"href":"https:\/\/gopinkish.com\/en\/wp-json\/wp\/v2\/media\/40057"}],"wp:attachment":[{"href":"https:\/\/gopinkish.com\/en\/wp-json\/wp\/v2\/media?parent=40064"}],"wp:term":[{"taxonomy":"pwb-brand","embeddable":true,"href":"https:\/\/gopinkish.com\/en\/wp-json\/wp\/v2\/pwb-brand?post=40064"},{"taxonomy":"product_brand","embeddable":true,"href":"https:\/\/gopinkish.com\/en\/wp-json\/wp\/v2\/product_brand?post=40064"},{"taxonomy":"product_cat","embeddable":true,"href":"https:\/\/gopinkish.com\/en\/wp-json\/wp\/v2\/product_cat?post=40064"},{"taxonomy":"product_tag","embeddable":true,"href":"https:\/\/gopinkish.com\/en\/wp-json\/wp\/v2\/product_tag?post=40064"}],"curies":[{"name":"wp","href":"https:\/\/api.w.org\/{rel}","templated":true}]}}