{"id":40049,"date":"2026-05-15T19:39:17","date_gmt":"2026-05-15T18:39:17","guid":{"rendered":"https:\/\/gopinkish.com\/?post_type=product&#038;p=40049"},"modified":"2026-05-15T19:39:18","modified_gmt":"2026-05-15T18:39:18","slug":"3600541334496","status":"publish","type":"product","link":"https:\/\/gopinkish.com\/en\/product\/3600541334496\/","title":{"rendered":"Soothing body cream with urea and shea butter"},"content":{"rendered":"<p style=\"text-align:justify\">GARNIER's Body Urea 24H Hydra Lait Creme Corps Lissant 5% Urea + Shea Butter 400ML is Garnier's advanced body cream with a gentle and effective formula. It contains 5% Urea that moisturizes and softens severely dry skin. Luxurious shea butter nourishes the skin and gives it exceptional elasticity. 24-hour hydration for soft, healthy skin.<\/p>\n<p><strong>Key Ingredients and Characteristics<\/strong><\/p>\n<ul>\n<li>5% Urea Moisturizing and Exfoliating<\/li>\n<li>Nutritious Shea Butter<\/li>\n<li>24-hour moisturizing<\/li>\n<li>Skin-friendly formula<\/li>\n<li>400 ml economy size<\/li>\n<\/ul>\n<p><strong>Key Features and Benefits<\/strong><\/p>\n<ul>\n<li>Deep moisturizing for dry skin<\/li>\n<li>Smoothing and soothing rough skin<\/li>\n<li>Gentle skin rejuvenation<\/li>\n<li>Smooth and silky skin<\/li>\n<li>Noticeable results from the first use<\/li>\n<\/ul>\n<p style=\"text-align:center\">\ud83c\uddec\ud83c\udde7 GARNIER - Body Urea 24H Hydra Cream 5% Urea + Shea Butter 400ml<\/p>\n<p style=\"text-align:center\">\ud83c\uddeb\ud83c\uddf7 GARNIER - Lait Cr\u00e8me Corps Lissant 5% Ur\u00e9e + Beurre de Karit\u00e9 400ml<\/p>","protected":false},"excerpt":{"rendered":"<p>\u0645\u0646\u062a\u062c Body Urea 24H Hydra Lait Creme Corps Lissant 5% Urea + Shea Butter 400ML \u0645\u0646 GARNIER \u0647\u0648 \u0643\u0631\u064a\u0645 \u062c\u0633\u062f \u0645\u062a\u0637\u0648\u0631 \u0645\u0646 \u063a\u0627\u0631\u0646\u064a\u064a\u0647 \u0628\u062a\u0631\u0643\u064a\u0628\u0629 \u0644\u0637\u064a\u0641\u0629 \u0648\u0641\u0639\u0627\u0644\u0629. \u064a\u062d\u062a\u0648\u064a \u0639\u0644\u0649 5% \u064a\u0648\u0631\u064a\u0627 \u062a\u0639\u0645\u0644 \u0639\u0644\u0649 \u062a\u0631\u0637\u064a\u0628 \u0648\u062a\u0646\u0639\u064a\u0645 \u0627\u0644\u0628\u0634\u0631\u0629 \u0627\u0644\u062c\u0627\u0641\u0629 \u0628\u0634\u062f\u0629. \u0632\u0628\u062f\u0629 \u0627\u0644\u0634\u064a\u0627 \u0627\u0644\u0641\u0627\u062e\u0631\u0629 \u062a\u063a\u0630\u064a \u0627\u0644\u0628\u0634\u0631\u0629 \u0648\u062a\u0645\u0646\u062d\u0647\u0627 \u0645\u0631\u0648\u0646\u0629 \u0627\u0633\u062a\u062b\u0646\u0627\u0626\u064a\u0629. \u062a\u0631\u0637\u064a\u0628 \u064a\u062f\u0648\u0645 24 \u0633\u0627\u0639\u0629 \u0644\u0628\u0634\u0631\u0629 \u0646\u0627\u0639\u0645\u0629 \u0648\u0635\u062d\u064a\u0629. \u0627\u0644\u0645\u0643\u0648\u0646\u0627\u062a \u0648\u0627\u0644\u062e\u0635\u0627\u0626\u0635 \u0627\u0644\u0631\u0626\u064a\u0633\u064a\u0629 [&hellip;]<\/p>\n","protected":false},"featured_media":40048,"template":"","meta":[],"pwb-brand":[218],"product_brand":[],"product_cat":[1137],"product_tag":[696,697,680],"class_list":{"0":"post-40049","1":"product","2":"type-product","3":"status-publish","4":"has-post-thumbnail","6":"pwb-brand-garnier","7":"product_cat-body-moist","8":"product_tag-dryskin","9":"product_tag-moisturizing","10":"product_tag-dryness","12":"first","13":"instock","14":"shipping-taxable","15":"purchasable","16":"product-type-variable","17":"has-default-attributes","18":"wvs-archive-product-wrapper"},"brands":[{"id":218,"name":"Garnier","slug":"garnier"}],"_links":{"self":[{"href":"https:\/\/gopinkish.com\/en\/wp-json\/wp\/v2\/product\/40049","targetHints":{"allow":["GET"]}}],"collection":[{"href":"https:\/\/gopinkish.com\/en\/wp-json\/wp\/v2\/product"}],"about":[{"href":"https:\/\/gopinkish.com\/en\/wp-json\/wp\/v2\/types\/product"}],"wp:featuredmedia":[{"embeddable":true,"href":"https:\/\/gopinkish.com\/en\/wp-json\/wp\/v2\/media\/40048"}],"wp:attachment":[{"href":"https:\/\/gopinkish.com\/en\/wp-json\/wp\/v2\/media?parent=40049"}],"wp:term":[{"taxonomy":"pwb-brand","embeddable":true,"href":"https:\/\/gopinkish.com\/en\/wp-json\/wp\/v2\/pwb-brand?post=40049"},{"taxonomy":"product_brand","embeddable":true,"href":"https:\/\/gopinkish.com\/en\/wp-json\/wp\/v2\/product_brand?post=40049"},{"taxonomy":"product_cat","embeddable":true,"href":"https:\/\/gopinkish.com\/en\/wp-json\/wp\/v2\/product_cat?post=40049"},{"taxonomy":"product_tag","embeddable":true,"href":"https:\/\/gopinkish.com\/en\/wp-json\/wp\/v2\/product_tag?post=40049"}],"curies":[{"name":"wp","href":"https:\/\/api.w.org\/{rel}","templated":true}]}}