{"id":38805,"date":"2026-04-25T23:04:48","date_gmt":"2026-04-25T22:04:48","guid":{"rendered":"https:\/\/gopinkish.com\/?post_type=product&#038;p=38805"},"modified":"2026-04-25T23:04:48","modified_gmt":"2026-04-25T22:04:48","slug":"3600524051044","status":"publish","type":"product","link":"https:\/\/gopinkish.com\/en\/product\/3600524051044\/","title":{"rendered":"\u0643\u0631\u064a\u0645 \u0646\u0647\u0627\u0631\u064a \u0645\u0636\u064a\u0621 \u0628\u062d\u0645\u0636 \u0627\u0644\u063a\u0644\u064a\u0643\u0648\u0644\u064a\u0643"},"content":{"rendered":"<p style=\"text-align:justify\">\u0645\u0646\u062a\u062c L&#8217;OR\u00c9AL PARIS GLYCOLIC-BRIGHT GLOWING CREAM DAY SPF 17 50ML \u0645\u0646 \u0644\u0648\u0631\u064a\u0627\u0644 \u0628\u0627\u0631\u064a\u0633 \u0647\u0648 \u0643\u0631\u064a\u0645 \u0646\u0647\u0627\u0631\u064a \u064a\u0648\u062d\u0651\u062f \u0644\u0648\u0646 \u0627\u0644\u0628\u0634\u0631\u0629 \u0648\u064a\u0646\u064a\u0631\u0647\u0627 \u0628\u062d\u0645\u0636 \u0627\u0644\u063a\u0644\u064a\u0643\u0648\u0644\u064a\u0643 \u0648\u0627\u0644\u0646\u064a\u0627\u0633\u064a\u0646\u0627\u0645\u064a\u062f. \u064a\u0642\u0634\u0651\u0631 \u0627\u0644\u0628\u0634\u0631\u0629 \u0628\u0644\u0637\u0641 \u0644\u064a\u0632\u064a\u0644 \u062e\u0644\u0627\u064a\u0627 \u0627\u0644\u062c\u0644\u062f \u0627\u0644\u0645\u064a\u062a\u0629 \u0648\u064a\u0643\u0634\u0641 \u0639\u0646 \u0628\u0634\u0631\u0629 \u0645\u0634\u0631\u0642\u0629 \u0648\u0645\u0648\u062d\u0651\u062f\u0629 \u0627\u0644\u0644\u0648\u0646. \u064a\u062d\u0645\u064a \u0645\u0646 \u0623\u0634\u0639\u0629 \u0627\u0644\u0634\u0645\u0633 \u0628\u0639\u0627\u0645\u0644 SPF 17\u060c \u0645\u0639 \u062a\u0648\u0641\u064a\u0631 \u062a\u0631\u0637\u064a\u0628 \u064a\u0648\u0645\u064a. \u064a\u0633\u062a\u0647\u062f\u0641 \u0627\u0644\u0628\u0642\u0639 \u0627\u0644\u062f\u0627\u0643\u0646\u0629 \u0648\u0639\u0644\u0627\u0645\u0627\u062a \u062d\u0628 \u0627\u0644\u0634\u0628\u0627\u0628 \u0627\u0644\u0633\u0627\u0628\u0642\u0629. \u0646\u062a\u0627\u0626\u062c \u0645\u0631\u0626\u064a\u0629 \u0641\u064a \u063a\u0636\u0648\u0646 \u0623\u0633\u0628\u0648\u0639.<\/p>\n<p><strong>Key Ingredients and Characteristics<\/strong><\/p>\n<ul>\n<li>\u062d\u0645\u0636 \u0627\u0644\u063a\u0644\u064a\u0643\u0648\u0644\u064a\u0643 \u0627\u0644\u0645\u0642\u0634\u0651\u0631<\/li>\n<li>\u0627\u0644\u0646\u064a\u0627\u0633\u064a\u0646\u0627\u0645\u064a\u062f \u0645\u0648\u062d\u0651\u062f \u0627\u0644\u0644\u0648\u0646<\/li>\n<li>\u0639\u0627\u0645\u0644 \u062d\u0645\u0627\u064a\u0629 \u0634\u0645\u0633\u064a\u0629 SPF 17<\/li>\n<li>\u062a\u0631\u0643\u064a\u0628\u0629 \u064a\u0648\u0645\u064a\u0629 \u0645\u0631\u0637\u0628\u0629<\/li>\n<li>\u0639\u0646\u0627\u0635\u0631 \u0645\u0636\u064a\u0626\u0629 \u0644\u0644\u0628\u0634\u0631\u0629<\/li>\n<\/ul>\n<p><strong>Key Features and Benefits<\/strong><\/p>\n<ul>\n<li>\u064a\u0648\u062d\u0651\u062f \u0644\u0648\u0646 \u0627\u0644\u0628\u0634\u0631\u0629 \u0648\u064a\u0646\u064a\u0631\u0647\u0627<\/li>\n<li>\u064a\u0642\u0634\u0651\u0631 \u0627\u0644\u0628\u0634\u0631\u0629 \u0628\u0644\u0637\u0641 \u064a\u0648\u0645\u064a\u0627\u064b<\/li>\n<li>\u064a\u062e\u0641\u0641 \u0627\u0644\u0628\u0642\u0639 \u0627\u0644\u062f\u0627\u0643\u0646\u0629 \u0648\u0639\u0644\u0627\u0645\u0627\u062a \u062d\u0628 \u0627\u0644\u0634\u0628\u0627\u0628<\/li>\n<li>\u064a\u062d\u0645\u064a \u0645\u0646 \u0623\u0634\u0639\u0629 \u0627\u0644\u0634\u0645\u0633 \u0628\u0639\u0627\u0645\u0644 SPF 17<\/li>\n<li>\u0646\u062a\u0627\u0626\u062c \u0645\u0631\u0626\u064a\u0629 \u0641\u064a \u063a\u0636\u0648\u0646 \u0623\u0633\u0628\u0648\u0639<\/li>\n<li>\u0645\u0646\u0627\u0633\u0628 \u0644\u0644\u0627\u0633\u062a\u0639\u0645\u0627\u0644 \u0627\u0644\u0646\u0647\u0627\u0631\u064a \u0627\u0644\u064a\u0648\u0645\u064a<\/li>\n<\/ul>\n<p style=\"text-align:center\">\ud83c\uddec\ud83c\udde7 L&#8217;OR\u00c9AL PARIS Product \u2013 L&#8217;OR\u00c9AL PARIS GLYCOLIC-BRIGHT GLOWING CREAM DAY SPF 17 50ML<\/p>\n<p style=\"text-align:center\">\ud83c\uddeb\ud83c\uddf7 L&#8217;OR\u00c9AL PARIS Produit \u2013 L&#8217;OR\u00c9AL PARIS GLYCOLIC-BRIGHT CR\u00c8ME DE JOUR \u00c9CLAT SPF 17 50ML<\/p>","protected":false},"excerpt":{"rendered":"<p>\u0645\u0646\u062a\u062c L&#8217;OR\u00c9AL PARIS GLYCOLIC-BRIGHT GLOWING CREAM DAY SPF 17 50ML \u0645\u0646 \u0644\u0648\u0631\u064a\u0627\u0644 \u0628\u0627\u0631\u064a\u0633 \u0647\u0648 \u0643\u0631\u064a\u0645 \u0646\u0647\u0627\u0631\u064a \u064a\u0648\u062d\u0651\u062f \u0644\u0648\u0646 \u0627\u0644\u0628\u0634\u0631\u0629 \u0648\u064a\u0646\u064a\u0631\u0647\u0627 \u0628\u062d\u0645\u0636 \u0627\u0644\u063a\u0644\u064a\u0643\u0648\u0644\u064a\u0643 \u0648\u0627\u0644\u0646\u064a\u0627\u0633\u064a\u0646\u0627\u0645\u064a\u062f. \u064a\u0642\u0634\u0651\u0631 \u0627\u0644\u0628\u0634\u0631\u0629 \u0628\u0644\u0637\u0641 \u0644\u064a\u0632\u064a\u0644 \u062e\u0644\u0627\u064a\u0627 \u0627\u0644\u062c\u0644\u062f \u0627\u0644\u0645\u064a\u062a\u0629 \u0648\u064a\u0643\u0634\u0641 \u0639\u0646 \u0628\u0634\u0631\u0629 \u0645\u0634\u0631\u0642\u0629 \u0648\u0645\u0648\u062d\u0651\u062f\u0629 \u0627\u0644\u0644\u0648\u0646. \u064a\u062d\u0645\u064a \u0645\u0646 \u0623\u0634\u0639\u0629 \u0627\u0644\u0634\u0645\u0633 \u0628\u0639\u0627\u0645\u0644 SPF 17\u060c \u0645\u0639 \u062a\u0648\u0641\u064a\u0631 \u062a\u0631\u0637\u064a\u0628 \u064a\u0648\u0645\u064a. \u064a\u0633\u062a\u0647\u062f\u0641 \u0627\u0644\u0628\u0642\u0639 \u0627\u0644\u062f\u0627\u0643\u0646\u0629 \u0648\u0639\u0644\u0627\u0645\u0627\u062a \u062d\u0628 \u0627\u0644\u0634\u0628\u0627\u0628 \u0627\u0644\u0633\u0627\u0628\u0642\u0629. \u0646\u062a\u0627\u0626\u062c [&hellip;]<\/p>\n","protected":false},"featured_media":38555,"template":"","meta":[],"pwb-brand":[239],"product_brand":[],"product_cat":[1123],"product_tag":[675,685,699,671,704],"class_list":{"0":"post-38805","1":"product","2":"type-product","3":"status-publish","4":"has-post-thumbnail","6":"pwb-brand-loreal","7":"product_cat-face-bright","8":"product_tag-spots","9":"product_tag-brightening","10":"product_tag-exfoliator","11":"product_tag-pigmentation","12":"product_tag-daycream","14":"first","15":"instock","16":"shipping-taxable","17":"purchasable","18":"product-type-variable","19":"has-default-attributes","20":"wvs-archive-product-wrapper"},"brands":[{"id":239,"name":"L'Or\u00e9al Paris","slug":"loreal"}],"_links":{"self":[{"href":"https:\/\/gopinkish.com\/en\/wp-json\/wp\/v2\/product\/38805","targetHints":{"allow":["GET"]}}],"collection":[{"href":"https:\/\/gopinkish.com\/en\/wp-json\/wp\/v2\/product"}],"about":[{"href":"https:\/\/gopinkish.com\/en\/wp-json\/wp\/v2\/types\/product"}],"wp:featuredmedia":[{"embeddable":true,"href":"https:\/\/gopinkish.com\/en\/wp-json\/wp\/v2\/media\/38555"}],"wp:attachment":[{"href":"https:\/\/gopinkish.com\/en\/wp-json\/wp\/v2\/media?parent=38805"}],"wp:term":[{"taxonomy":"pwb-brand","embeddable":true,"href":"https:\/\/gopinkish.com\/en\/wp-json\/wp\/v2\/pwb-brand?post=38805"},{"taxonomy":"product_brand","embeddable":true,"href":"https:\/\/gopinkish.com\/en\/wp-json\/wp\/v2\/product_brand?post=38805"},{"taxonomy":"product_cat","embeddable":true,"href":"https:\/\/gopinkish.com\/en\/wp-json\/wp\/v2\/product_cat?post=38805"},{"taxonomy":"product_tag","embeddable":true,"href":"https:\/\/gopinkish.com\/en\/wp-json\/wp\/v2\/product_tag?post=38805"}],"curies":[{"name":"wp","href":"https:\/\/api.w.org\/{rel}","templated":true}]}}