{"id":38791,"date":"2026-04-25T23:04:51","date_gmt":"2026-04-25T22:04:51","guid":{"rendered":"https:\/\/gopinkish.com\/?post_type=product&#038;p=38791"},"modified":"2026-04-25T23:04:51","modified_gmt":"2026-04-25T22:04:51","slug":"3600551033648","status":"publish","type":"product","link":"https:\/\/gopinkish.com\/en\/product\/3600551033648\/","title":{"rendered":"\u0645\u0646\u0627\u062f\u064a\u0644 \u0645\u064a\u0643\u0633\u0627 \u0628\u064a\u0628\u064a \u0646\u0642\u064a\u0629 \u062c\u062f\u0627\u064b \u0644\u0644\u0631\u0636\u0639"},"content":{"rendered":"<p style=\"text-align:justify\">\u0645\u0646\u062a\u062c MIXA B\u00c9B\u00c9 LINGETTES TR\u00c8S PURES ULTRA-DOUCES x72 \u0645\u0646 \u0645\u064a\u0643\u0633\u0627 \u0628\u064a\u0628\u064a \u0647\u0648 \u0639\u0628\u0648\u0629 \u0645\u0646 72 \u0645\u0646\u062f\u064a\u0644 \u0646\u0642\u064a \u062c\u062f\u0627\u064b \u0645\u0635\u0645\u0645 \u0644\u0628\u0634\u0631\u0629 \u0627\u0644\u0631\u0636\u0639 \u0627\u0644\u062d\u0633\u0627\u0633\u0629. \u062a\u0631\u0643\u064a\u0628\u062a\u0647\u0627 \u0627\u0644\u0644\u0637\u064a\u0641\u0629 \u0628\u0645\u064a\u0627\u0647 \u0646\u0642\u064a\u0629 \u062c\u062f\u0627\u064b \u062a\u0646\u0638\u0641 \u0628\u0644\u0637\u0641 \u062a\u0627\u0645 \u062f\u0648\u0646 \u062a\u0647\u064a\u064a\u062c. \u0627\u0644\u0645\u0646\u0627\u062f\u064a\u0644 \u0633\u0645\u064a\u0643\u0629 \u0648\u0646\u0627\u0639\u0645\u0629 \u0644\u0644\u062a\u0646\u0638\u064a\u0641 \u0627\u0644\u0645\u0631\u064a\u062d. \u062e\u0627\u0644\u064a\u0629 \u0645\u0646 \u0627\u0644\u0643\u062d\u0648\u0644 \u0648\u0627\u0644\u0639\u0637\u0648\u0631 \u0648\u0627\u0644\u0628\u0627\u0631\u0627\u0628\u064a\u0646. \u0645\u0648\u0627\u0641\u0642\u0629 \u0637\u0628 \u0623\u0637\u0641\u0627\u0644. \u0639\u0628\u0648\u0629 \u0627\u0642\u062a\u0635\u0627\u062f\u064a\u0629 \u0628\u0640 72 \u0645\u0646\u062f\u064a\u0644\u0627\u064b \u0644\u0644\u0627\u0633\u062a\u0639\u0645\u0627\u0644 \u0627\u0644\u0645\u062a\u0643\u0631\u0631.<\/p>\n<p><strong>Key Ingredients and Characteristics<\/strong><\/p>\n<ul>\n<li>\u0645\u064a\u0627\u0647 \u0646\u0642\u064a\u0629 \u062c\u062f\u0627\u064b (99% \u0645\u0627\u0621 \u0646\u0642\u064a)<\/li>\n<li>\u062a\u0631\u0643\u064a\u0628\u0629 \u0644\u0637\u064a\u0641\u0629 \u062c\u062f\u0627\u064b \u0644\u0644\u0631\u0636\u0639<\/li>\n<li>\u0645\u0646\u0627\u062f\u064a\u0644 \u0633\u0645\u064a\u0643\u0629 \u0648\u0646\u0627\u0639\u0645\u0629<\/li>\n<li>\u062e\u0627\u0644\u064a\u0629 \u0645\u0646 \u0627\u0644\u0643\u062d\u0648\u0644 \u0648\u0627\u0644\u0639\u0637\u0648\u0631<\/li>\n<li>\u0645\u0648\u0627\u0641\u0642\u0629 \u0637\u0628 \u0623\u0637\u0641\u0627\u0644<\/li>\n<\/ul>\n<p><strong>Key Features and Benefits<\/strong><\/p>\n<ul>\n<li>\u062a\u0646\u0638\u0641 \u0628\u0634\u0631\u0629 \u0627\u0644\u0631\u0636\u0639 \u0628\u0644\u0637\u0641 \u062a\u0627\u0645<\/li>\n<li>\u0622\u0645\u0646\u0629 \u0644\u0644\u0628\u0634\u0631\u0629 \u0627\u0644\u062d\u0633\u0627\u0633\u0629 \u062c\u062f\u0627\u064b<\/li>\n<li>\u0639\u0628\u0648\u0629 \u0627\u0642\u062a\u0635\u0627\u062f\u064a\u0629 \u0628\u0640 72 \u0645\u0646\u062f\u064a\u0644\u0627\u064b<\/li>\n<li>\u0645\u062b\u0627\u0644\u064a\u0629 \u0644\u0644\u0627\u0633\u062a\u0639\u0645\u0627\u0644 \u0627\u0644\u064a\u0648\u0645\u064a \u0627\u0644\u0645\u062a\u0643\u0631\u0631<\/li>\n<li>\u0633\u0645\u064a\u0643\u0629 \u0644\u0644\u062a\u0646\u0638\u064a\u0641 \u0627\u0644\u0645\u0631\u064a\u062d<\/li>\n<li>\u0633\u0639\u0631 \u0627\u0642\u062a\u0635\u0627\u062f\u064a \u0645\u0639 \u062c\u0648\u062f\u0629 \u0639\u0627\u0644\u064a\u0629<\/li>\n<\/ul>\n<p style=\"text-align:center\">\ud83c\uddec\ud83c\udde7 MIXA Product \u2013 MIXA B\u00c9B\u00c9 LINGETTES TR\u00c8S PURES ULTRA-DOUCES x72<\/p>\n<p style=\"text-align:center\">\ud83c\uddeb\ud83c\uddf7 MIXA Produit \u2013 MIXA B\u00c9B\u00c9 LINGETTES TR\u00c8S PURES ULTRA-DOUCES x72<\/p>","protected":false},"excerpt":{"rendered":"<p>\u0645\u0646\u062a\u062c MIXA B\u00c9B\u00c9 LINGETTES TR\u00c8S PURES ULTRA-DOUCES x72 \u0645\u0646 \u0645\u064a\u0643\u0633\u0627 \u0628\u064a\u0628\u064a \u0647\u0648 \u0639\u0628\u0648\u0629 \u0645\u0646 72 \u0645\u0646\u062f\u064a\u0644 \u0646\u0642\u064a \u062c\u062f\u0627\u064b \u0645\u0635\u0645\u0645 \u0644\u0628\u0634\u0631\u0629 \u0627\u0644\u0631\u0636\u0639 \u0627\u0644\u062d\u0633\u0627\u0633\u0629. \u062a\u0631\u0643\u064a\u0628\u062a\u0647\u0627 \u0627\u0644\u0644\u0637\u064a\u0641\u0629 \u0628\u0645\u064a\u0627\u0647 \u0646\u0642\u064a\u0629 \u062c\u062f\u0627\u064b \u062a\u0646\u0638\u0641 \u0628\u0644\u0637\u0641 \u062a\u0627\u0645 \u062f\u0648\u0646 \u062a\u0647\u064a\u064a\u062c. \u0627\u0644\u0645\u0646\u0627\u062f\u064a\u0644 \u0633\u0645\u064a\u0643\u0629 \u0648\u0646\u0627\u0639\u0645\u0629 \u0644\u0644\u062a\u0646\u0638\u064a\u0641 \u0627\u0644\u0645\u0631\u064a\u062d. \u062e\u0627\u0644\u064a\u0629 \u0645\u0646 \u0627\u0644\u0643\u062d\u0648\u0644 \u0648\u0627\u0644\u0639\u0637\u0648\u0631 \u0648\u0627\u0644\u0628\u0627\u0631\u0627\u0628\u064a\u0646. \u0645\u0648\u0627\u0641\u0642\u0629 \u0637\u0628 \u0623\u0637\u0641\u0627\u0644. \u0639\u0628\u0648\u0629 \u0627\u0642\u062a\u0635\u0627\u062f\u064a\u0629 \u0628\u0640 72 \u0645\u0646\u062f\u064a\u0644\u0627\u064b \u0644\u0644\u0627\u0633\u062a\u0639\u0645\u0627\u0644 \u0627\u0644\u0645\u062a\u0643\u0631\u0631. \u0627\u0644\u0645\u0643\u0648\u0646\u0627\u062a \u0648\u0627\u0644\u062e\u0635\u0627\u0626\u0635 \u0627\u0644\u0631\u0626\u064a\u0633\u064a\u0629 [&hellip;]<\/p>\n","protected":false},"featured_media":38532,"template":"","meta":[],"pwb-brand":[427],"product_brand":[],"product_cat":[1162],"product_tag":[1036,1031,688],"class_list":{"0":"post-38791","1":"product","2":"type-product","3":"status-publish","4":"has-post-thumbnail","6":"pwb-brand-mixa","7":"product_cat-mom-baby","8":"product_tag-1036","9":"product_tag-1031","10":"product_tag-sensitive","12":"first","13":"instock","14":"shipping-taxable","15":"purchasable","16":"product-type-variable","17":"has-default-attributes","18":"wvs-archive-product-wrapper"},"brands":[{"id":427,"name":"Mixa","slug":"mixa"}],"_links":{"self":[{"href":"https:\/\/gopinkish.com\/en\/wp-json\/wp\/v2\/product\/38791","targetHints":{"allow":["GET"]}}],"collection":[{"href":"https:\/\/gopinkish.com\/en\/wp-json\/wp\/v2\/product"}],"about":[{"href":"https:\/\/gopinkish.com\/en\/wp-json\/wp\/v2\/types\/product"}],"wp:featuredmedia":[{"embeddable":true,"href":"https:\/\/gopinkish.com\/en\/wp-json\/wp\/v2\/media\/38532"}],"wp:attachment":[{"href":"https:\/\/gopinkish.com\/en\/wp-json\/wp\/v2\/media?parent=38791"}],"wp:term":[{"taxonomy":"pwb-brand","embeddable":true,"href":"https:\/\/gopinkish.com\/en\/wp-json\/wp\/v2\/pwb-brand?post=38791"},{"taxonomy":"product_brand","embeddable":true,"href":"https:\/\/gopinkish.com\/en\/wp-json\/wp\/v2\/product_brand?post=38791"},{"taxonomy":"product_cat","embeddable":true,"href":"https:\/\/gopinkish.com\/en\/wp-json\/wp\/v2\/product_cat?post=38791"},{"taxonomy":"product_tag","embeddable":true,"href":"https:\/\/gopinkish.com\/en\/wp-json\/wp\/v2\/product_tag?post=38791"}],"curies":[{"name":"wp","href":"https:\/\/api.w.org\/{rel}","templated":true}]}}