{"id":38464,"date":"2026-04-24T23:09:35","date_gmt":"2026-04-24T22:09:35","guid":{"rendered":"https:\/\/gopinkish.com\/?post_type=product&#038;p=38464"},"modified":"2026-04-24T23:09:36","modified_gmt":"2026-04-24T22:09:36","slug":"3600524074814","status":"publish","type":"product","link":"https:\/\/gopinkish.com\/en\/product\/3600524074814\/","title":{"rendered":"\u0628\u0644\u0633\u0645 \u0625\u0635\u0644\u0627\u062d \u0627\u0644\u0631\u0648\u0627\u0628\u0637 \u0644\u0644\u0634\u0639\u0631 \u0627\u0644\u062a\u0627\u0644\u0641 \u0648\u0627\u0644\u0645\u062a\u0643\u0633\u0631"},"content":{"rendered":"<p style=\"text-align:justify\">\u0645\u0646\u062a\u062c L&#8217;OR\u00c9AL PARIS ELVIVE BOND REPAIR CONDITIONER 150ML \u0645\u0646 \u0644\u0648\u0631\u064a\u0627\u0644 \u0628\u0627\u0631\u064a\u0633 \u0647\u0648 \u0628\u0644\u0633\u0645 \u0645\u0631\u0643\u0651\u0632 \u064a\u0643\u0645\u0644 \u0639\u0645\u0644 \u0634\u0627\u0645\u0628\u0648 Bond Repair \u0644\u0625\u0639\u0627\u062f\u0629 \u0628\u0646\u0627\u0621 \u0627\u0644\u0631\u0648\u0627\u0628\u0637 \u0627\u0644\u062f\u0627\u062e\u0644\u064a\u0629 \u0644\u0644\u0634\u0639\u0631. \u064a\u063a\u0630\u064a \u0627\u0644\u0634\u0639\u0631 \u0628\u0639\u0645\u0642 \u0648\u064a\u0633\u0647\u0651\u0644 \u062a\u0633\u0631\u064a\u062d\u0647 \u0648\u064a\u062d\u0645\u064a\u0647 \u0645\u0646 \u0627\u0644\u062a\u0642\u0635\u0641\u060c \u0645\u0639 \u062a\u0642\u0648\u064a\u0629 \u0623\u0644\u064a\u0627\u0641\u0647 \u0648\u0625\u0639\u0627\u062f\u0629 \u0645\u0644\u0645\u0633\u0647 \u0627\u0644\u062d\u0631\u064a\u0631\u064a. \u064a\u064f\u0648\u0632\u064e\u0651\u0639 \u0639\u0644\u0649 \u0627\u0644\u0623\u0637\u0648\u0627\u0644 \u0648\u0627\u0644\u0623\u0637\u0631\u0627\u0641 \u0628\u0639\u062f \u0627\u0644\u0634\u0627\u0645\u0628\u0648 \u0648\u064a\u064f\u0634\u0637\u0641 \u0628\u0639\u062f \u062f\u0642\u0627\u0626\u0642. \u064a\u062c\u0639\u0644 \u0627\u0644\u0634\u0639\u0631 \u0627\u0644\u0645\u062a\u0636\u0631\u0631 \u0623\u0642\u0648\u0649 \u0648\u0623\u0643\u062b\u0631 \u0645\u0631\u0648\u0646\u0629 \u0628\u0639\u062f \u0643\u0644 \u0627\u0633\u062a\u0639\u0645\u0627\u0644.<\/p>\n<p><strong>Key Ingredients and Characteristics<\/strong><\/p>\n<ul>\n<li>\u062a\u0642\u0646\u064a\u0629 Citric Acid Complex \u0644\u0625\u0635\u0644\u0627\u062d \u0627\u0644\u0631\u0648\u0627\u0628\u0637 \u0627\u0644\u062f\u0627\u062e\u0644\u064a\u0629<\/li>\n<li>\u0639\u0646\u0627\u0635\u0631 \u062a\u0643\u064a\u064a\u0641 \u0648\u062a\u0646\u0639\u064a\u0645 \u0644\u062a\u0633\u0647\u064a\u0644 \u0627\u0644\u062a\u0633\u0631\u064a\u062d<\/li>\n<li>\u062a\u0631\u0643\u064a\u0628\u0629 \u063a\u0646\u064a\u0629 \u062a\u062e\u062a\u0631\u0642 \u0639\u0645\u0642 \u0623\u0644\u064a\u0627\u0641 \u0627\u0644\u0634\u0639\u0631<\/li>\n<li>\u0622\u0645\u0646 \u0639\u0644\u0649 \u0627\u0644\u0634\u0639\u0631 \u0627\u0644\u0645\u0635\u0628\u0648\u063a \u0648\u0627\u0644\u0645\u0639\u0627\u0644\u064e\u062c \u0643\u064a\u0645\u064a\u0627\u0626\u064a\u0627\u064b<\/li>\n<li>Paraben-free<\/li>\n<\/ul>\n<p><strong>Key Features and Benefits<\/strong><\/p>\n<ul>\n<li>\u064a\u0631\u0645\u0645 \u0627\u0644\u0634\u0639\u0631 \u0627\u0644\u062a\u0627\u0644\u0641 \u0648\u064a\u0642\u0648\u0651\u064a \u0623\u0644\u064a\u0627\u0641\u0647 \u0627\u0644\u062f\u0627\u062e\u0644\u064a\u0629<\/li>\n<li>\u064a\u0642\u0644\u0644 \u0627\u0644\u062a\u0634\u0627\u0628\u0643 \u0648\u064a\u0633\u0647\u0651\u0644 \u0627\u0644\u062a\u0633\u0631\u064a\u062d \u062f\u0648\u0646 \u062a\u0643\u0633\u0651\u0631<\/li>\n<li>\u064a\u0639\u064a\u062f \u0644\u0645\u0639\u0627\u0646 \u0627\u0644\u0634\u0639\u0631 \u0648\u0645\u0644\u0645\u0633\u0647 \u0627\u0644\u0646\u0627\u0639\u0645<\/li>\n<li>\u064a\u062d\u0645\u064a \u0645\u0646 \u0627\u0644\u062a\u0642\u0635\u0641 \u0627\u0644\u0645\u062a\u0643\u0631\u0631<\/li>\n<li>\u064a\u064f\u0639\u0632\u0632 \u0641\u0639\u0627\u0644\u064a\u0629 \u0634\u0627\u0645\u0628\u0648 Bond Repair \u0636\u0645\u0646 \u0627\u0644\u0631\u0648\u062a\u064a\u0646 \u0627\u0644\u0643\u0627\u0645\u0644<\/li>\n<li>\u0645\u062b\u0627\u0644\u064a \u0644\u0644\u0634\u0639\u0631 \u0627\u0644\u0628\u0627\u0647\u062a \u0648\u0627\u0644\u0645\u0639\u0627\u0644\u064e\u062c \u062d\u0631\u0627\u0631\u064a\u0627\u064b \u0623\u0648 \u0643\u064a\u0645\u064a\u0627\u0626\u064a\u0627\u064b<\/li>\n<\/ul>\n<p style=\"text-align:center\">\ud83c\uddec\ud83c\udde7 L&#8217;OR\u00c9AL PARIS Product \u2013 L&#8217;OR\u00c9AL PARIS ELVIVE BOND REPAIR CONDITIONER 150ML<\/p>\n<p style=\"text-align:center\">\ud83c\uddeb\ud83c\uddf7 L&#8217;OR\u00c9AL PARIS Produit \u2013 L&#8217;OR\u00c9AL PARIS ELVIVE BOND REPAIR APR\u00c8S-SHAMPOOING R\u00c9PARATEUR 150ML<\/p>","protected":false},"excerpt":{"rendered":"<p>\u0645\u0646\u062a\u062c L&#8217;OR\u00c9AL PARIS ELVIVE BOND REPAIR CONDITIONER 150ML \u0645\u0646 \u0644\u0648\u0631\u064a\u0627\u0644 \u0628\u0627\u0631\u064a\u0633 \u0647\u0648 \u0628\u0644\u0633\u0645 \u0645\u0631\u0643\u0651\u0632 \u064a\u0643\u0645\u0644 \u0639\u0645\u0644 \u0634\u0627\u0645\u0628\u0648 Bond Repair \u0644\u0625\u0639\u0627\u062f\u0629 \u0628\u0646\u0627\u0621 \u0627\u0644\u0631\u0648\u0627\u0628\u0637 \u0627\u0644\u062f\u0627\u062e\u0644\u064a\u0629 \u0644\u0644\u0634\u0639\u0631. \u064a\u063a\u0630\u064a \u0627\u0644\u0634\u0639\u0631 \u0628\u0639\u0645\u0642 \u0648\u064a\u0633\u0647\u0651\u0644 \u062a\u0633\u0631\u064a\u062d\u0647 \u0648\u064a\u062d\u0645\u064a\u0647 \u0645\u0646 \u0627\u0644\u062a\u0642\u0635\u0641\u060c \u0645\u0639 \u062a\u0642\u0648\u064a\u0629 \u0623\u0644\u064a\u0627\u0641\u0647 \u0648\u0625\u0639\u0627\u062f\u0629 \u0645\u0644\u0645\u0633\u0647 \u0627\u0644\u062d\u0631\u064a\u0631\u064a. \u064a\u064f\u0648\u0632\u064e\u0651\u0639 \u0639\u0644\u0649 \u0627\u0644\u0623\u0637\u0648\u0627\u0644 \u0648\u0627\u0644\u0623\u0637\u0631\u0627\u0641 \u0628\u0639\u062f \u0627\u0644\u0634\u0627\u0645\u0628\u0648 \u0648\u064a\u064f\u0634\u0637\u0641 \u0628\u0639\u062f \u062f\u0642\u0627\u0626\u0642. \u064a\u062c\u0639\u0644 \u0627\u0644\u0634\u0639\u0631 \u0627\u0644\u0645\u062a\u0636\u0631\u0631 \u0623\u0642\u0648\u0649 \u0648\u0623\u0643\u062b\u0631 \u0645\u0631\u0648\u0646\u0629 \u0628\u0639\u062f \u0643\u0644 [&hellip;]<\/p>\n","protected":false},"featured_media":38416,"template":"","meta":[],"pwb-brand":[239],"product_brand":[],"product_cat":[1149],"product_tag":[1061,677,750,1035,1041],"class_list":{"0":"post-38464","1":"product","2":"type-product","3":"status-publish","4":"has-post-thumbnail","6":"pwb-brand-loreal","7":"product_cat-hair-cond","8":"product_tag-1061","9":"product_tag-brokenhair","10":"product_tag-750","11":"product_tag-1035","12":"product_tag-1041","14":"first","15":"instock","16":"shipping-taxable","17":"purchasable","18":"product-type-variable","19":"has-default-attributes","20":"wvs-archive-product-wrapper"},"brands":[{"id":239,"name":"L'Or\u00e9al Paris","slug":"loreal"}],"_links":{"self":[{"href":"https:\/\/gopinkish.com\/en\/wp-json\/wp\/v2\/product\/38464","targetHints":{"allow":["GET"]}}],"collection":[{"href":"https:\/\/gopinkish.com\/en\/wp-json\/wp\/v2\/product"}],"about":[{"href":"https:\/\/gopinkish.com\/en\/wp-json\/wp\/v2\/types\/product"}],"wp:featuredmedia":[{"embeddable":true,"href":"https:\/\/gopinkish.com\/en\/wp-json\/wp\/v2\/media\/38416"}],"wp:attachment":[{"href":"https:\/\/gopinkish.com\/en\/wp-json\/wp\/v2\/media?parent=38464"}],"wp:term":[{"taxonomy":"pwb-brand","embeddable":true,"href":"https:\/\/gopinkish.com\/en\/wp-json\/wp\/v2\/pwb-brand?post=38464"},{"taxonomy":"product_brand","embeddable":true,"href":"https:\/\/gopinkish.com\/en\/wp-json\/wp\/v2\/product_brand?post=38464"},{"taxonomy":"product_cat","embeddable":true,"href":"https:\/\/gopinkish.com\/en\/wp-json\/wp\/v2\/product_cat?post=38464"},{"taxonomy":"product_tag","embeddable":true,"href":"https:\/\/gopinkish.com\/en\/wp-json\/wp\/v2\/product_tag?post=38464"}],"curies":[{"name":"wp","href":"https:\/\/api.w.org\/{rel}","templated":true}]}}