{"id":37889,"date":"2026-03-08T21:36:39","date_gmt":"2026-03-08T20:36:39","guid":{"rendered":"https:\/\/gopinkish.com\/?post_type=product&#038;p=37889"},"modified":"2026-04-08T21:38:31","modified_gmt":"2026-04-08T20:38:31","slug":"8006569147653","status":"publish","type":"product","link":"https:\/\/gopinkish.com\/en\/product\/8006569147653\/","title":{"rendered":"\u0643\u0631\u064a\u0633\u062a\u0627\u0644 \u0633\u0627\u0626\u0644 \u0628\u0627\u0644\u0643\u064a\u0631\u0627\u062a\u064a\u0646 \u0644\u0625\u0635\u0644\u0627\u062d \u0648\u062a\u0644\u0645\u064a\u0639 \u0627\u0644\u0634\u0639\u0631"},"content":{"rendered":"<p style=\"text-align: justify;\">\u0645\u0646\u062a\u062c Keratina Therapy Cristalli con Amminoacidi \u0645\u0646 Ren\u00e9e Blanche \u0647\u0648 \u0639\u0644\u0627\u062c \u0641\u0648\u0631\u064a \u0644\u0644\u0634\u0639\u0631 \u0628\u062f\u0648\u0646 \u0634\u0637\u0641 \u0628\u062a\u0631\u0643\u064a\u0628\u0629 \u063a\u0646\u064a\u0629 \u0648\u0645\u0628\u062a\u0643\u0631\u0629 \u0645\u0646 \u0627\u0644\u0643\u0631\u064a\u0633\u062a\u0627\u0644 \u0627\u0644\u0633\u0627\u0626\u0644. \u064a\u0648\u0641\u0631 \u0623\u0642\u0635\u0649 \u062d\u0645\u0627\u064a\u0629 \u0644\u0644\u0634\u0639\u0631 \u0627\u0644\u062a\u0627\u0644\u0641 \u0648\u0627\u0644\u0645\u062a\u0642\u0635\u0641 \u0648\u0627\u0644\u0636\u0639\u064a\u0641 \u0628\u0641\u0636\u0644 \u0627\u062d\u062a\u0648\u0627\u0626\u0647 \u0639\u0644\u0649 \u0627\u0644\u0643\u064a\u0631\u0627\u062a\u064a\u0646 \u0648\u0627\u0644\u0623\u062d\u0645\u0627\u0636 \u0627\u0644\u0623\u0645\u064a\u0646\u064a\u0629\u060c \u0648\u0647\u064a \u0645\u0643\u0648\u0646\u0627\u062a \u0623\u0633\u0627\u0633\u064a\u0629 \u0644\u0628\u0646\u064a\u0629 \u0627\u0644\u0634\u0639\u0631. \u064a\u0639\u064a\u062f \u0627\u0644\u0644\u0645\u0639\u0627\u0646 \u0648\u0627\u0644\u062d\u064a\u0648\u064a\u0629 \u0644\u0644\u0634\u0639\u0631 \u0648\u064a\u0645\u0646\u0639 \u062a\u0643\u0648\u0646 \u0627\u0644\u0623\u0637\u0631\u0627\u0641 \u0627\u0644\u0645\u062a\u0642\u0635\u0641\u0629 \u0648\u0627\u0644\u062a\u0643\u0633\u0631. \u064a\u062d\u062a\u0648\u064a \u0639\u0644\u0649 \u0648\u0627\u0642\u064a\u0627\u062a \u0645\u0646 \u0623\u0634\u0639\u0629 \u0627\u0644\u0634\u0645\u0633 \u0644\u062d\u0645\u0627\u064a\u0629 \u0625\u0636\u0627\u0641\u064a\u0629.<\/p>\n<p><strong>Key Ingredients and Characteristics<\/strong><\/p>\n<ul>\n<li>\u0627\u0644\u0643\u064a\u0631\u0627\u062a\u064a\u0646 \u0627\u0644\u0645\u062a\u062d\u0644\u0644 \u0644\u062a\u0642\u0648\u064a\u0629 \u0628\u0646\u064a\u0629 \u0627\u0644\u0634\u0639\u0631 \u0645\u0646 \u0627\u0644\u062f\u0627\u062e\u0644<\/li>\n<li>\u0627\u0644\u0623\u062d\u0645\u0627\u0636 \u0627\u0644\u0623\u0645\u064a\u0646\u064a\u0629 \u0644\u062a\u063a\u0630\u064a\u0629 \u0639\u0645\u064a\u0642\u0629 \u0648\u0625\u0639\u0627\u062f\u0629 \u0628\u0646\u0627\u0621 \u0627\u0644\u0623\u0644\u064a\u0627\u0641<\/li>\n<li>\u0627\u0644\u0633\u064a\u0644\u064a\u0643\u0648\u0646 \u0644\u062a\u0634\u0643\u064a\u0644 \u062d\u0627\u062c\u0632 \u0648\u0627\u0642\u064d \u062d\u0648\u0644 \u0627\u0644\u0634\u0639\u0631\u0629<\/li>\n<li>\u0648\u0627\u0642\u064a\u0627\u062a \u0645\u0646 \u0627\u0644\u0623\u0634\u0639\u0629 \u0641\u0648\u0642 \u0627\u0644\u0628\u0646\u0641\u0633\u062c\u064a\u0629 \u0644\u062d\u0645\u0627\u064a\u0629 \u0627\u0644\u0634\u0639\u0631 \u0645\u0646 \u0627\u0644\u0634\u0645\u0633<\/li>\n<li>\u062a\u0631\u0643\u064a\u0628\u0629 \u062e\u0641\u064a\u0641\u0629 \u0628\u062f\u0648\u0646 \u0634\u0637\u0641 \u0644\u0627 \u062a\u062b\u0642\u0644 \u0627\u0644\u0634\u0639\u0631<\/li>\n<\/ul>\n<p><strong>Key Features and Benefits<\/strong><\/p>\n<ul>\n<li>\u064a\u0645\u0646\u062d \u0627\u0644\u0634\u0639\u0631 \u0644\u0645\u0639\u0627\u0646\u0627 \u0641\u0627\u0626\u0642\u0627 \u0648\u0646\u0639\u0648\u0645\u0629 \u0641\u0648\u0631\u064a\u0629<\/li>\n<li>\u064a\u0645\u0646\u0639 \u062a\u0643\u0648\u0646 \u0627\u0644\u0623\u0637\u0631\u0627\u0641 \u0627\u0644\u0645\u062a\u0642\u0635\u0641\u0629 \u0648\u062a\u0643\u0633\u0631 \u0627\u0644\u0634\u0639\u0631<\/li>\n<li>\u064a\u062d\u0645\u064a \u0627\u0644\u0634\u0639\u0631 \u0645\u0646 \u0627\u0644\u062d\u0631\u0627\u0631\u0629 \u0648\u0627\u0644\u062c\u0641\u0627\u0641<\/li>\n<li>\u0645\u0646\u0627\u0633\u0628 \u0644\u0644\u0634\u0639\u0631 \u0627\u0644\u062c\u0627\u0641 \u0648\u0627\u0644\u062a\u0627\u0644\u0641 \u0648\u0627\u0644\u0645\u062a\u0642\u0635\u0641<\/li>\n<li>\u064a\u0639\u064a\u062f \u0647\u064a\u0643\u0644\u0629 \u0627\u0644\u0634\u0639\u0631 \u0628\u0627\u0644\u0643\u0627\u0645\u0644 \u0645\u0639 \u0627\u062d\u062a\u0631\u0627\u0645 \u0627\u0644\u0645\u0646\u0627\u0637\u0642 \u0627\u0644\u062d\u0633\u0627\u0633\u0629<\/li>\n<li>\u064a\u064f\u0633\u062a\u062e\u062f\u0645 \u0639\u0644\u0649 \u0627\u0644\u0634\u0639\u0631 \u0627\u0644\u0631\u0637\u0628 \u0623\u0648 \u0627\u0644\u062c\u0627\u0641 \u0628\u062f\u0648\u0646 \u0634\u0637\u0641<\/li>\n<\/ul>\n<p style=\"text-align: center;\">\ud83c\uddec\ud83c\udde7 Ren\u00e9e Blanche \u2013 Keratina Therapy Liquid Crystals with Amino Acids<\/p>\n<p style=\"text-align: center;\">\ud83c\uddeb\ud83c\uddf7 Ren\u00e9e Blanche \u2013 Cristaux Liquides K\u00e9ratine Th\u00e9rapie aux Acides Amin\u00e9s<\/p>","protected":false},"excerpt":{"rendered":"<p>\u0645\u0646\u062a\u062c Keratina Therapy Cristalli con Amminoacidi \u0645\u0646 Ren\u00e9e Blanche \u0647\u0648 \u0639\u0644\u0627\u062c \u0641\u0648\u0631\u064a \u0644\u0644\u0634\u0639\u0631 \u0628\u062f\u0648\u0646 \u0634\u0637\u0641 \u0628\u062a\u0631\u0643\u064a\u0628\u0629 \u063a\u0646\u064a\u0629 \u0648\u0645\u0628\u062a\u0643\u0631\u0629 \u0645\u0646 \u0627\u0644\u0643\u0631\u064a\u0633\u062a\u0627\u0644 \u0627\u0644\u0633\u0627\u0626\u0644. \u064a\u0648\u0641\u0631 \u0623\u0642\u0635\u0649 \u062d\u0645\u0627\u064a\u0629 \u0644\u0644\u0634\u0639\u0631 \u0627\u0644\u062a\u0627\u0644\u0641 \u0648\u0627\u0644\u0645\u062a\u0642\u0635\u0641 \u0648\u0627\u0644\u0636\u0639\u064a\u0641 \u0628\u0641\u0636\u0644 \u0627\u062d\u062a\u0648\u0627\u0626\u0647 \u0639\u0644\u0649 \u0627\u0644\u0643\u064a\u0631\u0627\u062a\u064a\u0646 \u0648\u0627\u0644\u0623\u062d\u0645\u0627\u0636 \u0627\u0644\u0623\u0645\u064a\u0646\u064a\u0629\u060c \u0648\u0647\u064a \u0645\u0643\u0648\u0646\u0627\u062a \u0623\u0633\u0627\u0633\u064a\u0629 \u0644\u0628\u0646\u064a\u0629 \u0627\u0644\u0634\u0639\u0631. \u064a\u0639\u064a\u062f \u0627\u0644\u0644\u0645\u0639\u0627\u0646 \u0648\u0627\u0644\u062d\u064a\u0648\u064a\u0629 \u0644\u0644\u0634\u0639\u0631 \u0648\u064a\u0645\u0646\u0639 \u062a\u0643\u0648\u0646 \u0627\u0644\u0623\u0637\u0631\u0627\u0641 \u0627\u0644\u0645\u062a\u0642\u0635\u0641\u0629 \u0648\u0627\u0644\u062a\u0643\u0633\u0631. \u064a\u062d\u062a\u0648\u064a \u0639\u0644\u0649 \u0648\u0627\u0642\u064a\u0627\u062a \u0645\u0646 \u0623\u0634\u0639\u0629 \u0627\u0644\u0634\u0645\u0633 \u0644\u062d\u0645\u0627\u064a\u0629 [&hellip;]<\/p>\n","protected":false},"featured_media":37868,"template":"","meta":[],"pwb-brand":[],"product_brand":[],"product_cat":[1154],"product_tag":[1035,755,749,1437],"class_list":{"0":"post-37889","1":"product","2":"type-product","3":"status-publish","4":"has-post-thumbnail","6":"product_cat-hair-serum","7":"product_tag-1035","8":"product_tag-755","9":"product_tag-749","10":"product_tag-1437","12":"first","13":"instock","14":"shipping-taxable","15":"purchasable","16":"product-type-variable","17":"has-default-attributes","18":"wvs-archive-product-wrapper"},"brands":[],"_links":{"self":[{"href":"https:\/\/gopinkish.com\/en\/wp-json\/wp\/v2\/product\/37889","targetHints":{"allow":["GET"]}}],"collection":[{"href":"https:\/\/gopinkish.com\/en\/wp-json\/wp\/v2\/product"}],"about":[{"href":"https:\/\/gopinkish.com\/en\/wp-json\/wp\/v2\/types\/product"}],"wp:featuredmedia":[{"embeddable":true,"href":"https:\/\/gopinkish.com\/en\/wp-json\/wp\/v2\/media\/37868"}],"wp:attachment":[{"href":"https:\/\/gopinkish.com\/en\/wp-json\/wp\/v2\/media?parent=37889"}],"wp:term":[{"taxonomy":"pwb-brand","embeddable":true,"href":"https:\/\/gopinkish.com\/en\/wp-json\/wp\/v2\/pwb-brand?post=37889"},{"taxonomy":"product_brand","embeddable":true,"href":"https:\/\/gopinkish.com\/en\/wp-json\/wp\/v2\/product_brand?post=37889"},{"taxonomy":"product_cat","embeddable":true,"href":"https:\/\/gopinkish.com\/en\/wp-json\/wp\/v2\/product_cat?post=37889"},{"taxonomy":"product_tag","embeddable":true,"href":"https:\/\/gopinkish.com\/en\/wp-json\/wp\/v2\/product_tag?post=37889"}],"curies":[{"name":"wp","href":"https:\/\/api.w.org\/{rel}","templated":true}]}}