{"id":37622,"date":"2026-04-05T23:41:12","date_gmt":"2026-04-05T22:41:12","guid":{"rendered":"https:\/\/gopinkish.com\/?post_type=product&#038;p=37622"},"modified":"2026-04-05T23:46:40","modified_gmt":"2026-04-05T22:46:40","slug":"3337875839501","status":"publish","type":"product","link":"https:\/\/gopinkish.com\/en\/product\/3337875839501\/","title":{"rendered":"\u0643\u0631\u064a\u0645 \u062a\u0631\u0637\u064a\u0628 \u0645\u0643\u062b\u0641 100 \u0633\u0627\u0639\u0629 \u0644\u0644\u0628\u0634\u0631\u0629 \u0627\u0644\u062c\u0627\u0641\u0629"},"content":{"rendered":"<p style=\"text-align: justify;\">\u0645\u0646\u062a\u062c Min\u00e9ral 89 100H Moisture Boosting Cream \u0645\u0646 Vichy \u0647\u0648 \u0643\u0631\u064a\u0645 \u0645\u0631\u0637\u0628 \u0645\u0643\u062b\u0641 \u064a\u0648\u0641\u0631 \u062a\u0631\u0637\u064a\u0628\u0627 \u064a\u062f\u0648\u0645 \u062d\u062a\u0649 100 \u0633\u0627\u0639\u0629 \u0644\u0644\u0628\u0634\u0631\u0629 \u0627\u0644\u062c\u0627\u0641\u0629. \u063a\u0646\u064a \u0628\u062d\u0645\u0636 \u0627\u0644\u0647\u064a\u0627\u0644\u0648\u0631\u0648\u0646\u064a\u0643 \u0627\u0644\u0637\u0628\u064a\u0639\u064a \u064889% \u0645\u0646 \u0645\u064a\u0627\u0647 \u0641\u064a\u0634\u064a \u0627\u0644\u0645\u0639\u062f\u0646\u064a\u0629 \u0627\u0644\u0628\u0631\u0643\u0627\u0646\u064a\u0629 \u0627\u0644\u0645\u0642\u0648\u064a\u0629. \u064a\u0639\u0645\u0644 \u0639\u0644\u0649 \u062a\u0642\u0648\u064a\u0629 \u062d\u0627\u062c\u0632 \u0627\u0644\u0628\u0634\u0631\u0629 \u0648\u062d\u0645\u0627\u064a\u062a\u0647\u0627 \u0645\u0646 \u0627\u0644\u062c\u0641\u0627\u0641 \u0645\u0639 \u0645\u0646\u062d\u0647\u0627 \u0645\u0638\u0647\u0631\u0627 \u0645\u0645\u062a\u0644\u0626\u0627 \u0648\u0645\u0634\u0631\u0642\u0627. \u0645\u0635\u0645\u0645 \u062e\u0635\u064a\u0635\u0627 \u0644\u0644\u0628\u0634\u0631\u0629 \u0627\u0644\u062c\u0627\u0641\u0629 \u0627\u0644\u062a\u064a \u062a\u062d\u062a\u0627\u062c \u062a\u0631\u0637\u064a\u0628\u0627 \u0645\u0643\u062b\u0641\u0627.<\/p>\n<p><strong>Key Ingredients and Characteristics<\/strong><\/p>\n<ul>\n<li>\u062d\u0645\u0636 \u0627\u0644\u0647\u064a\u0627\u0644\u0648\u0631\u0648\u0646\u064a\u0643 \u0627\u0644\u0637\u0628\u064a\u0639\u064a \u0644\u0644\u062a\u0631\u0637\u064a\u0628 \u0627\u0644\u0639\u0645\u064a\u0642<\/li>\n<li>89% \u0645\u064a\u0627\u0647 \u0641\u064a\u0634\u064a \u0627\u0644\u0645\u0639\u062f\u0646\u064a\u0629 \u0627\u0644\u0628\u0631\u0643\u0627\u0646\u064a\u0629<\/li>\n<li>\u0646\u064a\u0627\u0633\u064a\u0646\u0627\u0645\u064a\u062f \u0644\u062a\u0642\u0648\u064a\u0629 \u062d\u0627\u062c\u0632 \u0627\u0644\u0628\u0634\u0631\u0629<\/li>\n<li>\u062a\u0631\u0643\u064a\u0628\u0629 \u062e\u0627\u0644\u064a\u0629 \u0645\u0646 \u0627\u0644\u0639\u0637\u0648\u0631 \u0648\u0627\u0644\u0628\u0627\u0631\u0627\u0628\u064a\u0646<\/li>\n<\/ul>\n<p><strong>Key Features and Benefits<\/strong><\/p>\n<ul>\n<li>\u062a\u0631\u0637\u064a\u0628 \u064a\u062f\u0648\u0645 \u062d\u062a\u0649 100 \u0633\u0627\u0639\u0629<\/li>\n<li>\u062a\u0642\u0648\u064a\u0629 \u062d\u0627\u062c\u0632 \u0627\u0644\u0628\u0634\u0631\u0629 \u0627\u0644\u062c\u0627\u0641\u0629<\/li>\n<li>\u0628\u0634\u0631\u0629 \u0645\u0645\u062a\u0644\u0626\u0629 \u0648\u0645\u0634\u0631\u0642\u0629 \u0648\u0646\u0627\u0639\u0645\u0629<\/li>\n<li>\u062a\u0647\u062f\u0626\u0629 \u0627\u0644\u0628\u0634\u0631\u0629 \u0627\u0644\u062c\u0627\u0641\u0629 \u0648\u0627\u0644\u0645\u062a\u0647\u064a\u062c\u0629<\/li>\n<\/ul>\n<p style=\"text-align: center;\">\ud83c\uddec\ud83c\udde7 VICHY \u2013 Min\u00e9ral 89 100H Moisture Boosting Cream Dry Skin 50ml<\/p>\n<p style=\"text-align: center;\">\ud83c\uddeb\ud83c\uddf7 VICHY \u2013 Min\u00e9ral 89 Cr\u00e8me Boost d&#8217;Hydratation 100H Peau S\u00e8che 50ml<\/p>","protected":false},"excerpt":{"rendered":"<p>\u0645\u0646\u062a\u062c Min\u00e9ral 89 100H Moisture Boosting Cream \u0645\u0646 Vichy \u0647\u0648 \u0643\u0631\u064a\u0645 \u0645\u0631\u0637\u0628 \u0645\u0643\u062b\u0641 \u064a\u0648\u0641\u0631 \u062a\u0631\u0637\u064a\u0628\u0627 \u064a\u062f\u0648\u0645 \u062d\u062a\u0649 100 \u0633\u0627\u0639\u0629 \u0644\u0644\u0628\u0634\u0631\u0629 \u0627\u0644\u062c\u0627\u0641\u0629. \u063a\u0646\u064a \u0628\u062d\u0645\u0636 \u0627\u0644\u0647\u064a\u0627\u0644\u0648\u0631\u0648\u0646\u064a\u0643 \u0627\u0644\u0637\u0628\u064a\u0639\u064a \u064889% \u0645\u0646 \u0645\u064a\u0627\u0647 \u0641\u064a\u0634\u064a \u0627\u0644\u0645\u0639\u062f\u0646\u064a\u0629 \u0627\u0644\u0628\u0631\u0643\u0627\u0646\u064a\u0629 \u0627\u0644\u0645\u0642\u0648\u064a\u0629. \u064a\u0639\u0645\u0644 \u0639\u0644\u0649 \u062a\u0642\u0648\u064a\u0629 \u062d\u0627\u062c\u0632 \u0627\u0644\u0628\u0634\u0631\u0629 \u0648\u062d\u0645\u0627\u064a\u062a\u0647\u0627 \u0645\u0646 \u0627\u0644\u062c\u0641\u0627\u0641 \u0645\u0639 \u0645\u0646\u062d\u0647\u0627 \u0645\u0638\u0647\u0631\u0627 \u0645\u0645\u062a\u0644\u0626\u0627 \u0648\u0645\u0634\u0631\u0642\u0627. \u0645\u0635\u0645\u0645 \u062e\u0635\u064a\u0635\u0627 \u0644\u0644\u0628\u0634\u0631\u0629 \u0627\u0644\u062c\u0627\u0641\u0629 \u0627\u0644\u062a\u064a \u062a\u062d\u062a\u0627\u062c \u062a\u0631\u0637\u064a\u0628\u0627 \u0645\u0643\u062b\u0641\u0627. \u0627\u0644\u0645\u0643\u0648\u0646\u0627\u062a \u0648\u0627\u0644\u062e\u0635\u0627\u0626\u0635 [&hellip;]<\/p>\n","protected":false},"featured_media":37574,"template":"","meta":[],"pwb-brand":[243],"product_brand":[],"product_cat":[1121],"product_tag":[696,697,680],"class_list":{"0":"post-37622","1":"product","2":"type-product","3":"status-publish","4":"has-post-thumbnail","6":"pwb-brand-vichy","7":"product_cat-face-moist","8":"product_tag-dryskin","9":"product_tag-moisturizing","10":"product_tag-dryness","12":"first","13":"instock","14":"shipping-taxable","15":"purchasable","16":"product-type-variable","17":"has-default-attributes","18":"wvs-archive-product-wrapper"},"brands":[{"id":243,"name":"Vichy","slug":"vichy"}],"_links":{"self":[{"href":"https:\/\/gopinkish.com\/en\/wp-json\/wp\/v2\/product\/37622","targetHints":{"allow":["GET"]}}],"collection":[{"href":"https:\/\/gopinkish.com\/en\/wp-json\/wp\/v2\/product"}],"about":[{"href":"https:\/\/gopinkish.com\/en\/wp-json\/wp\/v2\/types\/product"}],"wp:featuredmedia":[{"embeddable":true,"href":"https:\/\/gopinkish.com\/en\/wp-json\/wp\/v2\/media\/37574"}],"wp:attachment":[{"href":"https:\/\/gopinkish.com\/en\/wp-json\/wp\/v2\/media?parent=37622"}],"wp:term":[{"taxonomy":"pwb-brand","embeddable":true,"href":"https:\/\/gopinkish.com\/en\/wp-json\/wp\/v2\/pwb-brand?post=37622"},{"taxonomy":"product_brand","embeddable":true,"href":"https:\/\/gopinkish.com\/en\/wp-json\/wp\/v2\/product_brand?post=37622"},{"taxonomy":"product_cat","embeddable":true,"href":"https:\/\/gopinkish.com\/en\/wp-json\/wp\/v2\/product_cat?post=37622"},{"taxonomy":"product_tag","embeddable":true,"href":"https:\/\/gopinkish.com\/en\/wp-json\/wp\/v2\/product_tag?post=37622"}],"curies":[{"name":"wp","href":"https:\/\/api.w.org\/{rel}","templated":true}]}}