{"id":37612,"date":"2026-04-05T23:34:14","date_gmt":"2026-04-05T22:34:14","guid":{"rendered":"https:\/\/gopinkish.com\/?post_type=product&#038;p=37612"},"modified":"2026-04-05T23:45:51","modified_gmt":"2026-04-05T22:45:51","slug":"3574669907705","status":"publish","type":"product","link":"https:\/\/gopinkish.com\/en\/product\/3574669907705\/","title":{"rendered":"\u0634\u0627\u0645\u0628\u0648 \u0627\u0644\u0627\u0637\u0641\u0627\u0644 \u0628\u062a\u0631\u0643\u064a\u0628\u0629 \u0627\u0644\u0627\u062d\u0644\u0627\u0645 \u0627\u0644\u0647\u0627\u062f\u0626\u0629"},"content":{"rendered":"<p style=\"text-align: justify;\">\u0645\u0646\u062a\u062c Baby Shampoo Dulces Sue\u00f1os \u0645\u0646 Johnson&#8217;s \u0647\u0648 \u0634\u0627\u0645\u0628\u0648 \u0645\u0647\u062f\u0626 \u0644\u0644\u0627\u0637\u0641\u0627\u0644 \u0628\u062a\u0631\u0643\u064a\u0628\u0629 \u0627\u0644\u0627\u062d\u0644\u0627\u0645 \u0627\u0644\u062d\u0644\u0648\u0629. \u064a\u062d\u062a\u0648\u064a \u0639\u0644\u0649 \u0631\u0648\u0627\u0626\u062d \u0645\u0647\u062f\u0626\u0629 \u0637\u0628\u064a\u0639\u064a\u0629 \u062a\u0633\u0627\u0639\u062f \u0627\u0644\u0637\u0641\u0644 \u0639\u0644\u0649 \u0627\u0644\u0627\u0633\u062a\u0631\u062e\u0627\u0621 \u0642\u0628\u0644 \u0627\u0644\u0646\u0648\u0645. \u064a\u0646\u0638\u0641 \u0627\u0644\u0634\u0639\u0631 \u0628\u0644\u0637\u0641 \u0645\u0639 \u062a\u0631\u0643\u064a\u0628\u0629 \u0628\u062f\u0648\u0646 \u062f\u0645\u0648\u0639 \u0622\u0645\u0646\u0629 \u062a\u0645\u0627\u0645\u0627 \u0639\u0644\u0649 \u0639\u064a\u0648\u0646 \u0627\u0644\u0627\u0637\u0641\u0627\u0644. \u0645\u062b\u0627\u0644\u064a \u0643\u062c\u0632\u0621 \u0645\u0646 \u0631\u0648\u062a\u064a\u0646 \u0627\u0644\u0646\u0648\u0645 \u0627\u0644\u0645\u0633\u0627\u0626\u064a.<\/p>\n<p><strong>Key Ingredients and Characteristics<\/strong><\/p>\n<ul>\n<li>\u062a\u0631\u0643\u064a\u0628\u0629 \u0628\u062f\u0648\u0646 \u062f\u0645\u0648\u0639 \u0628\u0631\u0648\u0627\u0626\u062d \u0645\u0647\u062f\u0626\u0629<\/li>\n<li>\u0639\u0637\u0648\u0631 \u0637\u0628\u064a\u0639\u064a\u0629 \u062a\u0633\u0627\u0639\u062f \u0639\u0644\u0649 \u0627\u0644\u0627\u0633\u062a\u0631\u062e\u0627\u0621<\/li>\n<li>\u062e\u0627\u0644\u064a \u0645\u0646 \u0627\u0644\u0628\u0627\u0631\u0627\u0628\u064a\u0646 \u0648\u0627\u0644\u0623\u0635\u0628\u0627\u063a<\/li>\n<li>\u0645\u0639\u062a\u062f\u0644 \u0627\u0644\u062d\u0645\u0648\u0636\u0629 \u0648\u0645\u062e\u062a\u0628\u0631 \u0633\u0631\u064a\u0631\u064a\u0627<\/li>\n<\/ul>\n<p><strong>Key Features and Benefits<\/strong><\/p>\n<ul>\n<li>\u062a\u0647\u062f\u0626\u0629 \u0627\u0644\u0637\u0641\u0644 \u0642\u0628\u0644 \u0627\u0644\u0646\u0648\u0645 \u0628\u0631\u0627\u0626\u062d\u0629 \u0644\u0637\u064a\u0641\u0629<\/li>\n<li>\u062a\u0646\u0638\u064a\u0641 \u0644\u0637\u064a\u0641 \u0628\u062f\u0648\u0646 \u062a\u0647\u064a\u062c \u0627\u0644\u0639\u064a\u0648\u0646<\/li>\n<li>\u0634\u0639\u0631 \u0646\u0627\u0639\u0645 \u0648\u0645\u0639\u0637\u0631 \u0628\u0639\u062f \u0627\u0644\u0627\u0633\u062a\u062d\u0645\u0627\u0645<\/li>\n<li>\u0631\u0648\u062a\u064a\u0646 \u0646\u0648\u0645 \u0645\u0631\u064a\u062d \u0648\u0645\u0645\u062a\u0639 \u0644\u0644\u0637\u0641\u0644<\/li>\n<\/ul>\n<p style=\"text-align: center;\">\ud83c\uddec\ud83c\udde7 JOHNSON&#8217;S \u2013 Baby Shampoo Sweet Dreams 500ml<\/p>\n<p style=\"text-align: center;\">\ud83c\uddeb\ud83c\uddf7 JOHNSON&#8217;S \u2013 Shampooing B\u00e9b\u00e9 Doux R\u00eaves 500ml<\/p>","protected":false},"excerpt":{"rendered":"<p>\u0645\u0646\u062a\u062c Baby Shampoo Dulces Sue\u00f1os \u0645\u0646 Johnson&#8217;s \u0647\u0648 \u0634\u0627\u0645\u0628\u0648 \u0645\u0647\u062f\u0626 \u0644\u0644\u0627\u0637\u0641\u0627\u0644 \u0628\u062a\u0631\u0643\u064a\u0628\u0629 \u0627\u0644\u0627\u062d\u0644\u0627\u0645 \u0627\u0644\u062d\u0644\u0648\u0629. \u064a\u062d\u062a\u0648\u064a \u0639\u0644\u0649 \u0631\u0648\u0627\u0626\u062d \u0645\u0647\u062f\u0626\u0629 \u0637\u0628\u064a\u0639\u064a\u0629 \u062a\u0633\u0627\u0639\u062f \u0627\u0644\u0637\u0641\u0644 \u0639\u0644\u0649 \u0627\u0644\u0627\u0633\u062a\u0631\u062e\u0627\u0621 \u0642\u0628\u0644 \u0627\u0644\u0646\u0648\u0645. \u064a\u0646\u0638\u0641 \u0627\u0644\u0634\u0639\u0631 \u0628\u0644\u0637\u0641 \u0645\u0639 \u062a\u0631\u0643\u064a\u0628\u0629 \u0628\u062f\u0648\u0646 \u062f\u0645\u0648\u0639 \u0622\u0645\u0646\u0629 \u062a\u0645\u0627\u0645\u0627 \u0639\u0644\u0649 \u0639\u064a\u0648\u0646 \u0627\u0644\u0627\u0637\u0641\u0627\u0644. \u0645\u062b\u0627\u0644\u064a \u0643\u062c\u0632\u0621 \u0645\u0646 \u0631\u0648\u062a\u064a\u0646 \u0627\u0644\u0646\u0648\u0645 \u0627\u0644\u0645\u0633\u0627\u0626\u064a. \u0627\u0644\u0645\u0643\u0648\u0646\u0627\u062a \u0648\u0627\u0644\u062e\u0635\u0627\u0626\u0635 \u0627\u0644\u0631\u0626\u064a\u0633\u064a\u0629 \u062a\u0631\u0643\u064a\u0628\u0629 \u0628\u062f\u0648\u0646 \u062f\u0645\u0648\u0639 \u0628\u0631\u0648\u0627\u0626\u062d \u0645\u0647\u062f\u0626\u0629 \u0639\u0637\u0648\u0631 \u0637\u0628\u064a\u0639\u064a\u0629 \u062a\u0633\u0627\u0639\u062f \u0639\u0644\u0649 [&hellip;]<\/p>\n","protected":false},"featured_media":37548,"template":"","meta":[],"pwb-brand":[1401],"product_brand":[],"product_cat":[1162,1148],"product_tag":[1036,1031,765],"class_list":{"0":"post-37612","1":"product","2":"type-product","3":"status-publish","4":"has-post-thumbnail","6":"pwb-brand-johnsons","7":"product_cat-mom-baby","8":"product_cat-hair-shampoo","9":"product_tag-1036","10":"product_tag-1031","11":"product_tag-765","13":"first","14":"instock","15":"shipping-taxable","16":"purchasable","17":"product-type-variable","18":"has-default-attributes","19":"wvs-archive-product-wrapper"},"brands":[{"id":1401,"name":"Johnson's","slug":"johnsons"}],"_links":{"self":[{"href":"https:\/\/gopinkish.com\/en\/wp-json\/wp\/v2\/product\/37612","targetHints":{"allow":["GET"]}}],"collection":[{"href":"https:\/\/gopinkish.com\/en\/wp-json\/wp\/v2\/product"}],"about":[{"href":"https:\/\/gopinkish.com\/en\/wp-json\/wp\/v2\/types\/product"}],"wp:featuredmedia":[{"embeddable":true,"href":"https:\/\/gopinkish.com\/en\/wp-json\/wp\/v2\/media\/37548"}],"wp:attachment":[{"href":"https:\/\/gopinkish.com\/en\/wp-json\/wp\/v2\/media?parent=37612"}],"wp:term":[{"taxonomy":"pwb-brand","embeddable":true,"href":"https:\/\/gopinkish.com\/en\/wp-json\/wp\/v2\/pwb-brand?post=37612"},{"taxonomy":"product_brand","embeddable":true,"href":"https:\/\/gopinkish.com\/en\/wp-json\/wp\/v2\/product_brand?post=37612"},{"taxonomy":"product_cat","embeddable":true,"href":"https:\/\/gopinkish.com\/en\/wp-json\/wp\/v2\/product_cat?post=37612"},{"taxonomy":"product_tag","embeddable":true,"href":"https:\/\/gopinkish.com\/en\/wp-json\/wp\/v2\/product_tag?post=37612"}],"curies":[{"name":"wp","href":"https:\/\/api.w.org\/{rel}","templated":true}]}}