{"id":36985,"date":"2026-03-08T21:26:37","date_gmt":"2026-03-08T20:26:37","guid":{"rendered":"https:\/\/gopinkish.com\/?post_type=product&#038;p=36985"},"modified":"2026-04-11T13:39:54","modified_gmt":"2026-04-11T12:39:54","slug":"3600542543477","status":"publish","type":"product","link":"https:\/\/gopinkish.com\/en\/product\/3600542543477\/","title":{"rendered":"Renewing Strength Shampoo with Apple Extract for Weak Hair"},"content":{"rendered":"<p style=\"text-align: justify;\">\u0645\u0646\u062a\u062c RIGENERA FORZA SHAMPOO ESTRATTO DI MELA \u0645\u0646 Garnier Fructis \u0647\u0648 \u0634\u0627\u0645\u0628\u0648 \u0645\u0642\u0648\u064a \u0648\u0645\u062c\u062f\u062f \u0645\u0646 \u0641\u0631\u0648\u0643\u062a\u064a\u0633 \u0628\u0645\u0633\u062a\u062e\u0644\u0635 \u0627\u0644\u062a\u0641\u0627\u062d \u064a\u0639\u064a\u062f \u0627\u0644\u0642\u0648\u0629 \u0648\u0627\u0644\u062d\u064a\u0648\u064a\u0629 \u0644\u0644\u0634\u0639\u0631 \u0627\u0644\u0636\u0639\u064a\u0641 \u0648\u0627\u0644\u0647\u0634 \u0648\u064a\u0639\u0632\u0632 \u0628\u0646\u064a\u062a\u0647 \u0645\u0646 \u0627\u0644\u062c\u0630\u0648\u0631 \u0625\u0644\u0649 \u0627\u0644\u0623\u0637\u0631\u0627\u0641.<\/p>\n<p><strong>Key Ingredients and Characteristics<\/strong><\/p>\n<ul>\n<li>Enriched with vitamins and natural extracts<\/li>\n<li>Nutritious ingredients that promote healthy hair and scalp<\/li>\n<li>A gentle cleansing rule that respects the hair's balance<\/li>\n<li>Enriched foam for a thorough clean from root to tip<\/li>\n<\/ul>\n<p><strong>Key Features and Benefits<\/strong><\/p>\n<ul>\n<li>Gently cleanses the hair and gives it vitality and shine<\/li>\n<li>Effectively addresses targeted hair issues<\/li>\n<li>Suitable for frequent daily use<\/li>\n<li>Noticeable results from the first use<\/li>\n<\/ul>\n<p style=\"text-align: center;\">\ud83c\uddec\ud83c\udde7 Garnier Fructis \u2013 Regenerating Strength Shampoo with Apple Extract<\/p>\n<p style=\"text-align: center;\">\ud83c\uddeb\ud83c\uddf7 Garnier Fructis \u2013 Shampooing Fortifiant R\u00e9g\u00e9n\u00e9rant \u00e0 l&#8217;Extrait de Pomme<\/p>","protected":false},"excerpt":{"rendered":"<p>\u0645\u0646\u062a\u062c RIGENERA FORZA SHAMPOO ESTRATTO DI MELA \u0645\u0646 Garnier Fructis \u0647\u0648 \u0634\u0627\u0645\u0628\u0648 \u0645\u0642\u0648\u064a \u0648\u0645\u062c\u062f\u062f \u0645\u0646 \u0641\u0631\u0648\u0643\u062a\u064a\u0633 \u0628\u0645\u0633\u062a\u062e\u0644\u0635 \u0627\u0644\u062a\u0641\u0627\u062d \u064a\u0639\u064a\u062f \u0627\u0644\u0642\u0648\u0629 \u0648\u0627\u0644\u062d\u064a\u0648\u064a\u0629 \u0644\u0644\u0634\u0639\u0631 \u0627\u0644\u0636\u0639\u064a\u0641 \u0648\u0627\u0644\u0647\u0634 \u0648\u064a\u0639\u0632\u0632 \u0628\u0646\u064a\u062a\u0647 \u0645\u0646 \u0627\u0644\u062c\u0630\u0648\u0631 \u0625\u0644\u0649 \u0627\u0644\u0623\u0637\u0631\u0627\u0641. \u0627\u0644\u0645\u0643\u0648\u0646\u0627\u062a \u0648\u0627\u0644\u062e\u0635\u0627\u0626\u0635 \u0627\u0644\u0631\u0626\u064a\u0633\u064a\u0629 \u062a\u0631\u0643\u064a\u0628\u0629 \u063a\u0646\u064a\u0629 \u0628\u0627\u0644\u0641\u064a\u062a\u0627\u0645\u064a\u0646\u0627\u062a \u0648\u0627\u0644\u0645\u0633\u062a\u062e\u0644\u0635\u0627\u062a \u0627\u0644\u0637\u0628\u064a\u0639\u064a\u0629 \u0645\u0643\u0648\u0646\u0627\u062a \u0645\u063a\u0630\u064a\u0629 \u062a\u0639\u0632\u0632 \u0635\u062d\u0629 \u0627\u0644\u0634\u0639\u0631 \u0648\u0641\u0631\u0648\u0629 \u0627\u0644\u0631\u0623\u0633 \u0642\u0627\u0639\u062f\u0629 \u062a\u0646\u0638\u064a\u0641 \u0644\u0637\u064a\u0641\u0629 \u062a\u062d\u062a\u0631\u0645 \u062a\u0648\u0627\u0632\u0646 \u0627\u0644\u0634\u0639\u0631 \u0631\u063a\u0648\u0629 \u063a\u0646\u064a\u0629 \u0644\u062a\u0646\u0638\u064a\u0641 \u0634\u0627\u0645\u0644 [&hellip;]<\/p>\n","protected":false},"featured_media":36910,"template":"","meta":[],"pwb-brand":[218],"product_brand":[],"product_cat":[1148],"product_tag":[678,750,1035],"class_list":{"0":"post-36985","1":"product","2":"type-product","3":"status-publish","4":"has-post-thumbnail","6":"pwb-brand-garnier","7":"product_cat-hair-shampoo","8":"product_tag-hairfall","9":"product_tag-750","10":"product_tag-1035","12":"first","13":"instock","14":"shipping-taxable","15":"purchasable","16":"product-type-variable","17":"has-default-attributes","18":"wvs-archive-product-wrapper"},"brands":[{"id":218,"name":"Garnier","slug":"garnier"}],"_links":{"self":[{"href":"https:\/\/gopinkish.com\/en\/wp-json\/wp\/v2\/product\/36985","targetHints":{"allow":["GET"]}}],"collection":[{"href":"https:\/\/gopinkish.com\/en\/wp-json\/wp\/v2\/product"}],"about":[{"href":"https:\/\/gopinkish.com\/en\/wp-json\/wp\/v2\/types\/product"}],"wp:featuredmedia":[{"embeddable":true,"href":"https:\/\/gopinkish.com\/en\/wp-json\/wp\/v2\/media\/36910"}],"wp:attachment":[{"href":"https:\/\/gopinkish.com\/en\/wp-json\/wp\/v2\/media?parent=36985"}],"wp:term":[{"taxonomy":"pwb-brand","embeddable":true,"href":"https:\/\/gopinkish.com\/en\/wp-json\/wp\/v2\/pwb-brand?post=36985"},{"taxonomy":"product_brand","embeddable":true,"href":"https:\/\/gopinkish.com\/en\/wp-json\/wp\/v2\/product_brand?post=36985"},{"taxonomy":"product_cat","embeddable":true,"href":"https:\/\/gopinkish.com\/en\/wp-json\/wp\/v2\/product_cat?post=36985"},{"taxonomy":"product_tag","embeddable":true,"href":"https:\/\/gopinkish.com\/en\/wp-json\/wp\/v2\/product_tag?post=36985"}],"curies":[{"name":"wp","href":"https:\/\/api.w.org\/{rel}","templated":true}]}}