{"id":36583,"date":"2025-02-25T18:02:31","date_gmt":"2025-02-25T17:02:31","guid":{"rendered":"https:\/\/gopinkish.com\/?post_type=product&#038;p=36583"},"modified":"2026-02-25T19:48:12","modified_gmt":"2026-02-25T18:48:12","slug":"3600551155005","status":"publish","type":"product","link":"https:\/\/gopinkish.com\/en\/product\/3600551155005\/","title":{"rendered":"Deodorant with absorbent clay and acai berries 48 hours"},"content":{"rendered":"<p style=\"text-align: justify;\">\u0645\u0646\u062a\u062c Ushuaia Deodorant Efficacit\u00e9 48H Argile Absorbante &amp; Parfum de Baie d&#8217;A\u00e7a\u00ed \u0645\u0646 \u0623\u0648\u0634\u0648\u0627\u064a\u0627 \u0647\u0648 \u0645\u0632\u064a\u0644 \u0639\u0631\u0642 \u0641\u0631\u0646\u0633\u064a \u064a\u062c\u0645\u0639 \u0628\u064a\u0646 \u0642\u0648\u0629 \u0627\u0644\u0637\u064a\u0646 \u0627\u0644\u0645\u0627\u0635 \u0648\u0639\u0637\u0631 \u062a\u0648\u062a \u0627\u0644\u0623\u0633\u0627\u064a \u0627\u0644\u0627\u0633\u062a\u0648\u0627\u0626\u064a. \u064a\u0648\u0641\u0631 \u062d\u0645\u0627\u064a\u0629 \u0641\u0639\u0627\u0644\u0629 \u062a\u062f\u0648\u0645 48 \u0633\u0627\u0639\u0629 \u0628\u0641\u0636\u0644 \u062a\u0631\u0643\u064a\u0628\u062a\u0647 \u0627\u0644\u0645\u0633\u062a\u0648\u062d\u0627\u0629 \u0645\u0646 \u0627\u0644\u0637\u0628\u064a\u0639\u0629. \u0627\u0644\u0637\u064a\u0646 \u0627\u0644\u0645\u0627\u0635 \u064a\u0645\u062a\u0635 \u0627\u0644\u0631\u0637\u0648\u0628\u0629 \u0628\u064a\u0646\u0645\u0627 \u064a\u0645\u0646\u062d \u062a\u0648\u062a \u0627\u0644\u0623\u0633\u0627\u064a \u0631\u0627\u0626\u062d\u0629 \u0645\u0646\u0639\u0634\u0629 \u0648\u062d\u064a\u0648\u064a\u0629.<\/p>\n<p><strong>Key Ingredients and Characteristics<\/strong><\/p>\n<ul>\n<li>\u0627\u0644\u0637\u064a\u0646 \u0627\u0644\u0645\u0627\u0635 \u0644\u0627\u0645\u062a\u0635\u0627\u0635 \u0627\u0644\u0631\u0637\u0648\u0628\u0629 \u0628\u0641\u0639\u0627\u0644\u064a\u0629<\/li>\n<li>\u0639\u0637\u0631 \u062a\u0648\u062a \u0627\u0644\u0623\u0633\u0627\u064a \u0627\u0644\u0627\u0633\u062a\u0648\u0627\u0626\u064a \u0627\u0644\u0645\u0646\u0639\u0634<\/li>\n<li>\u062d\u0645\u0627\u064a\u0629 \u0645\u0636\u0627\u062f\u0629 \u0644\u0644\u062a\u0639\u0631\u0642 \u062a\u062f\u0648\u0645 48 \u0633\u0627\u0639\u0629<\/li>\n<li>\u062a\u0631\u0643\u064a\u0628\u0629 \u0645\u0633\u062a\u0648\u062d\u0627\u0629 \u0645\u0646 \u0627\u0644\u0637\u0628\u064a\u0639\u0629<\/li>\n<\/ul>\n<p><strong>Key Features and Benefits<\/strong><\/p>\n<ul>\n<li>\u062d\u0645\u0627\u064a\u0629 \u0645\u0632\u062f\u0648\u062c\u0629 \u0628\u0627\u0644\u0637\u064a\u0646 \u0648\u0627\u0644\u0639\u0637\u0631 \u0627\u0644\u0637\u0628\u064a\u0639\u064a<\/li>\n<li>\u064a\u0645\u062a\u0635 \u0627\u0644\u0631\u0637\u0648\u0628\u0629 \u0648\u064a\u0645\u0646\u0639 \u0627\u0644\u0631\u0648\u0627\u0626\u062d \u0644\u0645\u062f\u0629 48 \u0633\u0627\u0639\u0629<\/li>\n<li>\u0631\u0627\u0626\u062d\u0629 \u0627\u0633\u062a\u0648\u0627\u0626\u064a\u0629 \u0645\u0646\u0639\u0634\u0629 \u0648\u0645\u0645\u064a\u0632\u0629<\/li>\n<li>Suitable for everyday use<\/li>\n<\/ul>\n<p style=\"text-align: center;\">\ud83c\uddec\ud83c\udde7 Ushuaia \u2013 Natural clay protection with a\u00e7a\u00ed berry<\/p>\n<p style=\"text-align: center;\">\ud83c\uddeb\ud83c\uddf7 Ushuaia \u2013 Protection argile naturelle au parfum d&#8217;a\u00e7a\u00ed<\/p>","protected":false},"excerpt":{"rendered":"<p>\u0645\u0646\u062a\u062c Ushuaia Deodorant Efficacit\u00e9 48H Argile Absorbante &amp; Parfum de Baie d&#8217;A\u00e7a\u00ed \u0645\u0646 \u0623\u0648\u0634\u0648\u0627\u064a\u0627 \u0647\u0648 \u0645\u0632\u064a\u0644 \u0639\u0631\u0642 \u0641\u0631\u0646\u0633\u064a \u064a\u062c\u0645\u0639 \u0628\u064a\u0646 \u0642\u0648\u0629 \u0627\u0644\u0637\u064a\u0646 \u0627\u0644\u0645\u0627\u0635 \u0648\u0639\u0637\u0631 \u062a\u0648\u062a \u0627\u0644\u0623\u0633\u0627\u064a \u0627\u0644\u0627\u0633\u062a\u0648\u0627\u0626\u064a. \u064a\u0648\u0641\u0631 \u062d\u0645\u0627\u064a\u0629 \u0641\u0639\u0627\u0644\u0629 \u062a\u062f\u0648\u0645 48 \u0633\u0627\u0639\u0629 \u0628\u0641\u0636\u0644 \u062a\u0631\u0643\u064a\u0628\u062a\u0647 \u0627\u0644\u0645\u0633\u062a\u0648\u062d\u0627\u0629 \u0645\u0646 \u0627\u0644\u0637\u0628\u064a\u0639\u0629. \u0627\u0644\u0637\u064a\u0646 \u0627\u0644\u0645\u0627\u0635 \u064a\u0645\u062a\u0635 \u0627\u0644\u0631\u0637\u0648\u0628\u0629 \u0628\u064a\u0646\u0645\u0627 \u064a\u0645\u0646\u062d \u062a\u0648\u062a \u0627\u0644\u0623\u0633\u0627\u064a \u0631\u0627\u0626\u062d\u0629 \u0645\u0646\u0639\u0634\u0629 \u0648\u062d\u064a\u0648\u064a\u0629. \u0627\u0644\u0645\u0643\u0648\u0646\u0627\u062a \u0648\u0627\u0644\u062e\u0635\u0627\u0626\u0635 \u0627\u0644\u0631\u0626\u064a\u0633\u064a\u0629 \u0627\u0644\u0637\u064a\u0646 \u0627\u0644\u0645\u0627\u0635 \u0644\u0627\u0645\u062a\u0635\u0627\u0635 [&hellip;]<\/p>\n","protected":false},"featured_media":36540,"template":"","meta":[],"pwb-brand":[1440],"product_brand":[],"product_cat":[1228],"product_tag":[686],"class_list":{"0":"post-36583","1":"product","2":"type-product","3":"status-publish","4":"has-post-thumbnail","6":"pwb-brand-ushuaia","7":"product_cat-deodorants","8":"product_tag-deodorant","10":"first","11":"instock","12":"shipping-taxable","13":"purchasable","14":"product-type-variable","15":"has-default-attributes","16":"wvs-archive-product-wrapper"},"brands":[{"id":1440,"name":"Ushuaia","slug":"ushuaia"}],"_links":{"self":[{"href":"https:\/\/gopinkish.com\/en\/wp-json\/wp\/v2\/product\/36583","targetHints":{"allow":["GET"]}}],"collection":[{"href":"https:\/\/gopinkish.com\/en\/wp-json\/wp\/v2\/product"}],"about":[{"href":"https:\/\/gopinkish.com\/en\/wp-json\/wp\/v2\/types\/product"}],"wp:featuredmedia":[{"embeddable":true,"href":"https:\/\/gopinkish.com\/en\/wp-json\/wp\/v2\/media\/36540"}],"wp:attachment":[{"href":"https:\/\/gopinkish.com\/en\/wp-json\/wp\/v2\/media?parent=36583"}],"wp:term":[{"taxonomy":"pwb-brand","embeddable":true,"href":"https:\/\/gopinkish.com\/en\/wp-json\/wp\/v2\/pwb-brand?post=36583"},{"taxonomy":"product_brand","embeddable":true,"href":"https:\/\/gopinkish.com\/en\/wp-json\/wp\/v2\/product_brand?post=36583"},{"taxonomy":"product_cat","embeddable":true,"href":"https:\/\/gopinkish.com\/en\/wp-json\/wp\/v2\/product_cat?post=36583"},{"taxonomy":"product_tag","embeddable":true,"href":"https:\/\/gopinkish.com\/en\/wp-json\/wp\/v2\/product_tag?post=36583"}],"curies":[{"name":"wp","href":"https:\/\/api.w.org\/{rel}","templated":true}]}}