{"id":36182,"date":"2025-02-19T22:57:11","date_gmt":"2025-02-19T21:57:11","guid":{"rendered":"https:\/\/gopinkish.com\/?post_type=product&#038;p=36182"},"modified":"2026-03-02T16:58:29","modified_gmt":"2026-03-02T15:58:29","slug":"4005808130115","status":"publish","type":"product","link":"https:\/\/gopinkish.com\/en\/product\/4005808130115\/","title":{"rendered":"Refreshing mint shower gel for energy and vitality"},"content":{"rendered":"<p style=\"text-align: justify;\">Nivea Men's Energy Peppermint Shower Gel is an energizing shower gel designed for men looking for freshness and energy. Enriched with natural peppermint extract, its formula effectively cleanses the body and provides an instant feeling of freshness that lasts for 24 hours. Energizes the senses and leaves skin feeling clean and refreshed. Ideal for morning use to start the day with a fresh start.<\/p>\n<p><strong>Key Ingredients and Characteristics<\/strong><\/p>\n<ul>\n<li>Natural Energizing Mint Extract<\/li>\n<li>24-hour instant recovery technology<\/li>\n<li>Effective cleaning agents to remove dirt and sweat<\/li>\n<li>Moisturizing ingredients to keep skin looking fresh<\/li>\n<\/ul>\n<p><strong>Key Features and Benefits<\/strong><\/p>\n<ul>\n<li>Energizes the body and gives instant energy<\/li>\n<li>Up to 24 hours of freshness thanks to peppermint extract<\/li>\n<li>Deeply cleanses the skin without drying it out<\/li>\n<li>Fresh and invigorating masculine scent<\/li>\n<\/ul>\n<p style=\"text-align: center;\">\ud83c\uddec\ud83c\udde7 NIVEA MEN Energy - 24H Freshness, Mint-Powered Clean<\/p>\n<p style=\"text-align: center;\">\ud83c\uddeb\ud83c\uddf7 NIVEA MEN Energy - 24H de fra\u00eecheur, \u00c9nergie menthol\u00e9e<\/p>","protected":false},"excerpt":{"rendered":"<p>\u0645\u0646\u062a\u062c \u0646\u064a\u0641\u064a\u0627 \u0645\u064a\u0646 \u0625\u0646\u0631\u062c\u064a \u0628\u062e\u0644\u0627\u0635\u0629 \u0627\u0644\u0646\u0639\u0646\u0627\u0639 \u0645\u0646 \u0646\u064a\u0641\u064a\u0627 \u0647\u0648 \u062c\u0644 \u0627\u0633\u062a\u062d\u0645\u0627\u0645 \u0645\u0646\u0634\u0637 \u0645\u0635\u0645\u0645 \u0644\u0644\u0631\u062c\u0627\u0644 \u0627\u0644\u0628\u0627\u062d\u062b\u064a\u0646 \u0639\u0646 \u0627\u0644\u0627\u0646\u062a\u0639\u0627\u0634 \u0648\u0627\u0644\u0637\u0627\u0642\u0629. \u062a\u0631\u0643\u064a\u0628\u062a\u0647 \u0627\u0644\u0645\u0639\u0632\u0632\u0629 \u0628\u062e\u0644\u0627\u0635\u0629 \u0627\u0644\u0646\u0639\u0646\u0627\u0639 \u0627\u0644\u0637\u0628\u064a\u0639\u064a\u0629 \u062a\u0646\u0638\u0641 \u0627\u0644\u062c\u0633\u0645 \u0628\u0641\u0639\u0627\u0644\u064a\u0629 \u0648\u062a\u0645\u0646\u062d \u0634\u0639\u0648\u0631\u064b\u0627 \u0641\u0648\u0631\u064a\u064b\u0627 \u0628\u0627\u0644\u0627\u0646\u062a\u0639\u0627\u0634 \u064a\u062f\u0648\u0645 24 \u0633\u0627\u0639\u0629. \u064a\u0646\u0634\u0637 \u0627\u0644\u062d\u0648\u0627\u0633 \u0648\u064a\u0645\u0646\u062d \u0627\u0644\u0628\u0634\u0631\u0629 \u0645\u0644\u0645\u0633\u064b\u0627 \u0646\u0638\u064a\u0641\u064b\u0627 \u0648\u0645\u0646\u062a\u0639\u0634\u064b\u0627. \u0645\u062b\u0627\u0644\u064a \u0644\u0644\u0627\u0633\u062a\u062e\u062f\u0627\u0645 \u0627\u0644\u0635\u0628\u0627\u062d\u064a \u0644\u0628\u062f\u0627\u064a\u0629 \u064a\u0648\u0645 \u0645\u0644\u064a\u0621 \u0628\u0627\u0644\u062d\u064a\u0648\u064a\u0629. \u0627\u0644\u0645\u0643\u0648\u0646\u0627\u062a \u0648\u0627\u0644\u062e\u0635\u0627\u0626\u0635 \u0627\u0644\u0631\u0626\u064a\u0633\u064a\u0629 \u062e\u0644\u0627\u0635\u0629 \u0627\u0644\u0646\u0639\u0646\u0627\u0639 \u0627\u0644\u0637\u0628\u064a\u0639\u064a\u0629 \u0627\u0644\u0645\u0646\u0634\u0637\u0629 \u062a\u0642\u0646\u064a\u0629 [&hellip;]<\/p>\n","protected":false},"featured_media":36161,"template":"","meta":[],"pwb-brand":[236],"product_brand":[],"product_cat":[1138],"product_tag":[693,1459],"class_list":{"0":"post-36182","1":"product","2":"type-product","3":"status-publish","4":"has-post-thumbnail","6":"pwb-brand-nivea","7":"product_cat-bath-and-shower","8":"product_tag-cleansing","9":"product_tag-1459","11":"first","12":"instock","13":"shipping-taxable","14":"purchasable","15":"product-type-variable","16":"has-default-attributes","17":"wvs-archive-product-wrapper"},"brands":[{"id":236,"name":"Nivea","slug":"nivea"}],"_links":{"self":[{"href":"https:\/\/gopinkish.com\/en\/wp-json\/wp\/v2\/product\/36182","targetHints":{"allow":["GET"]}}],"collection":[{"href":"https:\/\/gopinkish.com\/en\/wp-json\/wp\/v2\/product"}],"about":[{"href":"https:\/\/gopinkish.com\/en\/wp-json\/wp\/v2\/types\/product"}],"wp:featuredmedia":[{"embeddable":true,"href":"https:\/\/gopinkish.com\/en\/wp-json\/wp\/v2\/media\/36161"}],"wp:attachment":[{"href":"https:\/\/gopinkish.com\/en\/wp-json\/wp\/v2\/media?parent=36182"}],"wp:term":[{"taxonomy":"pwb-brand","embeddable":true,"href":"https:\/\/gopinkish.com\/en\/wp-json\/wp\/v2\/pwb-brand?post=36182"},{"taxonomy":"product_brand","embeddable":true,"href":"https:\/\/gopinkish.com\/en\/wp-json\/wp\/v2\/product_brand?post=36182"},{"taxonomy":"product_cat","embeddable":true,"href":"https:\/\/gopinkish.com\/en\/wp-json\/wp\/v2\/product_cat?post=36182"},{"taxonomy":"product_tag","embeddable":true,"href":"https:\/\/gopinkish.com\/en\/wp-json\/wp\/v2\/product_tag?post=36182"}],"curies":[{"name":"wp","href":"https:\/\/api.w.org\/{rel}","templated":true}]}}