{"id":36129,"date":"2025-02-19T20:01:00","date_gmt":"2025-02-19T19:01:00","guid":{"rendered":"https:\/\/gopinkish.com\/?post_type=product&#038;p=36129"},"modified":"2026-03-23T14:06:23","modified_gmt":"2026-03-23T13:06:23","slug":"3600523682676","status":"publish","type":"product","link":"https:\/\/gopinkish.com\/en\/product\/3600523682676\/","title":{"rendered":"Violet shampoo to neutralize yellowness in blonde hair"},"content":{"rendered":"<p style=\"text-align:justify\">L'Or\u00e9al Paris Els\u00e8ve Color-Vive Shampooing Violet by L'Or\u00e9al is a specialized violet shampoo to neutralize yellowness in blonde, gray and bleached hair. The violet pigment corrects the color tone and gives the hair a clean and radiant appearance. Ideal for natural blonde, colored, bleached, lightened and gray hair. Gives hair exceptional softness and shine with every use.<\/p>\n<p><strong>Key Ingredients and Characteristics<\/strong><\/p>\n<ul>\n<li>Violet yellow-neutralizing pigment with instant effect<\/li>\n<li>Nourishing ingredients to protect color-treated hair<\/li>\n<li>Moisturizing compounds that prevent dehydration<\/li>\n<li>Protective factors that extend the life of the color<\/li>\n<li>Suitable for blonde, gray and bleached hair<\/li>\n<\/ul>\n<p><strong>Key Features and Benefits<\/strong><\/p>\n<ul>\n<li>Neutralizes yellowness and brightens blonde hair<\/li>\n<li>Improves the color tone and makes it more pure<\/li>\n<li>Gives hair luxurious softness and shine<\/li>\n<li>Visible results from the first use<\/li>\n<li>Ideal for use once or twice a week<\/li>\n<\/ul>\n<p style=\"text-align:center\">\ud83c\uddec\ud83c\udde7 L'Or\u00e9al Paris Els\u00e8ve - Color-Vive Violet Shampoo for Blonde &amp; Grey Hair<\/p>\n<p style=\"text-align:center\">\ud83c\uddeb\ud83c\uddf7 L'Or\u00e9al Paris Els\u00e8ve - Shampooing Violet Color-Vive pour Cheveux Blonds et Blancs<\/p>","protected":false},"excerpt":{"rendered":"<p>\u0645\u0646\u062a\u062c L&#8217;Or\u00e9al Paris Els\u00e8ve Color-Vive Shampooing Violet \u0645\u0646 L&#8217;Or\u00e9al \u0647\u0648 \u0634\u0627\u0645\u0628\u0648 \u0628\u0646\u0641\u0633\u062c\u064a \u0645\u062a\u062e\u0635\u0635 \u0644\u062a\u062d\u064a\u064a\u062f \u0627\u0644\u0635\u0641\u0631\u0629 \u0641\u064a \u0627\u0644\u0634\u0639\u0631 \u0627\u0644\u0623\u0634\u0642\u0631 \u0648\u0627\u0644\u0631\u0645\u0627\u062f\u064a \u0648\u0627\u0644\u0645\u0628\u064a\u064e\u0651\u0636. \u064a\u0639\u0645\u0644 \u0627\u0644\u0635\u0628\u063a \u0627\u0644\u0628\u0646\u0641\u0633\u062c\u064a \u0639\u0644\u0649 \u062a\u0635\u062d\u064a\u062d \u062f\u0631\u062c\u0629 \u0627\u0644\u0644\u0648\u0646 \u0648\u0625\u0639\u0637\u0627\u0621 \u0627\u0644\u0634\u0639\u0631 \u0645\u0638\u0647\u0631\u0627\u064b \u0646\u0638\u064a\u0641\u0627\u064b \u0648\u0645\u062a\u0623\u0644\u0642\u0627\u064b. \u0645\u062b\u0627\u0644\u064a \u0644\u0644\u0634\u0639\u0631 \u0627\u0644\u0623\u0634\u0642\u0631 \u0627\u0644\u0637\u0628\u064a\u0639\u064a \u0648\u0627\u0644\u0645\u0635\u0628\u0648\u063a \u0648\u0627\u0644\u0645\u064f\u0636\u0627\u0621 \u0648\u0627\u0644\u0631\u0645\u0627\u062f\u064a. \u064a\u0645\u0646\u062d \u0627\u0644\u0634\u0639\u0631 \u0646\u0639\u0648\u0645\u0629 \u0648\u0628\u0631\u064a\u0642\u0627\u064b \u0627\u0633\u062a\u062b\u0646\u0627\u0626\u064a\u0627\u064b \u0645\u0639 \u0643\u0644 \u0627\u0633\u062a\u062e\u062f\u0627\u0645. \u0627\u0644\u0645\u0643\u0648\u0646\u0627\u062a \u0648\u0627\u0644\u062e\u0635\u0627\u0626\u0635 \u0627\u0644\u0631\u0626\u064a\u0633\u064a\u0629 \u0635\u0628\u063a\u0629 \u0627\u0644\u0628\u0646\u0641\u0633\u062c \u0627\u0644\u0645\u062d\u0627\u064a\u0650\u0651\u062f\u0629 \u0644\u0644\u0635\u0641\u0631\u0629 \u0628\u062a\u0623\u062b\u064a\u0631 [&hellip;]<\/p>\n","protected":false},"featured_media":36108,"template":"","meta":[],"pwb-brand":[239],"product_brand":[],"product_cat":[1156,1148],"product_tag":[765,1042,1041],"class_list":{"0":"post-36129","1":"product","2":"type-product","3":"status-publish","4":"has-post-thumbnail","6":"pwb-brand-loreal","7":"product_cat-dyed-hair-care","8":"product_cat-hair-shampoo","9":"product_tag-765","10":"product_tag-1042","11":"product_tag-1041","13":"first","14":"instock","15":"shipping-taxable","16":"purchasable","17":"product-type-variable","18":"has-default-attributes","19":"wvs-archive-product-wrapper"},"brands":[{"id":239,"name":"L'Or\u00e9al Paris","slug":"loreal"}],"_links":{"self":[{"href":"https:\/\/gopinkish.com\/en\/wp-json\/wp\/v2\/product\/36129","targetHints":{"allow":["GET"]}}],"collection":[{"href":"https:\/\/gopinkish.com\/en\/wp-json\/wp\/v2\/product"}],"about":[{"href":"https:\/\/gopinkish.com\/en\/wp-json\/wp\/v2\/types\/product"}],"wp:featuredmedia":[{"embeddable":true,"href":"https:\/\/gopinkish.com\/en\/wp-json\/wp\/v2\/media\/36108"}],"wp:attachment":[{"href":"https:\/\/gopinkish.com\/en\/wp-json\/wp\/v2\/media?parent=36129"}],"wp:term":[{"taxonomy":"pwb-brand","embeddable":true,"href":"https:\/\/gopinkish.com\/en\/wp-json\/wp\/v2\/pwb-brand?post=36129"},{"taxonomy":"product_brand","embeddable":true,"href":"https:\/\/gopinkish.com\/en\/wp-json\/wp\/v2\/product_brand?post=36129"},{"taxonomy":"product_cat","embeddable":true,"href":"https:\/\/gopinkish.com\/en\/wp-json\/wp\/v2\/product_cat?post=36129"},{"taxonomy":"product_tag","embeddable":true,"href":"https:\/\/gopinkish.com\/en\/wp-json\/wp\/v2\/product_tag?post=36129"}],"curies":[{"name":"wp","href":"https:\/\/api.w.org\/{rel}","templated":true}]}}