{"id":36067,"date":"2025-02-19T12:24:39","date_gmt":"2025-02-19T11:24:39","guid":{"rendered":"https:\/\/gopinkish.com\/?post_type=product&#038;p=36067"},"modified":"2026-02-19T12:47:09","modified_gmt":"2026-02-19T11:47:09","slug":"3600551119816","status":"publish","type":"product","link":"https:\/\/gopinkish.com\/en\/product\/3600551119816\/","title":{"rendered":"Gentle and moisturizing baby shampoo with shea butter"},"content":{"rendered":"<p><!--StartFragment --><\/p>\n<p style=\"text-align: justify;\">\u0628\u0632\u0628\u062f\u0629 \u0627\u0644\u0634\u064a\u0627 \u0627\u0644\u0646\u0642\u064a\u0629 \u0648\u0632\u064a\u062a \u0627\u0644\u062c\u0648\u062c\u0648\u0628\u0627 \u0647\u0648 \u0634\u0627\u0645\u0628\u0648 \u0645\u0635\u0645\u0645 \u062e\u0635\u064a\u0635\u064b\u0627 \u0644\u0641\u0631\u0648\u0629 \u0631\u0623\u0633 \u0627\u0644\u0623\u0637\u0641\u0627\u0644 \u0627\u0644\u062d\u0633\u0627\u0633\u0629. \u062a\u0631\u0643\u064a\u0628\u062a\u0647 \u0641\u0627\u0626\u0642\u0629 \u0627\u0644\u0644\u0637\u0641 \u062a\u0646\u0638\u0641 \u0627\u0644\u0634\u0639\u0631 \u062f\u0648\u0646 \u062a\u0647\u064a\u064a\u062c\u060c \u0648\u062a\u0645\u0646\u062d\u0647 \u0646\u0639\u0648\u0645\u0629 \u0648\u062a\u0631\u0637\u064a\u0628\u064b\u0627 \u0637\u0628\u064a\u0639\u064a\u064b\u0627. \u0644\u0627 \u064a\u0633\u0628\u0628 \u062f\u0645\u0648\u0639\u064b\u0627\u060c \u0648\u062e\u0627\u0644\u064d \u0645\u0646 \u0627\u0644\u0645\u0648\u0627\u062f \u0627\u0644\u0642\u0627\u0633\u064a\u0629\u060c \u0645\u0645\u0627 \u064a\u062c\u0639\u0644\u0647 \u0645\u0646\u0627\u0633\u0628\u064b\u0627 \u0644\u0644\u0627\u0633\u062a\u062e\u062f\u0627\u0645 \u0627\u0644\u064a\u0648\u0645\u064a.<\/p>\n<p style=\"text-align: justify;\"><strong>Key Ingredients and Characteristics<br \/>\n<\/strong>\u2022 \u0632\u0628\u062f\u0629 \u0627\u0644\u0634\u064a\u0627 \u0627\u0644\u0646\u0642\u064a\u0629 \u0644\u062a\u0631\u0637\u064a\u0628 \u0648\u0646\u0639\u0648\u0645\u0629 \u0627\u0644\u0634\u0639\u0631<br \/>\n\u2022 \u0632\u064a\u062a \u0627\u0644\u062c\u0648\u062c\u0648\u0628\u0627 \u0644\u062a\u063a\u0630\u064a\u0629 \u0641\u0631\u0648\u0629 \u0627\u0644\u0631\u0623\u0633<br \/>\n\u2022 \u062a\u0631\u0643\u064a\u0628\u0629 \u0644\u0637\u064a\u0641\u0629 \u062c\u062f\u064b\u0627 \u0644\u0627 \u062a\u0633\u0628\u0628 \u062f\u0645\u0648\u0639\u064b\u0627<br \/>\n\u2022 \u062e\u0627\u0644\u064d \u0645\u0646 \u0627\u0644\u0628\u0627\u0631\u0627\u0628\u064a\u0646 \u0648\u0627\u0644\u0643\u062d\u0648\u0644 \u0648\u0627\u0644\u0635\u0627\u0628\u0648\u0646<br \/>\n\u2022 \u0645\u0646\u0627\u0633\u0628 \u0644\u0644\u0623\u0637\u0641\u0627\u0644 \u0648\u0627\u0644\u0631\u0636\u0651\u0639<br \/>\n\u2022 \u0642\u0648\u0627\u0645 \u062e\u0641\u064a\u0641 \u0628\u0631\u0627\u0626\u062d\u0629 \u0646\u0627\u0639\u0645\u0629<\/p>\n<p style=\"text-align: justify;\"><strong>Key Features and Benefits<br \/>\n<\/strong>\u2022 \u064a\u0646\u0638\u0641 \u0634\u0639\u0631 \u0627\u0644\u0637\u0641\u0644 \u0628\u0644\u0637\u0641 \u062f\u0648\u0646 \u062c\u0641\u0627\u0641<br \/>\n\u2022 \u064a\u0645\u0646\u062d \u0646\u0639\u0648\u0645\u0629 \u0648\u062a\u0631\u0637\u064a\u0628\u064b\u0627 \u0637\u0628\u064a\u0639\u064a\u064b\u0627<br \/>\n\u2022 \u064a\u062d\u0627\u0641\u0638 \u0639\u0644\u0649 \u0641\u0631\u0648\u0629 \u0627\u0644\u0631\u0623\u0633 \u0627\u0644\u062d\u0633\u0627\u0633\u0629<br \/>\n\u2022 \u0644\u0627 \u064a\u0633\u0628\u0628 \u062f\u0645\u0648\u0639\u064b\u0627 \u0623\u062b\u0646\u0627\u0621 \u0627\u0644\u0627\u0633\u062a\u062e\u062f\u0627\u0645<br \/>\n\u2022 \u0645\u0646\u0627\u0633\u0628 \u0644\u0644\u0627\u0633\u062a\u062e\u062f\u0627\u0645 \u0627\u0644\u064a\u0648\u0645\u064a \u0644\u062c\u0645\u064a\u0639 \u0627\u0644\u0623\u0639\u0645\u0627\u0631<\/p>\n<p dir=\"ltr\" style=\"text-align: center;\">\u200e\ud83c\uddec\ud83c\udde7 Mixa Baby Very Gentle Shampoo \u2013 Shea &amp; Jojoba<br \/>\n\u200e\ud83c\uddeb\ud83c\uddf7 Mixa B\u00e9b\u00e9 Shampooing Tr\u00e8s Doux \u2013 Karit\u00e9 Pur &amp; Huile de Jojoba<\/p>\n<p><!--EndFragment --><\/p>","protected":false},"excerpt":{"rendered":"<p>\u0628\u0632\u0628\u062f\u0629 \u0627\u0644\u0634\u064a\u0627 \u0627\u0644\u0646\u0642\u064a\u0629 \u0648\u0632\u064a\u062a \u0627\u0644\u062c\u0648\u062c\u0648\u0628\u0627 \u0647\u0648 \u0634\u0627\u0645\u0628\u0648 \u0645\u0635\u0645\u0645 \u062e\u0635\u064a\u0635\u064b\u0627 \u0644\u0641\u0631\u0648\u0629 \u0631\u0623\u0633 \u0627\u0644\u0623\u0637\u0641\u0627\u0644 \u0627\u0644\u062d\u0633\u0627\u0633\u0629. \u062a\u0631\u0643\u064a\u0628\u062a\u0647 \u0641\u0627\u0626\u0642\u0629 \u0627\u0644\u0644\u0637\u0641 \u062a\u0646\u0638\u0641 \u0627\u0644\u0634\u0639\u0631 \u062f\u0648\u0646 \u062a\u0647\u064a\u064a\u062c\u060c \u0648\u062a\u0645\u0646\u062d\u0647 \u0646\u0639\u0648\u0645\u0629 \u0648\u062a\u0631\u0637\u064a\u0628\u064b\u0627 \u0637\u0628\u064a\u0639\u064a\u064b\u0627. \u0644\u0627 \u064a\u0633\u0628\u0628 \u062f\u0645\u0648\u0639\u064b\u0627\u060c \u0648\u062e\u0627\u0644\u064d \u0645\u0646 \u0627\u0644\u0645\u0648\u0627\u062f \u0627\u0644\u0642\u0627\u0633\u064a\u0629\u060c \u0645\u0645\u0627 \u064a\u062c\u0639\u0644\u0647 \u0645\u0646\u0627\u0633\u0628\u064b\u0627 \u0644\u0644\u0627\u0633\u062a\u062e\u062f\u0627\u0645 \u0627\u0644\u064a\u0648\u0645\u064a. \u0627\u0644\u0645\u0643\u0648\u0646\u0627\u062a \u0648\u0627\u0644\u062e\u0635\u0627\u0626\u0635 \u0627\u0644\u0631\u0626\u064a\u0633\u064a\u0629 \u2022 \u0632\u0628\u062f\u0629 \u0627\u0644\u0634\u064a\u0627 \u0627\u0644\u0646\u0642\u064a\u0629 \u0644\u062a\u0631\u0637\u064a\u0628 \u0648\u0646\u0639\u0648\u0645\u0629 \u0627\u0644\u0634\u0639\u0631 \u2022 \u0632\u064a\u062a \u0627\u0644\u062c\u0648\u062c\u0648\u0628\u0627 \u0644\u062a\u063a\u0630\u064a\u0629 \u0641\u0631\u0648\u0629 \u0627\u0644\u0631\u0623\u0633 \u2022 \u062a\u0631\u0643\u064a\u0628\u0629 \u0644\u0637\u064a\u0641\u0629 [&hellip;]<\/p>\n","protected":false},"featured_media":36047,"template":"","meta":[],"pwb-brand":[427],"product_brand":[],"product_cat":[1162,1148],"product_tag":[1036,1031],"class_list":{"0":"post-36067","1":"product","2":"type-product","3":"status-publish","4":"has-post-thumbnail","6":"pwb-brand-mixa","7":"product_cat-mom-baby","8":"product_cat-hair-shampoo","9":"product_tag-1036","10":"product_tag-1031","12":"first","13":"instock","14":"shipping-taxable","15":"purchasable","16":"product-type-variable","17":"has-default-attributes","18":"wvs-archive-product-wrapper"},"brands":[{"id":427,"name":"Mixa","slug":"mixa"}],"_links":{"self":[{"href":"https:\/\/gopinkish.com\/en\/wp-json\/wp\/v2\/product\/36067","targetHints":{"allow":["GET"]}}],"collection":[{"href":"https:\/\/gopinkish.com\/en\/wp-json\/wp\/v2\/product"}],"about":[{"href":"https:\/\/gopinkish.com\/en\/wp-json\/wp\/v2\/types\/product"}],"wp:featuredmedia":[{"embeddable":true,"href":"https:\/\/gopinkish.com\/en\/wp-json\/wp\/v2\/media\/36047"}],"wp:attachment":[{"href":"https:\/\/gopinkish.com\/en\/wp-json\/wp\/v2\/media?parent=36067"}],"wp:term":[{"taxonomy":"pwb-brand","embeddable":true,"href":"https:\/\/gopinkish.com\/en\/wp-json\/wp\/v2\/pwb-brand?post=36067"},{"taxonomy":"product_brand","embeddable":true,"href":"https:\/\/gopinkish.com\/en\/wp-json\/wp\/v2\/product_brand?post=36067"},{"taxonomy":"product_cat","embeddable":true,"href":"https:\/\/gopinkish.com\/en\/wp-json\/wp\/v2\/product_cat?post=36067"},{"taxonomy":"product_tag","embeddable":true,"href":"https:\/\/gopinkish.com\/en\/wp-json\/wp\/v2\/product_tag?post=36067"}],"curies":[{"name":"wp","href":"https:\/\/api.w.org\/{rel}","templated":true}]}}