{"id":35579,"date":"2026-01-05T15:44:05","date_gmt":"2026-01-05T14:44:05","guid":{"rendered":"https:\/\/gopinkish.com\/?post_type=product&#038;p=35579"},"modified":"2026-05-04T13:42:28","modified_gmt":"2026-05-04T12:42:28","slug":"3600542453158","status":"publish","type":"product","link":"https:\/\/gopinkish.com\/en\/product\/3600542453158\/","title":{"rendered":"Skin Brightening and Instant Brightening Serum"},"content":{"rendered":"<p style=\"text-align: justify;\">A concentrated serum enriched with Vitamin C known for its ability to lighten dark spots, reduce dullness, and brighten skin. Its lightweight formula absorbs quickly without stickiness and helps even out skin tone with regular use. Ideal for dull or tired skin that needs an instant dose of radiance.<\/p>\n<p><strong>Key Ingredients and Characteristics<\/strong><br \/>\n- Vitamin C to lighten skin and reduce dark spots<br \/>\n- Lightweight, fast-absorbing formula<br \/>\n- Helps to even out skin tone<br \/>\n- Gives an instant, healthy glow<br \/>\n- Suitable for all skin types<\/p>\n<p><strong>Key Features and Benefits<\/strong><br \/>\n- Instantly brightens skin<br \/>\n- Reduces the appearance of dullness and dark spots<br \/>\n- Evens out skin tone with regular use<br \/>\n- Provides a smooth texture and healthy-looking appearance<br \/>\n- Suitable for daily use morning and evening<\/p>\n<p dir=\"ltr\" style=\"text-align: center;\">\ud83c\uddec\ud83c\udde7 Garnier Vitamin C Glow Booster Serum - Brightening &amp; Radiance<br \/>\n\ud83c\uddeb\ud83c\uddf7 Garnier S\u00e9rum \u00c9clat Vitamine C - Lumi\u00e8re &amp; Unification du Teint<\/p>","protected":false},"excerpt":{"rendered":"<p>\u0633\u064a\u0631\u0648\u0645 \u0645\u0631\u0643\u0632 \u063a\u0646\u064a \u0628\u0640 \u0641\u064a\u062a\u0627\u0645\u064a\u0646 C \u0627\u0644\u0645\u0639\u0631\u0648\u0641 \u0628\u0642\u062f\u0631\u062a\u0647 \u0639\u0644\u0649 \u062a\u0641\u062a\u064a\u062d \u0627\u0644\u0628\u0642\u0639 \u0627\u0644\u062f\u0627\u0643\u0646\u0629\u060c \u062a\u0642\u0644\u064a\u0644 \u0627\u0644\u0628\u0647\u062a\u0627\u0646\u060c \u0648\u0645\u0646\u062d \u0627\u0644\u0628\u0634\u0631\u0629 \u0625\u0634\u0631\u0627\u0642\u0629 \u0648\u0627\u0636\u062d\u0629. \u062a\u0631\u0643\u064a\u0628\u062a\u0647 \u062e\u0641\u064a\u0641\u0629 \u062a\u0645\u062a\u0635 \u0628\u0633\u0631\u0639\u0629 \u062f\u0648\u0646 \u0644\u0632\u0648\u062c\u0629\u060c \u0648\u062a\u0633\u0627\u0639\u062f \u0639\u0644\u0649 \u062a\u0648\u062d\u064a\u062f \u0644\u0648\u0646 \u0627\u0644\u0628\u0634\u0631\u0629 \u0645\u0639 \u0627\u0644\u0627\u0633\u062a\u062e\u062f\u0627\u0645 \u0627\u0644\u0645\u0646\u062a\u0638\u0645. \u0645\u062b\u0627\u0644\u064a \u0644\u0644\u0628\u0634\u0631\u0629 \u0627\u0644\u0628\u0627\u0647\u062a\u0629 \u0623\u0648 \u0627\u0644\u0645\u062a\u0639\u0628\u0629 \u0627\u0644\u062a\u064a \u062a\u062d\u062a\u0627\u062c \u0625\u0644\u0649 \u062c\u0631\u0639\u0629 \u0625\u0634\u0631\u0627\u0642\u0629 \u0641\u0648\u0631\u064a\u0629. \u0627\u0644\u0645\u0643\u0648\u0646\u0627\u062a \u0648\u0627\u0644\u062e\u0635\u0627\u0626\u0635 \u0627\u0644\u0631\u0626\u064a\u0633\u064a\u0629 \u2022 \u0641\u064a\u062a\u0627\u0645\u064a\u0646 C \u0644\u062a\u0641\u062a\u064a\u062d \u0627\u0644\u0628\u0634\u0631\u0629 \u0648\u062a\u0642\u0644\u064a\u0644 \u0627\u0644\u0628\u0642\u0639 \u0627\u0644\u062f\u0627\u0643\u0646\u0629 \u2022 [&hellip;]<\/p>\n","protected":false},"featured_media":35568,"template":"","meta":[],"pwb-brand":[218],"product_brand":[],"product_cat":[1123],"product_tag":[675,685,671],"class_list":{"0":"post-35579","1":"product","2":"type-product","3":"status-publish","4":"has-post-thumbnail","6":"pwb-brand-garnier","7":"product_cat-face-bright","8":"product_tag-spots","9":"product_tag-brightening","10":"product_tag-pigmentation","12":"first","13":"instock","14":"shipping-taxable","15":"purchasable","16":"product-type-variable","17":"has-default-attributes","18":"wvs-archive-product-wrapper"},"brands":[{"id":218,"name":"Garnier","slug":"garnier"}],"_links":{"self":[{"href":"https:\/\/gopinkish.com\/en\/wp-json\/wp\/v2\/product\/35579","targetHints":{"allow":["GET"]}}],"collection":[{"href":"https:\/\/gopinkish.com\/en\/wp-json\/wp\/v2\/product"}],"about":[{"href":"https:\/\/gopinkish.com\/en\/wp-json\/wp\/v2\/types\/product"}],"wp:featuredmedia":[{"embeddable":true,"href":"https:\/\/gopinkish.com\/en\/wp-json\/wp\/v2\/media\/35568"}],"wp:attachment":[{"href":"https:\/\/gopinkish.com\/en\/wp-json\/wp\/v2\/media?parent=35579"}],"wp:term":[{"taxonomy":"pwb-brand","embeddable":true,"href":"https:\/\/gopinkish.com\/en\/wp-json\/wp\/v2\/pwb-brand?post=35579"},{"taxonomy":"product_brand","embeddable":true,"href":"https:\/\/gopinkish.com\/en\/wp-json\/wp\/v2\/product_brand?post=35579"},{"taxonomy":"product_cat","embeddable":true,"href":"https:\/\/gopinkish.com\/en\/wp-json\/wp\/v2\/product_cat?post=35579"},{"taxonomy":"product_tag","embeddable":true,"href":"https:\/\/gopinkish.com\/en\/wp-json\/wp\/v2\/product_tag?post=35579"}],"curies":[{"name":"wp","href":"https:\/\/api.w.org\/{rel}","templated":true}]}}