{"id":35041,"date":"2026-01-25T00:11:22","date_gmt":"2026-01-24T23:11:22","guid":{"rendered":"https:\/\/gopinkish.com\/?post_type=product&#038;p=35041"},"modified":"2026-01-25T00:17:29","modified_gmt":"2026-01-24T23:17:29","slug":"3614273942393","status":"publish","type":"product","link":"https:\/\/gopinkish.com\/en\/product\/3614273942393\/","title":{"rendered":"Matte Liquid Lipstick with a strong, lasting color"},"content":{"rendered":"<p style=\"text-align: justify;\">A luxurious liquid lipstick that combines rich color with easy application. The ultra-light, ink-like formula glides on smoothly and provides full coverage with a velvety matte finish. It's long-wearing, non-drying, and feels comfortable all day long. It comes in multiple shades to suit different skin tones.<\/p>\n<p><strong>Key Ingredients and Characteristics<\/strong><br \/>\n- Light, liquid, ink-like formula<br \/>\n- High pigmentation gives strong color from the first pass<br \/>\n- Matt Velvet Finish<br \/>\n- Doesn't dry out lips<br \/>\n- Precise application thanks to the ergonomic tool<\/p>\n<p><strong>Key Features and Benefits<\/strong><br \/>\n- Provides rich, long-lasting color<br \/>\n- Leaves lips with a smooth matte finish without clumping<br \/>\n- Light and comfortable for everyday use<br \/>\n- Doesn't stain easily<br \/>\n- Suitable for everyday looks and occasions<\/p>\n<p dir=\"ltr\" style=\"text-align: center;\">\n\ud83c\uddec\ud83c\udde7 Valentino Liquirosso Matte - Lightweight Full-Color Matte Liquid Lipstick<br \/>\n\ud83c\uddeb\ud83c\uddf7 Valentino Liquirosso Matte - Rouge \u00e0 L\u00e8vres Liquide Mat L\u00e9ger<\/p>","protected":false},"excerpt":{"rendered":"<p>\u0623\u062d\u0645\u0631 \u0634\u0641\u0627\u0647 \u0633\u0627\u0626\u0644 \u0641\u0627\u062e\u0631 \u064a\u062c\u0645\u0639 \u0628\u064a\u0646 \u0627\u0644\u0644\u0648\u0646 \u0627\u0644\u063a\u0646\u064a \u0648\u0627\u0644\u062a\u0637\u0628\u064a\u0642 \u0627\u0644\u0633\u0647\u0644. \u062a\u0631\u0643\u064a\u0628\u062a\u0647 \u062e\u0641\u064a\u0641\u0629 \u062c\u062f\u064b\u0627 \u062a\u0634\u0628\u0647 \u0627\u0644\u062d\u0628\u0631\u060c \u062a\u0646\u0633\u0627\u0628 \u0628\u0633\u0644\u0627\u0633\u0629 \u0639\u0644\u0649 \u0627\u0644\u0634\u0641\u0627\u0647 \u0648\u062a\u0645\u0646\u062d \u062a\u063a\u0637\u064a\u0629 \u0643\u0627\u0645\u0644\u0629 \u0628\u0644\u0645\u0633\u0629 \u0646\u0647\u0627\u0626\u064a\u0629 \u0645\u0627\u062a \u0645\u062e\u0645\u0644\u064a\u0629. \u064a\u062a\u0645\u064a\u0632 \u0628\u062b\u0628\u0627\u062a \u0637\u0648\u064a\u0644 \u062f\u0648\u0646 \u0623\u0646 \u064a\u062c\u0641\u0641 \u0627\u0644\u0634\u0641\u0627\u0647\u060c \u0645\u0639 \u0625\u062d\u0633\u0627\u0633 \u0645\u0631\u064a\u062d \u0637\u0648\u0627\u0644 \u0627\u0644\u064a\u0648\u0645. \u064a\u0623\u062a\u064a \u0628\u062f\u0631\u062c\u0627\u062a \u0645\u062a\u0639\u062f\u062f\u0629 \u062a\u0646\u0627\u0633\u0628 \u0645\u062e\u062a\u0644\u0641 \u0623\u0644\u0648\u0627\u0646 \u0627\u0644\u0628\u0634\u0631\u0629. \u0627\u0644\u0645\u0643\u0648\u0646\u0627\u062a \u0648\u0627\u0644\u062e\u0635\u0627\u0626\u0635 \u0627\u0644\u0631\u0626\u064a\u0633\u064a\u0629 \u2022 \u062a\u0631\u0643\u064a\u0628\u0629 \u0633\u0627\u0626\u0644\u0629 \u062e\u0641\u064a\u0641\u0629 \u062a\u0634\u0628\u0647 \u0627\u0644\u062d\u0628\u0631 \u2022 [&hellip;]<\/p>\n","protected":false},"featured_media":35034,"template":"","meta":[],"pwb-brand":[1353],"product_brand":[],"product_cat":[1181],"product_tag":[],"class_list":{"0":"post-35041","1":"product","2":"type-product","3":"status-publish","4":"has-post-thumbnail","6":"pwb-brand-valentino","7":"product_cat-liquid-lipstick-makeup","9":"first","10":"instock","11":"shipping-taxable","12":"purchasable","13":"product-type-variable","14":"has-default-attributes","15":"wvs-archive-product-wrapper"},"brands":[{"id":1353,"name":"Valentino","slug":"valentino"}],"_links":{"self":[{"href":"https:\/\/gopinkish.com\/en\/wp-json\/wp\/v2\/product\/35041","targetHints":{"allow":["GET"]}}],"collection":[{"href":"https:\/\/gopinkish.com\/en\/wp-json\/wp\/v2\/product"}],"about":[{"href":"https:\/\/gopinkish.com\/en\/wp-json\/wp\/v2\/types\/product"}],"wp:featuredmedia":[{"embeddable":true,"href":"https:\/\/gopinkish.com\/en\/wp-json\/wp\/v2\/media\/35034"}],"wp:attachment":[{"href":"https:\/\/gopinkish.com\/en\/wp-json\/wp\/v2\/media?parent=35041"}],"wp:term":[{"taxonomy":"pwb-brand","embeddable":true,"href":"https:\/\/gopinkish.com\/en\/wp-json\/wp\/v2\/pwb-brand?post=35041"},{"taxonomy":"product_brand","embeddable":true,"href":"https:\/\/gopinkish.com\/en\/wp-json\/wp\/v2\/product_brand?post=35041"},{"taxonomy":"product_cat","embeddable":true,"href":"https:\/\/gopinkish.com\/en\/wp-json\/wp\/v2\/product_cat?post=35041"},{"taxonomy":"product_tag","embeddable":true,"href":"https:\/\/gopinkish.com\/en\/wp-json\/wp\/v2\/product_tag?post=35041"}],"curies":[{"name":"wp","href":"https:\/\/api.w.org\/{rel}","templated":true}]}}