{"id":34177,"date":"2025-12-17T14:34:27","date_gmt":"2025-12-17T13:34:27","guid":{"rendered":"https:\/\/gopinkish.com\/?post_type=product&#038;p=34177"},"modified":"2026-04-04T13:13:57","modified_gmt":"2026-04-04T12:13:57","slug":"8809634610966","status":"publish","type":"product","link":"https:\/\/gopinkish.com\/en\/product\/8809634610966\/","title":{"rendered":"A moisturizing cream that corrects spots and evens out skin tone"},"content":{"rendered":"<p><!--StartFragment --><\/p>\n<p style=\"text-align: justify;\">An innovative skincare cream, specially formulated to minimize dark spots and pigmentation while providing a natural glow. Its lightweight, fast-absorbing formula contains niacinamide to brighten and even out skin tone, along with botanical extracts such as artemisia, raspberry, and licorice that soothe and nourish the skin. It also contains squalane for deep moisturizing without clogging pores.<\/p>\n<p style=\"text-align: justify;\"><strong>Key ingredients and properties:<\/strong><br \/>\n- Niacinamide: Uniforms skin tone and reduces dark spots<br \/>\n- Squalane: Deeply moisturizes and keeps skin soft<br \/>\n- Artemisia extract: Soothes skin and reduces redness<br \/>\n- Berry extract: Rich in antioxidants to protect skin<br \/>\n- Licorice extract: Helps lighten skin naturally<br \/>\n- Lightweight, non-greasy formula, suitable for all skin types<\/p>\n<p style=\"text-align: justify;\"><strong>Key features and benefits:<\/strong><br \/>\n- Reduces dark spots and pigmentation<br \/>\n- Unifies skin tone and gives a natural glow<br \/>\n- Deeply moisturizes skin without clogging pores<br \/>\n- Soothes skin and reduces redness<br \/>\n- Suitable for daily use and all skin types<\/p>\n<p dir=\"ltr\" style=\"text-align: center;\">\ud83c\uddec\ud83c\udde7 AXIS-Y Dark Spot Correcting Glow Cream - Brightening, Hydration &amp; Even Skin Tone<br \/>\n\ud83c\uddeb\ud83c\uddf7 AXIS-Y Cr\u00e8me \u00c9clat Correctrice Taches - \u00c9claircissant, Hydratation &amp; Teint Uniforme<\/p>\n<p><!--EndFragment --><\/p>","protected":false},"excerpt":{"rendered":"<p>\u0643\u0631\u064a\u0645 \u0645\u0628\u062a\u0643\u0631 \u0644\u0644\u0639\u0646\u0627\u064a\u0629 \u0628\u0627\u0644\u0628\u0634\u0631\u0629\u060c \u0645\u0635\u0645\u0645 \u062e\u0635\u064a\u0635\u064b\u0627 \u0644\u062a\u0642\u0644\u064a\u0644 \u0627\u0644\u0628\u0642\u0639 \u0627\u0644\u062f\u0627\u0643\u0646\u0629 \u0648\u0627\u0644\u062a\u0635\u0628\u063a\u0627\u062a \u0645\u0639 \u0645\u0646\u062d \u0625\u0634\u0631\u0627\u0642\u0629 \u0637\u0628\u064a\u0639\u064a\u0629. \u062a\u0631\u0643\u064a\u0628\u062a\u0647 \u062e\u0641\u064a\u0641\u0629 \u0627\u0644\u0648\u0632\u0646 \u0648\u0633\u0631\u064a\u0639\u0629 \u0627\u0644\u0627\u0645\u062a\u0635\u0627\u0635\u060c \u062a\u062d\u062a\u0648\u064a \u0639\u0644\u0649 \u0646\u064a\u0627\u0633\u064a\u0646\u0627\u0645\u064a\u062f \u0644\u062a\u0641\u062a\u064a\u062d \u0627\u0644\u0628\u0634\u0631\u0629 \u0648\u062a\u0648\u062d\u064a\u062f \u0644\u0648\u0646\u0647\u0627\u060c \u0625\u0644\u0649 \u062c\u0627\u0646\u0628 \u0645\u0633\u062a\u062e\u0644\u0635\u0627\u062a \u0646\u0628\u0627\u062a\u064a\u0629 \u0645\u062b\u0644 \u0627\u0644\u0623\u0631\u0637\u0645\u0627\u0633\u064a\u0627\u060c \u0627\u0644\u062a\u0648\u062a\u060c \u0648\u0627\u0644\u0639\u0631\u0642\u0633\u0648\u0633 \u0627\u0644\u062a\u064a \u062a\u0647\u062f\u0626 \u0627\u0644\u0628\u0634\u0631\u0629 \u0648\u062a\u063a\u0630\u064a\u0647\u0627. \u0643\u0645\u0627 \u064a\u062d\u062a\u0648\u064a \u0639\u0644\u0649 \u0633\u0643\u0648\u0627\u0644\u064a\u0646 \u0644\u062a\u0631\u0637\u064a\u0628 \u0639\u0645\u064a\u0642 \u062f\u0648\u0646 \u0627\u0646\u0633\u062f\u0627\u062f \u0627\u0644\u0645\u0633\u0627\u0645. \u0627\u0644\u0645\u0643\u0648\u0646\u0627\u062a \u0648\u0627\u0644\u062e\u0635\u0627\u0626\u0635 \u0627\u0644\u0631\u0626\u064a\u0633\u064a\u0629: \u2022 \u0646\u064a\u0627\u0633\u064a\u0646\u0627\u0645\u064a\u062f: \u064a\u0648\u062d\u062f \u0644\u0648\u0646 \u0627\u0644\u0628\u0634\u0631\u0629 [&hellip;]<\/p>\n","protected":false},"featured_media":34184,"template":"","meta":[],"pwb-brand":[737],"product_brand":[],"product_cat":[1121,1123],"product_tag":[675,671],"class_list":{"0":"post-34177","1":"product","2":"type-product","3":"status-publish","4":"has-post-thumbnail","6":"pwb-brand-axisy","7":"product_cat-face-moist","8":"product_cat-face-bright","9":"product_tag-spots","10":"product_tag-pigmentation","12":"first","13":"instock","14":"shipping-taxable","15":"purchasable","16":"product-type-variable","17":"has-default-attributes","18":"wvs-archive-product-wrapper"},"brands":[{"id":737,"name":"Axis Y","slug":"axisy"}],"_links":{"self":[{"href":"https:\/\/gopinkish.com\/en\/wp-json\/wp\/v2\/product\/34177","targetHints":{"allow":["GET"]}}],"collection":[{"href":"https:\/\/gopinkish.com\/en\/wp-json\/wp\/v2\/product"}],"about":[{"href":"https:\/\/gopinkish.com\/en\/wp-json\/wp\/v2\/types\/product"}],"wp:featuredmedia":[{"embeddable":true,"href":"https:\/\/gopinkish.com\/en\/wp-json\/wp\/v2\/media\/34184"}],"wp:attachment":[{"href":"https:\/\/gopinkish.com\/en\/wp-json\/wp\/v2\/media?parent=34177"}],"wp:term":[{"taxonomy":"pwb-brand","embeddable":true,"href":"https:\/\/gopinkish.com\/en\/wp-json\/wp\/v2\/pwb-brand?post=34177"},{"taxonomy":"product_brand","embeddable":true,"href":"https:\/\/gopinkish.com\/en\/wp-json\/wp\/v2\/product_brand?post=34177"},{"taxonomy":"product_cat","embeddable":true,"href":"https:\/\/gopinkish.com\/en\/wp-json\/wp\/v2\/product_cat?post=34177"},{"taxonomy":"product_tag","embeddable":true,"href":"https:\/\/gopinkish.com\/en\/wp-json\/wp\/v2\/product_tag?post=34177"}],"curies":[{"name":"wp","href":"https:\/\/api.w.org\/{rel}","templated":true}]}}