{"id":34101,"date":"2025-12-16T16:58:35","date_gmt":"2025-12-16T15:58:35","guid":{"rendered":"https:\/\/gopinkish.com\/?post_type=product&#038;p=34101"},"modified":"2026-04-06T20:14:12","modified_gmt":"2026-04-06T19:14:12","slug":"851604006697","status":"publish","type":"product","link":"https:\/\/gopinkish.com\/en\/product\/851604006697\/","title":{"rendered":"A luminous body cream that evens out color and softens skin"},"content":{"rendered":"<p style=\"text-align: justify;\">A luxurious body cream designed to replenish the skin and give it a natural glow. Formulated with Niacinamide to even out skin tone and reduce dullness, Vitamin C to boost radiance, and Tropical Fruit Extract to moisturize and nourish the skin. It has a rich floral-fruity fragrance with a blend of jasmine, vanilla, and fruits, creating a unique sensory experience.<\/p>\n<p><strong>Key ingredients and properties:<\/strong><br \/>\n- Niacinamide: Uniforms skin tone and reduces dullness<br \/>\n- Vitamin C: Promotes radiant, healthy-looking skin<br \/>\n- Tropical fruit extract: Deeply nourishes and moisturizes the skin<br \/>\n- Shea butter: Smooths and elasticizes the skin<br \/>\n- Floral-Fruity signature fragrance (Jasmine, Vanilla, Fruity)<\/p>\n<p><strong>Key features and benefits:<\/strong><br \/>\n- Instantly brightens the skin<br \/>\n- Uniforms skin tone and reduces dullness<br \/>\n- Deeply moisturizes and nourishes the skin<br \/>\n- Leaves skin soft and silky to the touch<br \/>\n- A luxurious, long-lasting fragrance that lasts on the skin<\/p>\n<p dir=\"ltr\" style=\"text-align: center;\">\n\ud83c\uddec\ud83c\udde7 Sol de Janeiro Bom Dia Bright Cream - Radiance Boost, Skin Tone Evenness &amp; Tropical Scent<br \/>\n\ud83c\uddeb\ud83c\uddf7 Sol de Janeiro Cr\u00e8me \u00c9clat Bom Dia - \u00c9clat Imm\u00e9diat, Uniformit\u00e9 du Teint &amp; Parfum Tropical<\/p>","protected":false},"excerpt":{"rendered":"<p>\u0643\u0631\u064a\u0645 \u0641\u0627\u062e\u0631 \u0644\u0644\u062c\u0633\u0645 \u0645\u0635\u0645\u0645 \u0644\u062a\u062c\u062f\u064a\u062f \u0627\u0644\u0628\u0634\u0631\u0629 \u0648\u0645\u0646\u062d\u0647\u0627 \u0625\u0634\u0631\u0627\u0642\u0629 \u0637\u0628\u064a\u0639\u064a\u0629. \u062a\u0631\u0643\u064a\u0628\u062a\u0647 \u062a\u062d\u062a\u0648\u064a \u0639\u0644\u0649 \u0646\u064a\u0627\u0633\u064a\u0646\u0627\u0645\u064a\u062f \u0644\u062a\u0648\u062d\u064a\u062f \u0644\u0648\u0646 \u0627\u0644\u0628\u0634\u0631\u0629 \u0648\u062a\u0642\u0644\u064a\u0644 \u0627\u0644\u0628\u0647\u062a\u0627\u0646\u060c \u0641\u064a\u062a\u0627\u0645\u064a\u0646 C \u0644\u062a\u0639\u0632\u064a\u0632 \u0627\u0644\u0625\u0634\u0631\u0627\u0642\u0629\u060c \u0648\u0645\u0633\u062a\u062e\u0644\u0635 \u0641\u0648\u0627\u0643\u0647 \u0627\u0633\u062a\u0648\u0627\u0626\u064a\u0629 \u0644\u062a\u0631\u0637\u064a\u0628 \u0648\u062a\u063a\u0630\u064a\u0629 \u0627\u0644\u0628\u0634\u0631\u0629. \u064a\u062a\u0645\u064a\u0632 \u0628\u0639\u0637\u0631 \u0632\u0647\u0631\u064a\u2011\u0641\u0627\u0643\u0647\u064a \u063a\u0646\u064a \u0628\u0645\u0632\u064a\u062c \u0645\u0646 \u0627\u0644\u064a\u0627\u0633\u0645\u064a\u0646 \u0648\u0627\u0644\u0641\u0627\u0646\u064a\u0644\u064a\u0627 \u0648\u0627\u0644\u0641\u0648\u0627\u0643\u0647\u060c \u0645\u0645\u0627 \u064a\u0645\u0646\u062d \u062a\u062c\u0631\u0628\u0629 \u062d\u0633\u064a\u0629 \u0641\u0631\u064a\u062f\u0629. \u0627\u0644\u0645\u0643\u0648\u0646\u0627\u062a \u0648\u0627\u0644\u062e\u0635\u0627\u0626\u0635 \u0627\u0644\u0631\u0626\u064a\u0633\u064a\u0629: \u2022 \u0646\u064a\u0627\u0633\u064a\u0646\u0627\u0645\u064a\u062f: \u064a\u0648\u062d\u062f \u0644\u0648\u0646 \u0627\u0644\u0628\u0634\u0631\u0629 \u0648\u064a\u0642\u0644\u0644 \u0627\u0644\u0628\u0647\u062a\u0627\u0646 \u2022 \u0641\u064a\u062a\u0627\u0645\u064a\u0646 C: [&hellip;]<\/p>\n","protected":false},"featured_media":34106,"template":"","meta":[],"pwb-brand":[1456],"product_brand":[],"product_cat":[1137],"product_tag":[],"class_list":{"0":"post-34101","1":"product","2":"type-product","3":"status-publish","4":"has-post-thumbnail","6":"pwb-brand-sol-de-janeiro","7":"product_cat-body-moist","9":"first","10":"outofstock","11":"shipping-taxable","12":"product-type-variable","13":"has-default-attributes","14":"wvs-archive-product-wrapper"},"brands":[{"id":1456,"name":"Sol de Janeiro","slug":"sol-de-janeiro"}],"_links":{"self":[{"href":"https:\/\/gopinkish.com\/en\/wp-json\/wp\/v2\/product\/34101","targetHints":{"allow":["GET"]}}],"collection":[{"href":"https:\/\/gopinkish.com\/en\/wp-json\/wp\/v2\/product"}],"about":[{"href":"https:\/\/gopinkish.com\/en\/wp-json\/wp\/v2\/types\/product"}],"wp:featuredmedia":[{"embeddable":true,"href":"https:\/\/gopinkish.com\/en\/wp-json\/wp\/v2\/media\/34106"}],"wp:attachment":[{"href":"https:\/\/gopinkish.com\/en\/wp-json\/wp\/v2\/media?parent=34101"}],"wp:term":[{"taxonomy":"pwb-brand","embeddable":true,"href":"https:\/\/gopinkish.com\/en\/wp-json\/wp\/v2\/pwb-brand?post=34101"},{"taxonomy":"product_brand","embeddable":true,"href":"https:\/\/gopinkish.com\/en\/wp-json\/wp\/v2\/product_brand?post=34101"},{"taxonomy":"product_cat","embeddable":true,"href":"https:\/\/gopinkish.com\/en\/wp-json\/wp\/v2\/product_cat?post=34101"},{"taxonomy":"product_tag","embeddable":true,"href":"https:\/\/gopinkish.com\/en\/wp-json\/wp\/v2\/product_tag?post=34101"}],"curies":[{"name":"wp","href":"https:\/\/api.w.org\/{rel}","templated":true}]}}