{"id":33836,"date":"2025-11-20T18:03:51","date_gmt":"2025-11-20T17:03:51","guid":{"rendered":"https:\/\/gopinkish.com\/?post_type=product&#038;p=33836"},"modified":"2026-02-23T11:51:56","modified_gmt":"2026-02-23T10:51:56","slug":"8800289473630","status":"publish","type":"product","link":"https:\/\/gopinkish.com\/en\/product\/8800289473630\/","title":{"rendered":"A soothing serum that purifies the skin and reduces redness"},"content":{"rendered":"<p><!--StartFragment --><\/p>\n<p style=\"text-align: justify;\">\u0633\u064a\u0631\u0648\u0645 \u0645\u0631\u0643\u0632 \u0645\u0635\u0645\u0645 \u0644\u0644\u0639\u0646\u0627\u064a\u0629 \u0628\u0627\u0644\u0628\u0634\u0631\u0629 \u0627\u0644\u062d\u0633\u0627\u0633\u0629 \u0623\u0648 \u0627\u0644\u0645\u0639\u0631\u0636\u0629 \u0644\u0644\u0628\u0642\u0639 \u0648\u0627\u0644\u0627\u062d\u0645\u0631\u0627\u0631. \u064a\u062d\u062a\u0648\u064a \u0639\u0644\u0649 \u062d\u0645\u0636 \u0627\u0644\u0623\u0632\u064a\u0644\u064a\u0643 \u0627\u0644\u0630\u064a \u064a\u0633\u0627\u0639\u062f \u0639\u0644\u0649 \u062a\u0642\u0644\u064a\u0644 \u0627\u0644\u0627\u0644\u062a\u0647\u0627\u0628\u0627\u062a \u0648\u062a\u0646\u0642\u064a\u0629 \u0627\u0644\u0628\u0634\u0631\u0629\u060c \u0625\u0644\u0649 \u062c\u0627\u0646\u0628 \u0646\u064a\u0627\u0633\u064a\u0646\u0627\u0645\u064a\u062f \u0644\u062a\u0648\u062d\u064a\u062f \u0644\u0648\u0646 \u0627\u0644\u0628\u0634\u0631\u0629\u060c \u0648\u0625\u0643\u0633\u0648\u0632\u0648\u0645\u0627\u062a \u0644\u062a\u062d\u0633\u064a\u0646 \u0645\u0644\u0645\u0633 \u0627\u0644\u062c\u0644\u062f \u0648\u062a\u0639\u0632\u064a\u0632 \u062a\u062c\u062f\u064a\u062f \u0627\u0644\u062e\u0644\u0627\u064a\u0627. \u0627\u0644\u062a\u0631\u0643\u064a\u0628\u0629 \u062e\u0627\u0644\u064a\u0629 \u0645\u0646 \u0627\u0644\u0632\u064a\u0648\u062a \u0627\u0644\u0645\u0639\u062f\u0646\u064a\u0629\u060c \u0627\u0644\u0628\u0627\u0631\u0627\u0628\u064a\u0646\u060c \u0648\u0627\u0644\u0643\u062d\u0648\u0644 \u0627\u0644\u0642\u0627\u0633\u064a\u060c \u0648\u0645\u062e\u062a\u0628\u0631\u0629 \u0645\u0646 \u0642\u0628\u0644 \u0623\u0637\u0628\u0627\u0621 \u0627\u0644\u062c\u0644\u062f\u064a\u0629 \u0644\u062a\u0646\u0627\u0633\u0628 \u0627\u0644\u0628\u0634\u0631\u0629 \u0627\u0644\u062d\u0633\u0627\u0633\u0629.<\/p>\n<p style=\"text-align: justify;\"><strong>Key ingredients and properties:<\/strong><br \/>\n\u2022 Azelaic Acid: \u064a\u0642\u0644\u0644 \u0627\u0644\u0627\u062d\u0645\u0631\u0627\u0631 \u0648\u064a\u0642\u0627\u0648\u0645 \u0627\u0644\u0628\u0643\u062a\u064a\u0631\u064a\u0627 \u0627\u0644\u0645\u0633\u0628\u0628\u0629 \u0644\u0644\u0634\u0648\u0627\u0626\u0628.<br \/>\n\u2022 Niacinamide: \u064a\u0648\u062d\u062f \u0644\u0648\u0646 \u0627\u0644\u0628\u0634\u0631\u0629 \u0648\u064a\u0642\u0644\u0644 \u0627\u0644\u0628\u0642\u0639 \u0627\u0644\u062f\u0627\u0643\u0646\u0629.<br \/>\n\u2022 Exosomes: \u062a\u0639\u0632\u0632 \u062a\u062c\u062f\u064a\u062f \u0627\u0644\u0628\u0634\u0631\u0629 \u0648\u062a\u062d\u0633\u0646 \u0627\u0644\u0645\u0644\u0645\u0633.<br \/>\n\u2022 Ceramides + Hyaluronic Acid: \u062a\u0631\u0637\u064a\u0628 \u0639\u0645\u064a\u0642 \u0648\u062a\u0642\u0648\u064a\u0629 \u0627\u0644\u062d\u0627\u062c\u0632 \u0627\u0644\u062c\u0644\u062f\u064a.<br \/>\n\u2022 \u062e\u0627\u0644\u064d \u0645\u0646 \u0627\u0644\u0632\u064a\u0648\u062a \u0627\u0644\u0645\u0639\u062f\u0646\u064a\u0629\u060c \u0627\u0644\u0628\u0627\u0631\u0627\u0628\u064a\u0646\u060c \u0648\u0627\u0644\u0643\u062d\u0648\u0644 \u0627\u0644\u0642\u0627\u0633\u064a.<\/p>\n<p style=\"text-align: justify;\"><strong>Key features and benefits:<\/strong><br \/>\n\u2022 \u064a\u0647\u062f\u0626 \u0627\u0644\u0627\u062d\u0645\u0631\u0627\u0631 \u0627\u0644\u0646\u0627\u062a\u062c \u0639\u0646 \u0627\u0644\u062c\u0641\u0627\u0641 \u0623\u0648 \u0627\u0644\u0627\u0644\u062a\u0647\u0627\u0628.<br \/>\n\u2022 \u064a\u0646\u0642\u064a \u0627\u0644\u0628\u0634\u0631\u0629 \u0648\u064a\u0642\u0644\u0644 \u0627\u0644\u0634\u0648\u0627\u0626\u0628 \u0648\u0627\u0644\u0628\u0642\u0639.<br \/>\n\u2022 \u064a\u062d\u0633\u0646 \u0645\u0644\u0645\u0633 \u0627\u0644\u0628\u0634\u0631\u0629 \u0648\u064a\u0645\u0646\u062d\u0647\u0627 \u0625\u0634\u0631\u0627\u0642\u0629 \u0635\u062d\u064a\u0629.<br \/>\n\u2022 \u062a\u0631\u0643\u064a\u0628\u0629 \u0645\u0646\u062e\u0641\u0636\u0629 \u0627\u0644\u062a\u0647\u064a\u062c\u060c \u0645\u0646\u0627\u0633\u0628\u0629 \u0644\u0644\u0628\u0634\u0631\u0629 \u0627\u0644\u062d\u0633\u0627\u0633\u0629.<br \/>\n\u2022 \u0645\u062b\u0627\u0644\u064a \u0644\u0644\u0639\u0646\u0627\u064a\u0629 \u0628\u0639\u062f \u0627\u0644\u0628\u062b\u0648\u0631 \u0623\u0648 \u0627\u0644\u062a\u0647\u064a\u062c \u0627\u0644\u0645\u0648\u0636\u0639\u064a.<\/p>\n<p dir=\"ltr\" style=\"text-align: center;\">\u200e\ud83c\uddec\ud83c\udde7 Medicube Azelaic Acid Exosome Shot 2000 \u2013 Calms Redness, Refines Texture &amp; Soothes Sensitive Skin<br \/>\n\u200e\ud83c\uddeb\ud83c\uddf7 Medicube S\u00e9rum Az\u00e9la\u00efque Exosome Shot 2000 \u2013 Apaise les Rougeurs, Affine la Texture &amp; Soin Peau Sensible<\/p>\n<p><!--EndFragment --><\/p>","protected":false},"excerpt":{"rendered":"<p>\u0633\u064a\u0631\u0648\u0645 \u0645\u0631\u0643\u0632 \u0645\u0635\u0645\u0645 \u0644\u0644\u0639\u0646\u0627\u064a\u0629 \u0628\u0627\u0644\u0628\u0634\u0631\u0629 \u0627\u0644\u062d\u0633\u0627\u0633\u0629 \u0623\u0648 \u0627\u0644\u0645\u0639\u0631\u0636\u0629 \u0644\u0644\u0628\u0642\u0639 \u0648\u0627\u0644\u0627\u062d\u0645\u0631\u0627\u0631. \u064a\u062d\u062a\u0648\u064a \u0639\u0644\u0649 \u062d\u0645\u0636 \u0627\u0644\u0623\u0632\u064a\u0644\u064a\u0643 \u0627\u0644\u0630\u064a \u064a\u0633\u0627\u0639\u062f \u0639\u0644\u0649 \u062a\u0642\u0644\u064a\u0644 \u0627\u0644\u0627\u0644\u062a\u0647\u0627\u0628\u0627\u062a \u0648\u062a\u0646\u0642\u064a\u0629 \u0627\u0644\u0628\u0634\u0631\u0629\u060c \u0625\u0644\u0649 \u062c\u0627\u0646\u0628 \u0646\u064a\u0627\u0633\u064a\u0646\u0627\u0645\u064a\u062f \u0644\u062a\u0648\u062d\u064a\u062f \u0644\u0648\u0646 \u0627\u0644\u0628\u0634\u0631\u0629\u060c \u0648\u0625\u0643\u0633\u0648\u0632\u0648\u0645\u0627\u062a \u0644\u062a\u062d\u0633\u064a\u0646 \u0645\u0644\u0645\u0633 \u0627\u0644\u062c\u0644\u062f \u0648\u062a\u0639\u0632\u064a\u0632 \u062a\u062c\u062f\u064a\u062f \u0627\u0644\u062e\u0644\u0627\u064a\u0627. \u0627\u0644\u062a\u0631\u0643\u064a\u0628\u0629 \u062e\u0627\u0644\u064a\u0629 \u0645\u0646 \u0627\u0644\u0632\u064a\u0648\u062a \u0627\u0644\u0645\u0639\u062f\u0646\u064a\u0629\u060c \u0627\u0644\u0628\u0627\u0631\u0627\u0628\u064a\u0646\u060c \u0648\u0627\u0644\u0643\u062d\u0648\u0644 \u0627\u0644\u0642\u0627\u0633\u064a\u060c \u0648\u0645\u062e\u062a\u0628\u0631\u0629 \u0645\u0646 \u0642\u0628\u0644 \u0623\u0637\u0628\u0627\u0621 \u0627\u0644\u062c\u0644\u062f\u064a\u0629 \u0644\u062a\u0646\u0627\u0633\u0628 \u0627\u0644\u0628\u0634\u0631\u0629 \u0627\u0644\u062d\u0633\u0627\u0633\u0629. \u0627\u0644\u0645\u0643\u0648\u0646\u0627\u062a \u0648\u0627\u0644\u062e\u0635\u0627\u0626\u0635 \u0627\u0644\u0631\u0626\u064a\u0633\u064a\u0629: \u2022 Azelaic [&hellip;]<\/p>\n","protected":false},"featured_media":33838,"template":"","meta":[],"pwb-brand":[1393],"product_brand":[],"product_cat":[1230,1227,1121,1123],"product_tag":[675,697,671,763],"class_list":{"0":"post-33836","1":"product","2":"type-product","3":"status-publish","4":"has-post-thumbnail","6":"pwb-brand-medicube","7":"product_cat-face-serum","8":"product_cat-face-renew","9":"product_cat-face-moist","10":"product_cat-face-bright","11":"product_tag-spots","12":"product_tag-moisturizing","13":"product_tag-pigmentation","14":"product_tag-korean-product-2","16":"first","17":"outofstock","18":"shipping-taxable","19":"product-type-variable","20":"has-default-attributes","21":"wvs-archive-product-wrapper"},"brands":[{"id":1393,"name":"MediCube","slug":"medicube"}],"_links":{"self":[{"href":"https:\/\/gopinkish.com\/en\/wp-json\/wp\/v2\/product\/33836","targetHints":{"allow":["GET"]}}],"collection":[{"href":"https:\/\/gopinkish.com\/en\/wp-json\/wp\/v2\/product"}],"about":[{"href":"https:\/\/gopinkish.com\/en\/wp-json\/wp\/v2\/types\/product"}],"wp:featuredmedia":[{"embeddable":true,"href":"https:\/\/gopinkish.com\/en\/wp-json\/wp\/v2\/media\/33838"}],"wp:attachment":[{"href":"https:\/\/gopinkish.com\/en\/wp-json\/wp\/v2\/media?parent=33836"}],"wp:term":[{"taxonomy":"pwb-brand","embeddable":true,"href":"https:\/\/gopinkish.com\/en\/wp-json\/wp\/v2\/pwb-brand?post=33836"},{"taxonomy":"product_brand","embeddable":true,"href":"https:\/\/gopinkish.com\/en\/wp-json\/wp\/v2\/product_brand?post=33836"},{"taxonomy":"product_cat","embeddable":true,"href":"https:\/\/gopinkish.com\/en\/wp-json\/wp\/v2\/product_cat?post=33836"},{"taxonomy":"product_tag","embeddable":true,"href":"https:\/\/gopinkish.com\/en\/wp-json\/wp\/v2\/product_tag?post=33836"}],"curies":[{"name":"wp","href":"https:\/\/api.w.org\/{rel}","templated":true}]}}