{"id":33819,"date":"2025-11-20T17:44:36","date_gmt":"2025-11-20T16:44:36","guid":{"rendered":"https:\/\/gopinkish.com\/?post_type=product&#038;p=33819"},"modified":"2026-01-31T19:18:34","modified_gmt":"2026-01-31T18:18:34","slug":"8800256108053","status":"publish","type":"product","link":"https:\/\/gopinkish.com\/en\/product\/8800256108053\/","title":{"rendered":"Pink anti-wrinkle serum for a natural glow"},"content":{"rendered":"<p><!--StartFragment --><\/p>\n<p style=\"text-align: justify;\">A dual-action treatment serum that works to minimize fine lines and improve skin's radiance. Contains 10,000ppm of salmon-derived PDRN, a component similar to human DNA, which promotes cell renewal and improves skin elasticity. The formula is enriched with salmon collagen, 5 types of peptides, niacinamide, and turmeric extract to brighten skin and reduce dark spots, with a vegan formula free of artificial fragrances and colorants.<\/p>\n<p style=\"text-align: justify;\"><strong>Key ingredients and properties:<\/strong><br \/>\n- Salmon PDRN (10,000ppm): Promotes skin regeneration and improves elasticity.<br \/>\n- Salmon Collagen Complex: Provides healthy fullness to the skin.<br \/>\n- 5 Peptides: Reduces wrinkles and stimulates collagen production.<br \/>\n- Niacinamide + Turmeric Root Extract: Brightens skin and reduces pigmentation.<br \/>\n- Balanced pH (5.8-7.8), free of artificial fragrances and colorants.<br \/>\n- Vegan, cruelty-free formula, suitable for sensitive skin.<\/p>\n<p style=\"text-align: justify;\"><strong>Key features and benefits:<\/strong><br \/>\n- Reduces fine lines and wrinkles in two weeks.<br \/>\n- Gives a natural rosy glow to dull skin.<br \/>\n- Improves skin elasticity and gives the skin a firmer appearance.<br \/>\n- Reduces dark spots and evens out skin tone.<br \/>\n- Suitable for all skin types, including sensitive and oily.<\/p>\n<p dir=\"ltr\" style=\"text-align: center;\">\ud83c\uddec\ud83c\udde7 Medicube PDRN Pink Peptide Serum - Anti-Wrinkle &amp; Brightening Care, Salmon DNA &amp; Collagen Boost<br \/>\n\ud83c\uddeb\ud83c\uddf7 Medicube S\u00e9rum PDRN Peptide Rose - Soin Anti-Rides &amp; \u00c9clat, ADN de Saumon &amp; Collag\u00e8ne<\/p>\n<p><!--EndFragment --><\/p>","protected":false},"excerpt":{"rendered":"<p>\u0633\u064a\u0631\u0648\u0645 \u0639\u0644\u0627\u062c\u064a \u0645\u0632\u062f\u0648\u062c \u0627\u0644\u0641\u0639\u0627\u0644\u064a\u0629\u060c \u064a\u0639\u0645\u0644 \u0639\u0644\u0649 \u062a\u0642\u0644\u064a\u0644 \u0627\u0644\u062e\u0637\u0648\u0637 \u0627\u0644\u062f\u0642\u064a\u0642\u0629 \u0648\u062a\u062d\u0633\u064a\u0646 \u0625\u0634\u0631\u0627\u0642\u0629 \u0627\u0644\u0628\u0634\u0631\u0629. \u064a\u062d\u062a\u0648\u064a \u0639\u0644\u0649 10,000ppm \u0645\u0646 PDRN \u0627\u0644\u0645\u0633\u062a\u062e\u0644\u0635 \u0645\u0646 \u0627\u0644\u0633\u0644\u0645\u0648\u0646\u060c \u0648\u0647\u0648 \u0645\u0643\u0648\u0646 \u0645\u0634\u0627\u0628\u0647 \u0644\u0644\u062d\u0645\u0636 \u0627\u0644\u0646\u0648\u0648\u064a \u0627\u0644\u0628\u0634\u0631\u064a\u060c \u064a\u0639\u0632\u0632 \u062a\u062c\u062f\u064a\u062f \u0627\u0644\u062e\u0644\u0627\u064a\u0627 \u0648\u064a\u062d\u0633\u0646 \u0645\u0631\u0648\u0646\u0629 \u0627\u0644\u0628\u0634\u0631\u0629. \u0627\u0644\u062a\u0631\u0643\u064a\u0628\u0629 \u0645\u062f\u0639\u0645\u0629 \u0628\u0640 \u0643\u0648\u0644\u0627\u062c\u064a\u0646 \u0627\u0644\u0633\u0644\u0645\u0648\u0646\u060c 5 \u0623\u0646\u0648\u0627\u0639 \u0645\u0646 \u0627\u0644\u0628\u0628\u062a\u064a\u062f\u0627\u062a\u060c \u0646\u064a\u0627\u0633\u064a\u0646\u0627\u0645\u064a\u062f\u060c \u0648\u0645\u0633\u062a\u062e\u0644\u0635 \u0627\u0644\u0643\u0631\u0643\u0645 \u0644\u062a\u0641\u062a\u064a\u062d \u0627\u0644\u0628\u0634\u0631\u0629 \u0648\u062a\u0642\u0644\u064a\u0644 \u0627\u0644\u0628\u0642\u0639 \u0627\u0644\u062f\u0627\u0643\u0646\u0629\u060c \u0645\u0639 \u062a\u0631\u0643\u064a\u0628\u0629 \u0646\u0628\u0627\u062a\u064a\u0629 \u062e\u0627\u0644\u064a\u0629 \u0645\u0646 \u0627\u0644\u0639\u0637\u0648\u0631 [&hellip;]<\/p>\n","protected":false},"featured_media":33822,"template":"","meta":[],"pwb-brand":[1393],"product_brand":[],"product_cat":[1227,1121,1123],"product_tag":[672,675,685,1013,671,763],"class_list":{"0":"post-33819","1":"product","2":"type-product","3":"status-publish","4":"has-post-thumbnail","6":"pwb-brand-medicube","7":"product_cat-face-renew","8":"product_cat-face-moist","9":"product_cat-face-bright","10":"product_tag-wrinkles","11":"product_tag-spots","12":"product_tag-brightening","13":"product_tag-1013","14":"product_tag-pigmentation","15":"product_tag-korean-product-2","17":"first","18":"outofstock","19":"shipping-taxable","20":"product-type-variable","21":"has-default-attributes","22":"wvs-archive-product-wrapper"},"brands":[{"id":1393,"name":"MediCube","slug":"medicube"}],"_links":{"self":[{"href":"https:\/\/gopinkish.com\/en\/wp-json\/wp\/v2\/product\/33819","targetHints":{"allow":["GET"]}}],"collection":[{"href":"https:\/\/gopinkish.com\/en\/wp-json\/wp\/v2\/product"}],"about":[{"href":"https:\/\/gopinkish.com\/en\/wp-json\/wp\/v2\/types\/product"}],"wp:featuredmedia":[{"embeddable":true,"href":"https:\/\/gopinkish.com\/en\/wp-json\/wp\/v2\/media\/33822"}],"wp:attachment":[{"href":"https:\/\/gopinkish.com\/en\/wp-json\/wp\/v2\/media?parent=33819"}],"wp:term":[{"taxonomy":"pwb-brand","embeddable":true,"href":"https:\/\/gopinkish.com\/en\/wp-json\/wp\/v2\/pwb-brand?post=33819"},{"taxonomy":"product_brand","embeddable":true,"href":"https:\/\/gopinkish.com\/en\/wp-json\/wp\/v2\/product_brand?post=33819"},{"taxonomy":"product_cat","embeddable":true,"href":"https:\/\/gopinkish.com\/en\/wp-json\/wp\/v2\/product_cat?post=33819"},{"taxonomy":"product_tag","embeddable":true,"href":"https:\/\/gopinkish.com\/en\/wp-json\/wp\/v2\/product_tag?post=33819"}],"curies":[{"name":"wp","href":"https:\/\/api.w.org\/{rel}","templated":true}]}}